{"id":10918,"date":"2026-02-13T20:10:43","date_gmt":"2026-02-13T19:10:43","guid":{"rendered":"https:\/\/linguaessence.com\/?post_type=product&#038;p=10918"},"modified":"2026-02-16T18:37:05","modified_gmt":"2026-02-16T17:37:05","slug":"ebook-business-mettings-language-czesc-2-angielski-polski","status":"publish","type":"product","link":"https:\/\/linguaessence.com\/pl\/produkt\/ebook-business-mettings-language-czesc-2-angielski-polski\/","title":{"rendered":"Ebook Business Mettings Language Cz\u0119\u015b\u0107 2 (Angielski &#8211; Polski)"},"content":{"rendered":"<div class=\"wpb-content-wrapper\"><p>[vc_row full_width=&#8221;stretch_row&#8221; woodmart_stretch_content=&#8221;section-stretch&#8221; css=&#8221;.vc_custom_1703696359349{margin-bottom: 20px !important;}&#8221; woodmart_css_id=&#8221;658c57dfbb905&#8243; responsive_spacing=&#8221;eyJwYXJhbV90eXBlIjoid29vZG1hcnRfcmVzcG9uc2l2ZV9zcGFjaW5nIiwic2VsZWN0b3JfaWQiOiI2NThjNTdkZmJiOTA1Iiwic2hvcnRjb2RlIjoidmNfcm93IiwiZGF0YSI6eyJ0YWJsZXQiOnt9LCJtb2JpbGUiOnt9fX0=&#8221; mobile_bg_img_hidden=&#8221;no&#8221; tablet_bg_img_hidden=&#8221;no&#8221; woodmart_parallax=&#8221;0&#8243; woodmart_gradient_switch=&#8221;no&#8221; woodmart_box_shadow=&#8221;no&#8221; wd_z_index=&#8221;no&#8221; woodmart_disable_overflow=&#8221;0&#8243; row_reverse_mobile=&#8221;0&#8243; row_reverse_tablet=&#8221;0&#8243;][vc_column css=&#8221;.vc_custom_1484657273903{padding-top: 0px !important;}&#8221;]\t\t<div id=\"wd-698f779719cdd\" class=\"wd-text-block wd-wpb reset-last-child wd-rs-698f779719cdd hidden-md hidden-sm hidden-xs text-center wd-font-weight-700 wd-fontsize-custom font-primary vc_custom_1771009961739\">\n\t\t\t<p>ESSENCE<\/p>\n\t\t<\/div>\n\t\t\n\t\t<div id=\"wd-6889251eac644\" class=\"title-wrapper wd-wpb wd-set-mb reset-last-child  wd-rs-6889251eac644 wd-title-color-default wd-title-style-default text-center vc_custom_1753818403972 wd-width-custom wd-underline-colored\">\n\t\t\t\n\t\t\t<div class=\"liner-continer\">\n\t\t\t\t<h2 class=\"woodmart-title-container title  wd-font-weight- wd-fontsize-l\" >Chcesz podnie\u015b\u0107 <u>swoje umiej\u0119tno\u015bci<\/u> j\u0119zykowe w biznesie na wy\u017cszy poziom?<\/h2>\n\t\t\t\t\t\t\t<\/div>\n\t\t\t\n\t\t\t\n\t\t\t\n\t\t<\/div>\n\t\t\n\t\t[\/vc_column][\/vc_row][vc_row equal_height=&#8221;yes&#8221; content_placement=&#8221;middle&#8221; wd_z_index=&#8221;no&#8221; woodmart_css_id=&#8221;658c874a29865&#8243; responsive_spacing=&#8221;eyJwYXJhbV90eXBlIjoid29vZG1hcnRfcmVzcG9uc2l2ZV9zcGFjaW5nIiwic2VsZWN0b3JfaWQiOiI2NThjODc0YTI5ODY1Iiwic2hvcnRjb2RlIjoidmNfcm93IiwiZGF0YSI6eyJ0YWJsZXQiOnt9LCJtb2JpbGUiOnsibWFyZ2luLWJvdHRvbSI6IjMwcHgifX19&#8243; mobile_bg_img_hidden=&#8221;no&#8221; tablet_bg_img_hidden=&#8221;no&#8221; woodmart_parallax=&#8221;0&#8243; woodmart_gradient_switch=&#8221;no&#8221; row_reverse_mobile=&#8221;0&#8243; row_reverse_tablet=&#8221;0&#8243; woodmart_disable_overflow=&#8221;0&#8243; woodmart_box_shadow=&#8221;no&#8221;][vc_column width=&#8221;1\/2&#8243; css=&#8221;.vc_custom_1484657119633{padding-top: 0px !important;}&#8221;]\t\t<div id=\"wd-6990bd094cd88\" data-parallax='{\"y\":\"-80\",\"smoothness\":\"30\"}' class=\"wd-image wd-wpb wd-rs-6990bd094cd88 text-left \">\n\t\t\t\n\t\t\t<img loading=\"lazy\" decoding=\"async\" width=\"900\" height=\"954\" src=\"https:\/\/linguaessence.com\/wp-content\/uploads\/2026\/02\/okladka_ebook-part2.webp\" class=\"attachment-full size-full\" alt=\"Ebook Business Mettings Language PART 2\" srcset=\"https:\/\/linguaessence.com\/wp-content\/uploads\/2026\/02\/okladka_ebook-part2.webp 900w, https:\/\/linguaessence.com\/wp-content\/uploads\/2026\/02\/okladka_ebook-part2-283x300.webp 283w, https:\/\/linguaessence.com\/wp-content\/uploads\/2026\/02\/okladka_ebook-part2-755x800.webp 755w, https:\/\/linguaessence.com\/wp-content\/uploads\/2026\/02\/okladka_ebook-part2-768x814.webp 768w, https:\/\/linguaessence.com\/wp-content\/uploads\/2026\/02\/okladka_ebook-part2-430x456.webp 430w, https:\/\/linguaessence.com\/wp-content\/uploads\/2026\/02\/okladka_ebook-part2-700x742.webp 700w, https:\/\/linguaessence.com\/wp-content\/uploads\/2026\/02\/okladka_ebook-part2-150x159.webp 150w\" sizes=\"auto, (max-width: 900px) 100vw, 900px\" \/>\n\t\t\t\t\t<\/div>\n\t\t[\/vc_column][vc_column width=&#8221;1\/2&#8243;]\t\t<div id=\"wd-699355b77fed6\" class=\"wd-text-block wd-wpb reset-last-child wd-rs-699355b77fed6 text-left \">\n\t\t\t<h2><span style=\"color: #333333;\"><strong>Cz\u0119\u015b\u0107 II <\/strong><strong>\u00a0&#8211; Tematy:<\/strong><\/span><\/h2>\n<ul>\n<li><strong>Kaizen<\/strong><\/li>\n<li><strong>jak um\u00f3wi\u0107 spotkanie<\/strong><\/li>\n<li><strong>jak odwo\u0142a\u0107 lub przesun\u0105\u0107 spotkanie<\/strong><\/li>\n<li><strong>wyzwania w pracy \u2013 du\u017ce ob\u0142o\u017cenie<\/strong><\/li>\n<li><span style=\"color: #333333;\"><strong>STRUKTURA SPOTKANIA:<\/strong> <\/span>\n<ul>\n<li><strong>przywitanie<\/strong><\/li>\n<li><strong>cel spotkania i agenda<\/strong><\/li>\n<li><strong>pilne sprawy, om\u00f3wienie obecnych zada\u0144 i projekt\u00f3w (KPI, monitoring)<\/strong><\/li>\n<li><strong>kolejne kroki <\/strong><\/li>\n<li><strong>podsumowanie i pozytywne zako\u0144czenie<\/strong><\/li>\n<\/ul>\n<\/li>\n<\/ul>\n\t\t<\/div>\n\t\t[\/vc_column][\/vc_row][vc_row full_width=&#8221;stretch_row&#8221; content_placement=&#8221;middle&#8221; woodmart_stretch_content=&#8221;section-stretch&#8221; css=&#8221;.vc_custom_1703703618810{margin-bottom: 80px !important;padding-top: 20px !important;padding-bottom: 20px !important;background: rgba(255,255,255,0.15) url(https:\/\/linguaessence.com\/wp-content\/uploads\/2017\/06\/tlo_ebook_lingua.webp?id=9513) !important;*background-color: rgb(255,255,255) !important;}&#8221; woodmart_css_id=&#8221;658c7436b5aeb&#8221; responsive_spacing=&#8221;eyJwYXJhbV90eXBlIjoid29vZG1hcnRfcmVzcG9uc2l2ZV9zcGFjaW5nIiwic2VsZWN0b3JfaWQiOiI2NThjNzQzNmI1YWViIiwic2hvcnRjb2RlIjoidmNfcm93IiwiZGF0YSI6eyJ0YWJsZXQiOnt9LCJtb2JpbGUiOnt9fX0=&#8221; mobile_bg_img_hidden=&#8221;no&#8221; tablet_bg_img_hidden=&#8221;no&#8221; woodmart_parallax=&#8221;0&#8243; woodmart_gradient_switch=&#8221;no&#8221; row_reverse_mobile=&#8221;0&#8243; row_reverse_tablet=&#8221;0&#8243; woodmart_disable_overflow=&#8221;0&#8243; woodmart_box_shadow=&#8221;no&#8221; wd_z_index=&#8221;no&#8221;][vc_column css=&#8221;.vc_custom_1628587496966{margin-bottom: 20px !important;padding-top: 0px !important;}&#8221; offset=&#8221;vc_col-lg-6 vc_col-md-12&#8243; woodmart_css_id=&#8221;611245e4aee29&#8243; responsive_spacing=&#8221;eyJwYXJhbV90eXBlIjoid29vZG1hcnRfcmVzcG9uc2l2ZV9zcGFjaW5nIiwic2VsZWN0b3JfaWQiOiI2MTEyNDVlNGFlZTI5Iiwic2hvcnRjb2RlIjoidmNfY29sdW1uIiwiZGF0YSI6eyJ0YWJsZXQiOnt9LCJtb2JpbGUiOnt9fX0=&#8221; parallax_scroll=&#8221;no&#8221; mobile_bg_img_hidden=&#8221;no&#8221; tablet_bg_img_hidden=&#8221;no&#8221; woodmart_parallax=&#8221;0&#8243; woodmart_sticky_column=&#8221;false&#8221; mobile_reset_margin=&#8221;no&#8221; tablet_reset_margin=&#8221;no&#8221;][vc_row_inner content_placement=&#8221;top&#8221;][vc_column_inner]\t\t\t<div class=\"info-box-wrapper\">\n\t\t\t\t<div id=\"wd-698f78efad83a\" class=\" wd-animation wd-transform wd-animation-right-flip-y wd-animation-slow wd-rs-698f78efad83a wd-info-box wd-wpb text-left box-icon-align-top box-style-border color-scheme- wd-bg-none vc_custom_1771010353091\">\n\t\t\t\t\t\t\t\t\t\t\t<div class=\"box-icon-wrapper  box-with-text text-size-small box-icon-simple\">\n\t\t\t\t\t\t\t<div class=\"info-box-icon\">\n\t\t\t\t\t\t\t\tCo znajdziesz w \u015brodku?\t\t\t\t\t\t\t<\/div>\n\t\t\t\t\t\t<\/div>\n\t\t\t\t\t\t\t\t\t\t<div class=\"info-box-content\">\n\t\t\t\t\t\t\t\t\t\t\t\t<div class=\"info-box-inner reset-last-child\"><\/p>\n<ul>\n<li><span style=\"color: #333333;\"><strong>Wieloletnie do\u015bwiadczenie<\/strong> <strong>biznesowe<\/strong> w zespo\u0142ach globalnych <strong>skondensowane<\/strong> w jednym miejscu!<\/span><\/li>\n<li><span style=\"color: #333333;\">Ogromny wyb\u00f3r <strong>autentycznych i praktycznych<\/strong> wyra\u017ce\u0144 biznesowych <strong>w kontek\u015bcie<\/strong>:\u00a0<\/span>\n<ul>\n<li><span style=\"color: #333333;\">wybierz swoje ulubione wyra\u017cenia i u\u017cyj ich natychmiast!<\/span><\/li>\n<li><span style=\"color: #333333;\">wiele zwrot\u00f3w mo\u017cna zastosowa\u0107 tak\u017ce poza kontekstem biznesowym.<\/span><\/li>\n<\/ul>\n<\/li>\n<li><span style=\"color: #333333;\"><strong>Wizualne skojrzenia graficzne<\/strong> dla lepszego <strong>zapami\u0119tywania<\/strong>.<\/span><\/li>\n<li><span style=\"color: #333333;\"><strong>Setki wyra\u017ce\u0144 synonimicznych, frazali i idiom\u00f3w<\/strong> \u2013 to pomo\u017ce poszerzy\u0107 ci s\u0142ownictwo biznesowe do astronomicznych poziom\u00f3w.<\/span><\/li>\n<li><span style=\"color: #333333;\"><strong>Cytaty<\/strong> zwi\u0105zane z biznesem.<\/span><\/li>\n<li><span style=\"color: #333333;\"><strong>Notatnik BONUS Lingua Essence<\/strong> (\u015aledzenie post\u0119p\u00f3w), w kt\u00f3rym zapiszesz swoje nowe\/<strong>ulubione frazy w jednym miejscu<\/strong>. Powtarzaj je wygodnie i systematycznie.<\/span><\/li>\n<\/ul>\n<p>\n<\/div>\n\n\t\t\t\t\t\t\t\t\t\t\t<\/div>\n\n\t\t\t\t\t\n\t\t\t\t\t\t\t\t\t<\/div>\n\t\t\t<\/div>\n\t\t[\/vc_column_inner][\/vc_row_inner][\/vc_column][vc_column woodmart_bg_position=&#8221;center-center&#8221; css=&#8221;.vc_custom_1628587511402{margin-bottom: 20px !important;padding-top: 0px !important;background-position: 0 0 !important;background-repeat: no-repeat !important;}&#8221; offset=&#8221;vc_col-lg-6 vc_col-md-12&#8243; woodmart_css_id=&#8221;611245f3a62cd&#8221; responsive_spacing=&#8221;eyJwYXJhbV90eXBlIjoid29vZG1hcnRfcmVzcG9uc2l2ZV9zcGFjaW5nIiwic2VsZWN0b3JfaWQiOiI2MTEyNDVmM2E2MmNkIiwic2hvcnRjb2RlIjoidmNfY29sdW1uIiwiZGF0YSI6eyJ0YWJsZXQiOnt9LCJtb2JpbGUiOnt9fX0=&#8221; parallax_scroll=&#8221;no&#8221; mobile_bg_img_hidden=&#8221;no&#8221; tablet_bg_img_hidden=&#8221;no&#8221; woodmart_parallax=&#8221;0&#8243; woodmart_sticky_column=&#8221;false&#8221; mobile_reset_margin=&#8221;no&#8221; tablet_reset_margin=&#8221;no&#8221;][vc_row_inner content_placement=&#8221;top&#8221;][vc_column_inner]\t\t\t<div class=\"info-box-wrapper\">\n\t\t\t\t<div id=\"wd-690cf298a54ed\" class=\" wd-animation wd-transform wd-animation-left-flip-y wd-animation-slow wd-rs-690cf298a54ed wd-info-box wd-wpb text-left box-icon-align-top box-style-border color-scheme-dark wd-bg-none vc_custom_1762456229460\">\n\t\t\t\t\t\t\t\t\t\t\t<div class=\"box-icon-wrapper  box-with-text text-size-small box-icon-simple\">\n\t\t\t\t\t\t\t<div class=\"info-box-icon\">\n\t\t\t\t\t\t\t\tDla kogo jest ta seria eBook\u00f3w?\t\t\t\t\t\t\t<\/div>\n\t\t\t\t\t\t<\/div>\n\t\t\t\t\t\t\t\t\t\t<div class=\"info-box-content\">\n\t\t\t\t\t\t\t\t\t\t\t\t<div class=\"info-box-inner reset-last-child\"><\/p>\n<ol>\n<li style=\"list-style-type: none;\">\n<ol>\n<li><span style=\"color: #333333;\">Jest przeznaczony dla os\u00f3b na ka\u017cdym etapie kariery, od tych dopiero rozpoczynaj\u0105cych nauk\u0119 (<strong>studenci<\/strong>) po <strong>profesjonalist\u00f3w<\/strong>, kt\u00f3rzy chc\u0105 podnie\u015b\u0107 sw\u00f3j poziom r\u00f3\u017cnych j\u0119zyk\u00f3w obcych.<\/span><\/li>\n<li><span style=\"color: #333333;\"><strong>Minimalny<\/strong> zalecany poziom to <strong>B1<\/strong>, ale je\u015bli jeste\u015b ambitny i masz podstawy z gramatyki na poziomie A2 to te\u017c znajdziesz co\u015b odpowiedniego dla siebie.<\/span><\/li>\n<li><span style=\"color: #333333;\">Jest dla ka\u017cdego, kto chce \u015bmia\u0142o uczestniczy\u0107 w <strong>mi\u0119dzynarodowych spotkaniach<\/strong> i doskonali\u0107 umiej\u0119tno\u015bci komunikacji w r\u00f3\u017cnych j\u0119zykach.<\/span><\/li>\n<li>UWAGA: to nie jest kurs wymowy. Wersja czytana (audiobook) b\u0119dzie dost\u0119pna do zakupu osobno wkr\u00f3tce.<\/li>\n<\/ol>\n<\/li>\n<\/ol>\n<p><span style=\"color: #333333;\">Polecamy aplikacj\u0119 Quizlet lub inn\u0105 z fiszkami, je\u017celi chcieliby\u015bcie us\u0142ysze\u0107 wymow\u0119.<\/span><\/p>\n<\/div>\n\n\t\t\t\t\t\t\t\t\t\t\t<\/div>\n\n\t\t\t\t\t\n\t\t\t\t\t\t\t\t\t<\/div>\n\t\t\t<\/div>\n\t\t\t\t\t<div class=\"info-box-wrapper\">\n\t\t\t\t<div id=\"wd-6889253a4dbca\" class=\" wd-animation wd-transform wd-animation-left-flip-y wd-animation-slow wd-rs-6889253a4dbca wd-info-box wd-wpb text-left box-icon-align-top box-style-border color-scheme-dark wd-bg-none vc_custom_1753818431592\">\n\t\t\t\t\t\t\t\t\t\t\t<div class=\"box-icon-wrapper  box-with-text text-size-small box-icon-simple\">\n\t\t\t\t\t\t\t<div class=\"info-box-icon\">\n\t\t\t\t\t\t\t\tCzego nie znajdziesz w tym eBooku:\t\t\t\t\t\t\t<\/div>\n\t\t\t\t\t\t<\/div>\n\t\t\t\t\t\t\t\t\t\t<div class=\"info-box-content\">\n\t\t\t\t\t\t\t\t\t\t\t\t<div class=\"info-box-inner reset-last-child\"><\/p>\n<ul>\n<li><span style=\"color: #333333;\">rozwlek\u0142ych zagadnie\u0144 gramatycznych<\/span><\/li>\n<li><span style=\"color: #333333;\">d\u0142ugich teorii i wyja\u015bnie\u0144 &#8211; opisy s\u0105 zwi\u0119z\u0142e i w punkt : )<\/span><\/li>\n<\/ul>\n<p>\n<\/div>\n\n\t\t\t\t\t\t\t\t\t\t\t<\/div>\n\n\t\t\t\t\t\n\t\t\t\t\t\t\t\t\t<\/div>\n\t\t\t<\/div>\n\t\t[\/vc_column_inner][\/vc_row_inner][\/vc_column][\/vc_row]<\/p>\n<\/div>","protected":false},"excerpt":{"rendered":"<p>Je\u017celi twoj\u0105 amibcj\u0105 jest pos\u0142ugiwanie si\u0119 j\u0119zykami <strong>angielskim<\/strong> i <strong>polskim<\/strong> na profesjonalnym poziomie to <strong>ten eBook ci pomo\u017ce<\/strong>!<\/p>\n<p>Moj\u0105 misj\u0105 jest przekazanie czytelnikowi jak nawi\u0119kszej <strong>warto\u015bci<\/strong>. Nie po\u017ca\u0142ujesz!<\/p>\n<p><strong>Autentyczne i przemy\u015blane zwroty<\/strong> u\u017cywane w \u015bwiecie<strong> korporacyjnym i biznesowym<\/strong>.<\/p>\n","protected":false},"featured_media":10955,"template":"","meta":[],"product_brand":[],"product_cat":[109],"product_tag":[106,176],"class_list":{"0":"post-10918","1":"product","2":"type-product","3":"status-publish","4":"has-post-thumbnail","6":"product_cat-ebook-pl","7":"product_tag-ebook-pl","8":"product_tag-english","9":"pa_format-pdf-pl","10":"pa_language-angielski-polski","12":"first","13":"outofstock","14":"downloadable","15":"virtual","16":"sold-individually","17":"taxable","18":"purchasable","19":"product-type-simple"},"yoast_head":"<!-- This site is optimized with the Yoast SEO plugin v27.4 - https:\/\/yoast.com\/product\/yoast-seo-wordpress\/ -->\n<title>Business Mettings Language Cz\u0119\u015b\u0107 2 (Angielski - Polski)<\/title>\n<meta name=\"description\" content=\"Je\u017celi twoj\u0105 ambicj\u0105 jest pos\u0142ugiwanie si\u0119 j\u0119zykami angielskim i polskim na profesjonalnym poziomie to ten eBook ci pomo\u017ce!\" \/>\n<meta name=\"robots\" content=\"index, follow, max-snippet:-1, max-image-preview:large, max-video-preview:-1\" \/>\n<link rel=\"canonical\" href=\"https:\/\/linguaessence.com\/pl\/produkt\/ebook-business-mettings-language-czesc-2-angielski-polski\/\" \/>\n<meta property=\"og:locale\" content=\"pl_PL\" \/>\n<meta property=\"og:type\" content=\"article\" \/>\n<meta property=\"og:title\" content=\"Business Mettings Language Cz\u0119\u015b\u0107 2 (Angielski - Polski)\" \/>\n<meta property=\"og:description\" content=\"Je\u017celi twoj\u0105 ambicj\u0105 jest pos\u0142ugiwanie si\u0119 j\u0119zykami angielskim i polskim na profesjonalnym poziomie to ten eBook ci pomo\u017ce!\" \/>\n<meta property=\"og:url\" content=\"https:\/\/linguaessence.com\/pl\/produkt\/ebook-business-mettings-language-czesc-2-angielski-polski\/\" \/>\n<meta property=\"og:site_name\" content=\"linguaessence\" \/>\n<meta property=\"article:modified_time\" content=\"2026-02-16T17:37:05+00:00\" \/>\n<meta property=\"og:image\" content=\"https:\/\/linguaessence.com\/wp-content\/uploads\/2026\/02\/ebook-business-mettings-language-part-2-pl-cover.webp\" \/>\n\t<meta property=\"og:image:width\" content=\"720\" \/>\n\t<meta property=\"og:image:height\" content=\"720\" \/>\n\t<meta property=\"og:image:type\" content=\"image\/webp\" \/>\n<meta name=\"twitter:card\" content=\"summary_large_image\" \/>\n<meta name=\"twitter:label1\" content=\"Szacowany czas czytania\" \/>\n\t<meta name=\"twitter:data1\" content=\"4 minuty\" \/>\n<script type=\"application\/ld+json\" class=\"yoast-schema-graph\">{\"@context\":\"https:\\\/\\\/schema.org\",\"@graph\":[{\"@type\":\"WebPage\",\"@id\":\"https:\\\/\\\/linguaessence.com\\\/pl\\\/produkt\\\/ebook-business-mettings-language-czesc-2-angielski-polski\\\/\",\"url\":\"https:\\\/\\\/linguaessence.com\\\/pl\\\/produkt\\\/ebook-business-mettings-language-czesc-2-angielski-polski\\\/\",\"name\":\"Business Mettings Language Cz\u0119\u015b\u0107 2 (Angielski - Polski)\",\"isPartOf\":{\"@id\":\"https:\\\/\\\/linguaessence.com\\\/#website\"},\"primaryImageOfPage\":{\"@id\":\"https:\\\/\\\/linguaessence.com\\\/pl\\\/produkt\\\/ebook-business-mettings-language-czesc-2-angielski-polski\\\/#primaryimage\"},\"image\":{\"@id\":\"https:\\\/\\\/linguaessence.com\\\/pl\\\/produkt\\\/ebook-business-mettings-language-czesc-2-angielski-polski\\\/#primaryimage\"},\"thumbnailUrl\":\"https:\\\/\\\/linguaessence.com\\\/wp-content\\\/uploads\\\/2026\\\/02\\\/ebook-business-mettings-language-part-2-pl-cover.webp\",\"datePublished\":\"2026-02-13T19:10:43+00:00\",\"dateModified\":\"2026-02-16T17:37:05+00:00\",\"description\":\"Je\u017celi twoj\u0105 ambicj\u0105 jest pos\u0142ugiwanie si\u0119 j\u0119zykami angielskim i polskim na profesjonalnym poziomie to ten eBook ci pomo\u017ce!\",\"breadcrumb\":{\"@id\":\"https:\\\/\\\/linguaessence.com\\\/pl\\\/produkt\\\/ebook-business-mettings-language-czesc-2-angielski-polski\\\/#breadcrumb\"},\"inLanguage\":\"pl-PL\",\"potentialAction\":[{\"@type\":\"ReadAction\",\"target\":[\"https:\\\/\\\/linguaessence.com\\\/pl\\\/produkt\\\/ebook-business-mettings-language-czesc-2-angielski-polski\\\/\"]}]},{\"@type\":\"ImageObject\",\"inLanguage\":\"pl-PL\",\"@id\":\"https:\\\/\\\/linguaessence.com\\\/pl\\\/produkt\\\/ebook-business-mettings-language-czesc-2-angielski-polski\\\/#primaryimage\",\"url\":\"https:\\\/\\\/linguaessence.com\\\/wp-content\\\/uploads\\\/2026\\\/02\\\/ebook-business-mettings-language-part-2-pl-cover.webp\",\"contentUrl\":\"https:\\\/\\\/linguaessence.com\\\/wp-content\\\/uploads\\\/2026\\\/02\\\/ebook-business-mettings-language-part-2-pl-cover.webp\",\"width\":720,\"height\":720,\"caption\":\"Ebook Business Mettings Language PART 2\"},{\"@type\":\"BreadcrumbList\",\"@id\":\"https:\\\/\\\/linguaessence.com\\\/pl\\\/produkt\\\/ebook-business-mettings-language-czesc-2-angielski-polski\\\/#breadcrumb\",\"itemListElement\":[{\"@type\":\"ListItem\",\"position\":1,\"name\":\"Strona g\u0142\u00f3wna\",\"item\":\"https:\\\/\\\/linguaessence.com\\\/pl\\\/\"},{\"@type\":\"ListItem\",\"position\":2,\"name\":\"Sklep\",\"item\":\"https:\\\/\\\/linguaessence.com\\\/pl\\\/sklep\\\/\"},{\"@type\":\"ListItem\",\"position\":3,\"name\":\"Ebook Business Mettings Language Cz\u0119\u015b\u0107 2 (Angielski &#8211; Polski)\"}]},{\"@type\":\"WebSite\",\"@id\":\"https:\\\/\\\/linguaessence.com\\\/#website\",\"url\":\"https:\\\/\\\/linguaessence.com\\\/\",\"name\":\"linguaessence\",\"description\":\"\",\"potentialAction\":[{\"@type\":\"SearchAction\",\"target\":{\"@type\":\"EntryPoint\",\"urlTemplate\":\"https:\\\/\\\/linguaessence.com\\\/?s={search_term_string}\"},\"query-input\":{\"@type\":\"PropertyValueSpecification\",\"valueRequired\":true,\"valueName\":\"search_term_string\"}}],\"inLanguage\":\"pl-PL\"}]}<\/script>\n<!-- \/ Yoast SEO plugin. -->","yoast_head_json":{"title":"Business Mettings Language Cz\u0119\u015b\u0107 2 (Angielski - Polski)","description":"Je\u017celi twoj\u0105 ambicj\u0105 jest pos\u0142ugiwanie si\u0119 j\u0119zykami angielskim i polskim na profesjonalnym poziomie to ten eBook ci pomo\u017ce!","robots":{"index":"index","follow":"follow","max-snippet":"max-snippet:-1","max-image-preview":"max-image-preview:large","max-video-preview":"max-video-preview:-1"},"canonical":"https:\/\/linguaessence.com\/pl\/produkt\/ebook-business-mettings-language-czesc-2-angielski-polski\/","og_locale":"pl_PL","og_type":"article","og_title":"Business Mettings Language Cz\u0119\u015b\u0107 2 (Angielski - Polski)","og_description":"Je\u017celi twoj\u0105 ambicj\u0105 jest pos\u0142ugiwanie si\u0119 j\u0119zykami angielskim i polskim na profesjonalnym poziomie to ten eBook ci pomo\u017ce!","og_url":"https:\/\/linguaessence.com\/pl\/produkt\/ebook-business-mettings-language-czesc-2-angielski-polski\/","og_site_name":"linguaessence","article_modified_time":"2026-02-16T17:37:05+00:00","og_image":[{"width":720,"height":720,"url":"https:\/\/linguaessence.com\/wp-content\/uploads\/2026\/02\/ebook-business-mettings-language-part-2-pl-cover.webp","type":"image\/webp"}],"twitter_card":"summary_large_image","twitter_misc":{"Szacowany czas czytania":"4 minuty"},"schema":{"@context":"https:\/\/schema.org","@graph":[{"@type":"WebPage","@id":"https:\/\/linguaessence.com\/pl\/produkt\/ebook-business-mettings-language-czesc-2-angielski-polski\/","url":"https:\/\/linguaessence.com\/pl\/produkt\/ebook-business-mettings-language-czesc-2-angielski-polski\/","name":"Business Mettings Language Cz\u0119\u015b\u0107 2 (Angielski - Polski)","isPartOf":{"@id":"https:\/\/linguaessence.com\/#website"},"primaryImageOfPage":{"@id":"https:\/\/linguaessence.com\/pl\/produkt\/ebook-business-mettings-language-czesc-2-angielski-polski\/#primaryimage"},"image":{"@id":"https:\/\/linguaessence.com\/pl\/produkt\/ebook-business-mettings-language-czesc-2-angielski-polski\/#primaryimage"},"thumbnailUrl":"https:\/\/linguaessence.com\/wp-content\/uploads\/2026\/02\/ebook-business-mettings-language-part-2-pl-cover.webp","datePublished":"2026-02-13T19:10:43+00:00","dateModified":"2026-02-16T17:37:05+00:00","description":"Je\u017celi twoj\u0105 ambicj\u0105 jest pos\u0142ugiwanie si\u0119 j\u0119zykami angielskim i polskim na profesjonalnym poziomie to ten eBook ci pomo\u017ce!","breadcrumb":{"@id":"https:\/\/linguaessence.com\/pl\/produkt\/ebook-business-mettings-language-czesc-2-angielski-polski\/#breadcrumb"},"inLanguage":"pl-PL","potentialAction":[{"@type":"ReadAction","target":["https:\/\/linguaessence.com\/pl\/produkt\/ebook-business-mettings-language-czesc-2-angielski-polski\/"]}]},{"@type":"ImageObject","inLanguage":"pl-PL","@id":"https:\/\/linguaessence.com\/pl\/produkt\/ebook-business-mettings-language-czesc-2-angielski-polski\/#primaryimage","url":"https:\/\/linguaessence.com\/wp-content\/uploads\/2026\/02\/ebook-business-mettings-language-part-2-pl-cover.webp","contentUrl":"https:\/\/linguaessence.com\/wp-content\/uploads\/2026\/02\/ebook-business-mettings-language-part-2-pl-cover.webp","width":720,"height":720,"caption":"Ebook Business Mettings Language PART 2"},{"@type":"BreadcrumbList","@id":"https:\/\/linguaessence.com\/pl\/produkt\/ebook-business-mettings-language-czesc-2-angielski-polski\/#breadcrumb","itemListElement":[{"@type":"ListItem","position":1,"name":"Strona g\u0142\u00f3wna","item":"https:\/\/linguaessence.com\/pl\/"},{"@type":"ListItem","position":2,"name":"Sklep","item":"https:\/\/linguaessence.com\/pl\/sklep\/"},{"@type":"ListItem","position":3,"name":"Ebook Business Mettings Language Cz\u0119\u015b\u0107 2 (Angielski &#8211; Polski)"}]},{"@type":"WebSite","@id":"https:\/\/linguaessence.com\/#website","url":"https:\/\/linguaessence.com\/","name":"linguaessence","description":"","potentialAction":[{"@type":"SearchAction","target":{"@type":"EntryPoint","urlTemplate":"https:\/\/linguaessence.com\/?s={search_term_string}"},"query-input":{"@type":"PropertyValueSpecification","valueRequired":true,"valueName":"search_term_string"}}],"inLanguage":"pl-PL"}]}},"_links":{"self":[{"href":"https:\/\/linguaessence.com\/pl\/wp-json\/wp\/v2\/product\/10918","targetHints":{"allow":["GET"]}}],"collection":[{"href":"https:\/\/linguaessence.com\/pl\/wp-json\/wp\/v2\/product"}],"about":[{"href":"https:\/\/linguaessence.com\/pl\/wp-json\/wp\/v2\/types\/product"}],"wp:featuredmedia":[{"embeddable":true,"href":"https:\/\/linguaessence.com\/pl\/wp-json\/wp\/v2\/media\/10955"}],"wp:attachment":[{"href":"https:\/\/linguaessence.com\/pl\/wp-json\/wp\/v2\/media?parent=10918"}],"wp:term":[{"taxonomy":"product_brand","embeddable":true,"href":"https:\/\/linguaessence.com\/pl\/wp-json\/wp\/v2\/product_brand?post=10918"},{"taxonomy":"product_cat","embeddable":true,"href":"https:\/\/linguaessence.com\/pl\/wp-json\/wp\/v2\/product_cat?post=10918"},{"taxonomy":"product_tag","embeddable":true,"href":"https:\/\/linguaessence.com\/pl\/wp-json\/wp\/v2\/product_tag?post=10918"}],"curies":[{"name":"wp","href":"https:\/\/api.w.org\/{rel}","templated":true}]}}