{"id":10162,"date":"2021-08-25T09:00:10","date_gmt":"2021-08-25T07:00:10","guid":{"rendered":"https:\/\/linguaessence.com\/?page_id=10162"},"modified":"2025-08-14T18:46:59","modified_gmt":"2025-08-14T16:46:59","slug":"kontakt","status":"publish","type":"page","link":"https:\/\/linguaessence.com\/pl\/kontakt\/","title":{"rendered":"Kontakt"},"content":{"rendered":"<div class=\"wpb-content-wrapper\"><p>[vc_row][vc_column]\n\t\t<div id=\"wd-689e12fb10461\" class=\"title-wrapper wd-wpb wd-set-mb reset-last-child  wd-rs-689e12fb10461 wd-title-color-default wd-title-style-underlined text-center  wd-underline-colored\">\n\t\t\t\t\t\t\t\n\t\t\t\t<div class=\"title-subtitle  subtitle-color-default font-default subtitle-style-default wd-font-weight- wd-fontsize-xs\">INFORMACJE O NAS<\/div>\n\t\t\t\n\t\t\t<div class=\"liner-continer\">\n\t\t\t\t<h2 class=\"woodmart-title-container title  wd-font-weight- wd-fontsize-l\" >SKONTAKTUJ SI\u0118 Z NAMI W RAZIE PYTA\u0143<\/h2>\n\t\t\t\t\t\t\t<\/div>\n\t\t\t\n\t\t\t\t\t\t\t<div class=\"title-after_title reset-last-child  wd-fontsize-xs\">email: contact@linguaessence.com<\/div>\n\t\t\t\n\t\t\t\n\t\t<\/div>\n\t\t\n\t\t[vc_single_image image=&#8221;10394&#8243; img_size=&#8221;full&#8221; alignment=&#8221;center&#8221; css=&#8221;&#8221; parallax_scroll=&#8221;no&#8221; woodmart_inline=&#8221;no&#8221;][\/vc_column][\/vc_row]<\/p>\n<\/div>","protected":false},"excerpt":{"rendered":"<p>[vc_row][vc_column][vc_single_image image=&#8221;10394&#8243; img_size=&#8221;full&#8221; alignment=&#8221;center&#8221; css=&#8221;&#8221; parallax_scroll=&#8221;no&#8221; woodmart_inline=&#8221;no&#8221;][\/vc_column][\/vc_row]<\/p>\n","protected":false},"author":17,"featured_media":0,"parent":0,"menu_order":0,"comment_status":"closed","ping_status":"closed","template":"","meta":{"footnotes":""},"class_list":["post-10162","page","type-page","status-publish","hentry"],"yoast_head":"<!-- This site is optimized with the Yoast SEO plugin v27.4 - https:\/\/yoast.com\/product\/yoast-seo-wordpress\/ -->\n<title>Kontakt - linguaessence<\/title>\n<meta name=\"description\" content=\"E-booki Lingua Essence pomog\u0105 Ci poprawi\u0107 komunikacj\u0119, je\u015bli pracujesz w mi\u0119dzynarodowym zespole. email: contact@linguaessence.com\" \/>\n<meta name=\"robots\" content=\"index, follow, max-snippet:-1, max-image-preview:large, max-video-preview:-1\" \/>\n<link rel=\"canonical\" href=\"https:\/\/linguaessence.com\/pl\/kontakt\/\" \/>\n<meta property=\"og:locale\" content=\"pl_PL\" \/>\n<meta property=\"og:type\" content=\"article\" \/>\n<meta property=\"og:title\" content=\"Kontakt - linguaessence\" \/>\n<meta property=\"og:description\" content=\"E-booki Lingua Essence pomog\u0105 Ci poprawi\u0107 komunikacj\u0119, je\u015bli pracujesz w mi\u0119dzynarodowym zespole. email: contact@linguaessence.com\" \/>\n<meta property=\"og:url\" content=\"https:\/\/linguaessence.com\/pl\/kontakt\/\" \/>\n<meta property=\"og:site_name\" content=\"linguaessence\" \/>\n<meta property=\"article:modified_time\" content=\"2025-08-14T16:46:59+00:00\" \/>\n<meta name=\"twitter:card\" content=\"summary_large_image\" \/>\n<meta name=\"twitter:label1\" content=\"Szacowany czas czytania\" \/>\n\t<meta name=\"twitter:data1\" content=\"1 minuta\" \/>\n<script type=\"application\/ld+json\" class=\"yoast-schema-graph\">{\"@context\":\"https:\\\/\\\/schema.org\",\"@graph\":[{\"@type\":\"WebPage\",\"@id\":\"https:\\\/\\\/linguaessence.com\\\/pl\\\/kontakt\\\/\",\"url\":\"https:\\\/\\\/linguaessence.com\\\/pl\\\/kontakt\\\/\",\"name\":\"Kontakt - linguaessence\",\"isPartOf\":{\"@id\":\"https:\\\/\\\/linguaessence.com\\\/#website\"},\"datePublished\":\"2021-08-25T07:00:10+00:00\",\"dateModified\":\"2025-08-14T16:46:59+00:00\",\"description\":\"E-booki Lingua Essence pomog\u0105 Ci poprawi\u0107 komunikacj\u0119, je\u015bli pracujesz w mi\u0119dzynarodowym zespole. email: contact@linguaessence.com\",\"breadcrumb\":{\"@id\":\"https:\\\/\\\/linguaessence.com\\\/pl\\\/kontakt\\\/#breadcrumb\"},\"inLanguage\":\"pl-PL\",\"potentialAction\":[{\"@type\":\"ReadAction\",\"target\":[\"https:\\\/\\\/linguaessence.com\\\/pl\\\/kontakt\\\/\"]}]},{\"@type\":\"BreadcrumbList\",\"@id\":\"https:\\\/\\\/linguaessence.com\\\/pl\\\/kontakt\\\/#breadcrumb\",\"itemListElement\":[{\"@type\":\"ListItem\",\"position\":1,\"name\":\"Strona g\u0142\u00f3wna\",\"item\":\"https:\\\/\\\/linguaessence.com\\\/pl\\\/\"},{\"@type\":\"ListItem\",\"position\":2,\"name\":\"Kontakt\"}]},{\"@type\":\"WebSite\",\"@id\":\"https:\\\/\\\/linguaessence.com\\\/#website\",\"url\":\"https:\\\/\\\/linguaessence.com\\\/\",\"name\":\"linguaessence\",\"description\":\"\",\"potentialAction\":[{\"@type\":\"SearchAction\",\"target\":{\"@type\":\"EntryPoint\",\"urlTemplate\":\"https:\\\/\\\/linguaessence.com\\\/?s={search_term_string}\"},\"query-input\":{\"@type\":\"PropertyValueSpecification\",\"valueRequired\":true,\"valueName\":\"search_term_string\"}}],\"inLanguage\":\"pl-PL\"}]}<\/script>\n<!-- \/ Yoast SEO plugin. -->","yoast_head_json":{"title":"Kontakt - linguaessence","description":"E-booki Lingua Essence pomog\u0105 Ci poprawi\u0107 komunikacj\u0119, je\u015bli pracujesz w mi\u0119dzynarodowym zespole. email: contact@linguaessence.com","robots":{"index":"index","follow":"follow","max-snippet":"max-snippet:-1","max-image-preview":"max-image-preview:large","max-video-preview":"max-video-preview:-1"},"canonical":"https:\/\/linguaessence.com\/pl\/kontakt\/","og_locale":"pl_PL","og_type":"article","og_title":"Kontakt - linguaessence","og_description":"E-booki Lingua Essence pomog\u0105 Ci poprawi\u0107 komunikacj\u0119, je\u015bli pracujesz w mi\u0119dzynarodowym zespole. email: contact@linguaessence.com","og_url":"https:\/\/linguaessence.com\/pl\/kontakt\/","og_site_name":"linguaessence","article_modified_time":"2025-08-14T16:46:59+00:00","twitter_card":"summary_large_image","twitter_misc":{"Szacowany czas czytania":"1 minuta"},"schema":{"@context":"https:\/\/schema.org","@graph":[{"@type":"WebPage","@id":"https:\/\/linguaessence.com\/pl\/kontakt\/","url":"https:\/\/linguaessence.com\/pl\/kontakt\/","name":"Kontakt - linguaessence","isPartOf":{"@id":"https:\/\/linguaessence.com\/#website"},"datePublished":"2021-08-25T07:00:10+00:00","dateModified":"2025-08-14T16:46:59+00:00","description":"E-booki Lingua Essence pomog\u0105 Ci poprawi\u0107 komunikacj\u0119, je\u015bli pracujesz w mi\u0119dzynarodowym zespole. email: contact@linguaessence.com","breadcrumb":{"@id":"https:\/\/linguaessence.com\/pl\/kontakt\/#breadcrumb"},"inLanguage":"pl-PL","potentialAction":[{"@type":"ReadAction","target":["https:\/\/linguaessence.com\/pl\/kontakt\/"]}]},{"@type":"BreadcrumbList","@id":"https:\/\/linguaessence.com\/pl\/kontakt\/#breadcrumb","itemListElement":[{"@type":"ListItem","position":1,"name":"Strona g\u0142\u00f3wna","item":"https:\/\/linguaessence.com\/pl\/"},{"@type":"ListItem","position":2,"name":"Kontakt"}]},{"@type":"WebSite","@id":"https:\/\/linguaessence.com\/#website","url":"https:\/\/linguaessence.com\/","name":"linguaessence","description":"","potentialAction":[{"@type":"SearchAction","target":{"@type":"EntryPoint","urlTemplate":"https:\/\/linguaessence.com\/?s={search_term_string}"},"query-input":{"@type":"PropertyValueSpecification","valueRequired":true,"valueName":"search_term_string"}}],"inLanguage":"pl-PL"}]}},"_links":{"self":[{"href":"https:\/\/linguaessence.com\/pl\/wp-json\/wp\/v2\/pages\/10162","targetHints":{"allow":["GET"]}}],"collection":[{"href":"https:\/\/linguaessence.com\/pl\/wp-json\/wp\/v2\/pages"}],"about":[{"href":"https:\/\/linguaessence.com\/pl\/wp-json\/wp\/v2\/types\/page"}],"author":[{"embeddable":true,"href":"https:\/\/linguaessence.com\/pl\/wp-json\/wp\/v2\/users\/17"}],"replies":[{"embeddable":true,"href":"https:\/\/linguaessence.com\/pl\/wp-json\/wp\/v2\/comments?post=10162"}],"version-history":[{"count":8,"href":"https:\/\/linguaessence.com\/pl\/wp-json\/wp\/v2\/pages\/10162\/revisions"}],"predecessor-version":[{"id":10623,"href":"https:\/\/linguaessence.com\/pl\/wp-json\/wp\/v2\/pages\/10162\/revisions\/10623"}],"wp:attachment":[{"href":"https:\/\/linguaessence.com\/pl\/wp-json\/wp\/v2\/media?parent=10162"}],"curies":[{"name":"wp","href":"https:\/\/api.w.org\/{rel}","templated":true}]}}