{"id":10152,"date":"2021-08-25T07:26:28","date_gmt":"2021-08-25T05:26:28","guid":{"rendered":"https:\/\/linguaessence.com\/?page_id=10152"},"modified":"2025-07-09T19:09:47","modified_gmt":"2025-07-09T17:09:47","slug":"o-mnie","status":"publish","type":"page","link":"https:\/\/linguaessence.com\/pl\/o-mnie\/","title":{"rendered":"O mnie"},"content":{"rendered":"<div class=\"wpb-content-wrapper\"><p>[vc_row css=&#8221;.vc_custom_1629877038080{margin-bottom: 40px !important;}&#8221; mobile_bg_img_hidden=&#8221;no&#8221; tablet_bg_img_hidden=&#8221;no&#8221; woodmart_parallax=&#8221;0&#8243; woodmart_gradient_switch=&#8221;no&#8221; row_reverse_mobile=&#8221;1&#8243; row_reverse_tablet=&#8221;1&#8243; woodmart_disable_overflow=&#8221;0&#8243; wd_z_index=&#8221;no&#8221; woodmart_css_id=&#8221;6125f32826e3d&#8221; responsive_spacing=&#8221;eyJwYXJhbV90eXBlIjoid29vZG1hcnRfcmVzcG9uc2l2ZV9zcGFjaW5nIiwic2VsZWN0b3JfaWQiOiI2MTI1ZjMyODI2ZTNkIiwic2hvcnRjb2RlIjoidmNfcm93IiwiZGF0YSI6eyJ0YWJsZXQiOnt9LCJtb2JpbGUiOnsibWFyZ2luLWJvdHRvbSI6IjIwIn19fQ==&#8221;][vc_column css=&#8221;.vc_custom_1629877010833{margin-bottom: 40px !important;padding-top: 0px !important;}&#8221; mobile_bg_img_hidden=&#8221;no&#8221; tablet_bg_img_hidden=&#8221;no&#8221; woodmart_parallax=&#8221;0&#8243; woodmart_sticky_column=&#8221;false&#8221; parallax_scroll=&#8221;no&#8221; mobile_reset_margin=&#8221;no&#8221; tablet_reset_margin=&#8221;no&#8221; offset=&#8221;vc_col-lg-6 vc_col-md-6&#8243; wd_z_index=&#8221;no&#8221; woodmart_css_id=&#8221;6125f30edad72&#8243; responsive_spacing=&#8221;eyJwYXJhbV90eXBlIjoid29vZG1hcnRfcmVzcG9uc2l2ZV9zcGFjaW5nIiwic2VsZWN0b3JfaWQiOiI2MTI1ZjMwZWRhZDcyIiwic2hvcnRjb2RlIjoidmNfY29sdW1uIiwiZGF0YSI6eyJ0YWJsZXQiOnt9LCJtb2JpbGUiOnt9fX0=&#8221;]\t\t<div id=\"wd-686913d1bcfc3\" class=\"wd-image wd-wpb wd-rs-686913d1bcfc3 text-left vc_custom_1751716825273\">\n\t\t\t\n\t\t\t<img loading=\"lazy\" decoding=\"async\" width=\"627\" height=\"649\" src=\"https:\/\/linguaessence.com\/wp-content\/uploads\/2025\/07\/about_me.webp\" class=\"attachment-full size-full\" alt=\"about me\" srcset=\"https:\/\/linguaessence.com\/wp-content\/uploads\/2025\/07\/about_me.webp 627w, https:\/\/linguaessence.com\/wp-content\/uploads\/2025\/07\/about_me-290x300.webp 290w, https:\/\/linguaessence.com\/wp-content\/uploads\/2025\/07\/about_me-430x445.webp 430w, https:\/\/linguaessence.com\/wp-content\/uploads\/2025\/07\/about_me-150x155.webp 150w\" sizes=\"auto, (max-width: 627px) 100vw, 627px\" \/>\n\t\t\t\t\t<\/div>\n\t\t[\/vc_column][vc_column css=&#8221;.vc_custom_1629877027060{margin-bottom: 40px !important;padding-top: 40px !important;}&#8221; mobile_bg_img_hidden=&#8221;no&#8221; tablet_bg_img_hidden=&#8221;no&#8221; woodmart_parallax=&#8221;0&#8243; woodmart_sticky_column=&#8221;false&#8221; parallax_scroll=&#8221;no&#8221; mobile_reset_margin=&#8221;no&#8221; tablet_reset_margin=&#8221;no&#8221; offset=&#8221;vc_col-lg-offset-1 vc_col-lg-5 vc_col-md-6 vc_col-xs-12&#8243; wd_z_index=&#8221;no&#8221; woodmart_css_id=&#8221;6125f320eb687&#8243; responsive_spacing=&#8221;eyJwYXJhbV90eXBlIjoid29vZG1hcnRfcmVzcG9uc2l2ZV9zcGFjaW5nIiwic2VsZWN0b3JfaWQiOiI2MTI1ZjMyMGViNjg3Iiwic2hvcnRjb2RlIjoidmNfY29sdW1uIiwiZGF0YSI6eyJ0YWJsZXQiOnt9LCJtb2JpbGUiOnsicGFkZGluZy10b3AiOiIwIn19fQ==&#8221;]\n\t\t<div id=\"wd-686c144fb5c4f\" class=\"title-wrapper wd-wpb wd-set-mb reset-last-child  wd-rs-686c144fb5c4f wd-title-color-primary wd-title-style-default text-left vc_custom_1751913558675 wd-underline-colored\">\n\t\t\t\t\t\t\t\n\t\t\t\t<div class=\"title-subtitle  subtitle-color-primary font-default subtitle-style-default wd-font-weight-600 wd-fontsize-xs\">Dlaczego Lingua Essence?<\/div>\n\t\t\t\n\t\t\t<div class=\"liner-continer\">\n\t\t\t\t<h2 class=\"woodmart-title-container title  wd-font-weight- wd-fontsize-xxl\" >Kr\u00f3tko o mnie i Lingua Essence:<\/h2>\n\t\t\t\t\t\t\t<\/div>\n\t\t\t\n\t\t\t\n\t\t\t\n\t\t<\/div>\n\t\t\n\t\t\t\t<div id=\"wd-686c1345375ce\" class=\"wd-text-block wd-wpb reset-last-child wd-rs-686c1345375ce text-left wd-fontsize-custom vc_custom_1751913327848\">\n\t\t\t<ul>\n<li>Po wieloletnim do\u015bwiadczeniu w <strong>globalnym zespole<\/strong> zdecydowa\u0142am si\u0119 napisa\u0107 w\u0142asn\u0105 ksi\u0105\u017ck\u0119 j\u0119zykow\u0105 wsp\u00f3\u0142pracuj\u0105c z <strong>native speakerami<\/strong>. Teraz ch\u0119tnie dziel\u0119 si\u0119 wiedz\u0105 z tymi, kt\u00f3rzy s\u0105 zainteresowani i kt\u00f3rzy na tym skorzystaj\u0105.<\/li>\n<li>Lingua Essence zaoferuje Ci e-booki w r\u00f3\u017cnych j\u0119zykach, dzi\u0119ki czemu mo\u017cesz osi\u0105gn\u0105\u0107 wy\u017cszy poziom bieg\u0142o\u015bci w wybranych j\u0119zykach.<\/li>\n<\/ul>\n<p>Ka\u017cdy autor oferuje swoje do\u015bwiadczenie, ja poka\u017c\u0119 ci <strong>w\u0142asn\u0105 esencj\u0119<\/strong> zebran\u0105 w seri\u0119 ksi\u0105\u017cek, kt\u00f3r\u0105 mo\u017cesz zastosowa\u0107 od razu w mowie.<\/p>\n<p>Czy chcia\u0142by\u015b podj\u0105\u0107 si\u0119 wyzwania i m\u00f3wi\u0107 w r\u00f3\u017cnych j\u0119zykach? Zapraszamy do zapoznania si\u0119 z nasz\u0105 ofert\u0105.<\/p>\n\t\t<\/div>\n\t\t[vc_separator color=&#8221;custom&#8221; css=&#8221;.vc_custom_1615616514122{margin-bottom: 20px !important;padding-top: 10px !important;}&#8221; accent_color=&#8221;rgba(10,10,10,0.12)&#8221;][vc_row_inner content_placement=&#8221;middle&#8221; row_reverse_mobile=&#8221;0&#8243; row_reverse_tablet=&#8221;0&#8243;][vc_column_inner width=&#8221;1\/2&#8243; css=&#8221;.vc_custom_1617632364304{padding-top: 0px !important;}&#8221;]<div id=\"wd-686c1dd5a9965\" class=\" wd-rs-686c1dd5a9965 vc_custom_1751915996058 wd-button-wrapper text-left\"><a href=\"https:\/\/linguaessence.com\/pl\/sklep\/\" title=\"\" target=\"_blank\" sklep=\"\" style=\"--btn-color:#fff;--btn-color-hover:#fff;\" class=\"btn btn-style-default btn-shape-round btn-size-default btn-full-width btn-icon-pos-left\">SKLEP<span class=\"wd-btn-icon\"><span class=\"wd-icon fas fa-angle-double-right\"><\/span><\/span><\/a><\/div>[\/vc_column_inner][vc_column_inner width=&#8221;1\/2&#8243; css=&#8221;.vc_custom_1629877310132{padding-top: 0px !important;}&#8221; offset=&#8221;vc_hidden-sm vc_hidden-xs&#8221; wd_z_index=&#8221;no&#8221; woodmart_css_id=&#8221;6125f438bf39a&#8221; responsive_spacing=&#8221;eyJwYXJhbV90eXBlIjoid29vZG1hcnRfcmVzcG9uc2l2ZV9zcGFjaW5nIiwic2VsZWN0b3JfaWQiOiI2MTI1ZjQzOGJmMzlhIiwic2hvcnRjb2RlIjoidmNfY29sdW1uX2lubmVyIiwiZGF0YSI6eyJ0YWJsZXQiOnt9LCJtb2JpbGUiOnt9fX0=&#8221;]\t\t\t<div\n\t\t\t\t\t\tclass=\" wd-social-icons  wd-style-colored-alt wd-size-small social-share wd-shape-circle color-scheme-dark text-right\">\n\t\t\t\t\n\t\t\t\t\n\t\t\t\t\t\t\t\t\t<a rel=\"noopener noreferrer nofollow\" href=\"https:\/\/www.facebook.com\/sharer\/sharer.php?u=https:\/\/linguaessence.com\/pl\/o-mnie\/\" target=\"_blank\" class=\" wd-social-icon social-facebook\" aria-label=\"Facebook social link\">\n\t\t\t\t\t\t<span class=\"wd-icon\"><\/span>\n\t\t\t\t\t\t\t\t\t\t\t<\/a>\n\t\t\t\t\n\t\t\t\t\n\t\t\t\t\n\t\t\t\t\n\t\t\t\t\n\t\t\t\t\n\t\t\t\t\n\t\t\t\t\n\t\t\t\t\n\t\t\t\t\n\t\t\t\t\n\t\t\t\t\n\t\t\t\t\n\t\t\t\t\n\t\t\t\t\n\t\t\t\t\n\t\t\t\t\n\t\t\t\t\n\t\t\t\t\n\t\t\t\t\n\t\t\t\t\n\t\t\t\t\n\t\t\t\t\n\t\t\t\t\n\t\t\t\t\n\t\t\t\t\n\t\t\t<\/div>\n\n\t\t[\/vc_column_inner][\/vc_row_inner][\/vc_column][\/vc_row][vc_row full_width=&#8221;stretch_row&#8221; equal_height=&#8221;yes&#8221; content_placement=&#8221;middle&#8221; woodmart_bg_position=&#8221;right-center&#8221; woodmart_gradient_switch=&#8221;yes&#8221; css=&#8221;.vc_custom_1628495408211{margin-bottom: 90px !important;background-position: center !important;background-repeat: no-repeat !important;background-size: contain !important;}&#8221; woodmart_color_gradient=&#8221;rgb(248, 245, 240)-74\/rgb(255, 255, 255)-74\/|linear-gradient(left , rgb(248, 245, 240) 74% , rgb(255, 255, 255) 74%)|linear|left&#8221; woodmart_css_id=&#8221;6110de2d5c14c&#8221; responsive_spacing=&#8221;eyJwYXJhbV90eXBlIjoid29vZG1hcnRfcmVzcG9uc2l2ZV9zcGFjaW5nIiwic2VsZWN0b3JfaWQiOiI2MTEwZGUyZDVjMTRjIiwic2hvcnRjb2RlIjoidmNfcm93IiwiZGF0YSI6eyJ0YWJsZXQiOnt9LCJtb2JpbGUiOnsibWFyZ2luLWJvdHRvbSI6IjcwIn19fQ==&#8221; mobile_bg_img_hidden=&#8221;no&#8221; tablet_bg_img_hidden=&#8221;no&#8221; woodmart_parallax=&#8221;0&#8243; row_reverse_mobile=&#8221;0&#8243; row_reverse_tablet=&#8221;0&#8243; woodmart_disable_overflow=&#8221;0&#8243;][vc_column offset=&#8221;vc_col-lg-5 vc_col-md-6&#8243; css=&#8221;.vc_custom_1628495372303{padding-top: 80px !important;padding-bottom: 60px !important;}&#8221; woodmart_css_id=&#8221;6110de074002e&#8221; responsive_spacing=&#8221;eyJwYXJhbV90eXBlIjoid29vZG1hcnRfcmVzcG9uc2l2ZV9zcGFjaW5nIiwic2VsZWN0b3JfaWQiOiI2MTEwZGUwNzQwMDJlIiwic2hvcnRjb2RlIjoidmNfY29sdW1uIiwiZGF0YSI6eyJ0YWJsZXQiOnt9LCJtb2JpbGUiOnsicGFkZGluZy10b3AiOiI2MCJ9fX0=&#8221; parallax_scroll=&#8221;no&#8221; mobile_bg_img_hidden=&#8221;no&#8221; tablet_bg_img_hidden=&#8221;no&#8221; woodmart_parallax=&#8221;0&#8243; woodmart_sticky_column=&#8221;false&#8221; mobile_reset_margin=&#8221;no&#8221; tablet_reset_margin=&#8221;no&#8221;]\n\t\t<div id=\"wd-686c1458a1081\" class=\"title-wrapper wd-wpb wd-set-mb reset-last-child  wd-rs-686c1458a1081 wd-title-color-primary wd-title-style-default text-left vc_custom_1751913566598 wd-underline-colored\">\n\t\t\t\n\t\t\t<div class=\"liner-continer\">\n\t\t\t\t<h2 class=\"woodmart-title-container title  wd-font-weight- wd-fontsize-xxl\" >eBooki dla biznesu \u2013 Business Meetings Language<\/h2>\n\t\t\t\t\t\t\t<\/div>\n\t\t\t\n\t\t\t\n\t\t\t\n\t\t<\/div>\n\t\t\n\t\t\t\t<div id=\"wd-686c12474b0be\" class=\"wd-text-block wd-wpb reset-last-child wd-rs-686c12474b0be text-left wd-fontsize-custom \">\n\t\t\t<ul>\n<li><strong>Wieloletnie do\u015bwiadczenie<\/strong> biznesowe i j\u0119zykowe w zespo\u0142ach globalnych <strong>skumulowane<\/strong> w jednym miejscu!<\/li>\n<li>Lingua Essence \u2013 s\u0142ownictwo biznesowe <strong>w kontek\u015bcie<\/strong>, setki <strong>synonim\u00f3w<\/strong> i <strong>idiom\u00f3w<\/strong> biznesowych, <strong>wizualizacje<\/strong> \u2013 skojarzenia. Stw\u00f3rz <strong>w\u0142asny kontekst <\/strong>inspiruj\u0105c si\u0119 moj\u0105 propozycj\u0105 zda\u0144.<\/li>\n<\/ul>\n\t\t<\/div>\n\t\t[\/vc_column][vc_column woodmart_bg_position=&#8221;right-center&#8221; offset=&#8221;vc_col-lg-7 vc_col-md-6 vc_hidden-sm vc_hidden-xs&#8221; css=&#8221;.vc_custom_1521449342079{padding-top: 0px !important;}&#8221;][vc_single_image image=&#8221;10445&#8243; img_size=&#8221;full&#8221; css=&#8221;&#8221; parallax_scroll=&#8221;no&#8221; woodmart_inline=&#8221;no&#8221;][\/vc_column][\/vc_row][vc_row equal_height=&#8221;yes&#8221; content_placement=&#8221;middle&#8221; mobile_bg_img_hidden=&#8221;no&#8221; tablet_bg_img_hidden=&#8221;no&#8221; woodmart_parallax=&#8221;0&#8243; woodmart_gradient_switch=&#8221;no&#8221; row_reverse_mobile=&#8221;0&#8243; row_reverse_tablet=&#8221;0&#8243; woodmart_disable_overflow=&#8221;0&#8243; css=&#8221;.vc_custom_1708082402107{margin-bottom: 60px !important;}&#8221; woodmart_css_id=&#8221;65cf44d0ad289&#8243; responsive_spacing=&#8221;eyJwYXJhbV90eXBlIjoid29vZG1hcnRfcmVzcG9uc2l2ZV9zcGFjaW5nIiwic2VsZWN0b3JfaWQiOiI2NWNmNDRkMGFkMjg5Iiwic2hvcnRjb2RlIjoidmNfcm93IiwiZGF0YSI6eyJ0YWJsZXQiOnsibWFyZ2luLWJvdHRvbSI6IjIwcHgifSwibW9iaWxlIjp7Im1hcmdpbi1ib3R0b20iOiIwcHgifX19&#8243; woodmart_box_shadow=&#8221;no&#8221; wd_z_index=&#8221;no&#8221;][vc_column width=&#8221;1\/2&#8243; offset=&#8221;vc_col-lg-4 vc_col-md-4&#8243; mobile_bg_img_hidden=&#8221;no&#8221; tablet_bg_img_hidden=&#8221;no&#8221; woodmart_parallax=&#8221;0&#8243; woodmart_sticky_column=&#8221;false&#8221; parallax_scroll=&#8221;no&#8221; mobile_reset_margin=&#8221;no&#8221; tablet_reset_margin=&#8221;no&#8221; css=&#8221;.vc_custom_1678105341712{padding-top: 0px !important;}&#8221; woodmart_css_id=&#8221;6405daf6b006e&#8221; wd_collapsible_content_switcher=&#8221;no&#8221; wd_column_role_offcanvas_desktop=&#8221;no&#8221; wd_column_role_offcanvas_tablet=&#8221;no&#8221; wd_column_role_offcanvas_mobile=&#8221;no&#8221; wd_column_role_content_desktop=&#8221;no&#8221; wd_column_role_content_tablet=&#8221;no&#8221; wd_column_role_content_mobile=&#8221;no&#8221; woodmart_box_shadow=&#8221;no&#8221; responsive_spacing=&#8221;eyJwYXJhbV90eXBlIjoid29vZG1hcnRfcmVzcG9uc2l2ZV9zcGFjaW5nIiwic2VsZWN0b3JfaWQiOiI2NDA1ZGFmNmIwMDZlIiwic2hvcnRjb2RlIjoidmNfY29sdW1uIiwiZGF0YSI6eyJ0YWJsZXQiOnsibWFyZ2luLWJvdHRvbSI6IjQwIn0sIm1vYmlsZSI6eyJtYXJnaW4tYm90dG9tIjoiMzAifX19&#8243; wd_z_index=&#8221;no&#8221;]\t\t\t<div class=\"info-box-wrapper\">\n\t\t\t\t<div id=\"wd-686c145fe0b12\" class=\" wd-rs-686c145fe0b12 wd-info-box wd-wpb text-left box-icon-align-left box-style- color-scheme- wd-bg-none wd-items-top \">\n\t\t\t\t\t\t\t\t\t\t<div class=\"info-box-content\">\n\t\t\t\t\t\t<h3 class=\"info-box-title title box-title-style-default wd-fontsize-xxl\">The whole eBook is divided into three parts:<\/h3>\t\t\t\t\t\t<div class=\"info-box-inner reset-last-child\"><\/div>\n\n\t\t\t\t\t\t\t\t\t\t\t<\/div>\n\n\t\t\t\t\t\n\t\t\t\t\t\t\t\t\t<\/div>\n\t\t\t<\/div>\n\t\t[\/vc_column][vc_column offset=&#8221;vc_col-lg-7 vc_col-md-7 vc_col-xs-12&#8243; mobile_bg_img_hidden=&#8221;no&#8221; tablet_bg_img_hidden=&#8221;no&#8221; woodmart_parallax=&#8221;0&#8243; woodmart_sticky_column=&#8221;false&#8221; parallax_scroll=&#8221;no&#8221; mobile_reset_margin=&#8221;no&#8221; tablet_reset_margin=&#8221;no&#8221; css=&#8221;.vc_custom_1678105302115{margin-left: 10% !important;border-left-width: 1px !important;padding-top: 0px !important;padding-left: 10% !important;border-left-color: rgba(0,0,0,0.11) !important;border-left-style: solid !important;}&#8221; woodmart_css_id=&#8221;6405dac62e67e&#8221; wd_collapsible_content_switcher=&#8221;no&#8221; wd_column_role_offcanvas_desktop=&#8221;no&#8221; wd_column_role_offcanvas_tablet=&#8221;no&#8221; wd_column_role_offcanvas_mobile=&#8221;no&#8221; wd_column_role_content_desktop=&#8221;no&#8221; wd_column_role_content_tablet=&#8221;no&#8221; wd_column_role_content_mobile=&#8221;no&#8221; woodmart_box_shadow=&#8221;no&#8221; responsive_spacing=&#8221;eyJwYXJhbV90eXBlIjoid29vZG1hcnRfcmVzcG9uc2l2ZV9zcGFjaW5nIiwic2VsZWN0b3JfaWQiOiI2NDA1ZGFjNjJlNjdlIiwic2hvcnRjb2RlIjoidmNfY29sdW1uIiwiZGF0YSI6eyJ0YWJsZXQiOnsibWFyZ2luLWxlZnQiOiIwIiwiYm9yZGVyLWxlZnQtd2lkdGgiOiIwcHgiLCJwYWRkaW5nLWxlZnQiOiIxNSJ9LCJtb2JpbGUiOnt9fX0=&#8221; wd_z_index=&#8221;no&#8221;]\n\t\t<div id=\"wd-6761d949e4ebd\" class=\"title-wrapper wd-wpb wd-set-mb reset-last-child  wd-rs-6761d949e4ebd wd-title-color-primary wd-title-style-default text-left  wd-title-empty wd-underline-colored\">\n\t\t\t\n\t\t\t<div class=\"liner-continer\">\n\t\t\t\t<h4 class=\"woodmart-title-container title  wd-font-weight- wd-fontsize-l\" ><\/h4>\n\t\t\t\t\t\t\t<\/div>\n\t\t\t\n\t\t\t\t\t\t\t<div class=\"title-after_title reset-last-child  wd-fontsize-xs\"><u>PART 1.<\/u> Breaking the ice \/ One-on-one \/ Team interactions \/ Tricky situations<\/p>\n<p><u>PART 2.<\/u> Meeting Structure \/ Agenda \/ Updates \/ Problem Solving.<\/p>\n<p><u>PART 3.<\/u> Express yourself \/ Opinions \/ Feedback \/ Decision making.<\/div>\n\t\t\t\n\t\t\t\n\t\t<\/div>\n\t\t\n\t\t[\/vc_column][\/vc_row][vc_row woodmart_stretch_content=&#8221;section-stretch-content-no-pd&#8221; woodmart_css_id=&#8221;65cf460363a99&#8243; responsive_spacing=&#8221;eyJwYXJhbV90eXBlIjoid29vZG1hcnRfcmVzcG9uc2l2ZV9zcGFjaW5nIiwic2VsZWN0b3JfaWQiOiI2NWNmNDYwMzYzYTk5Iiwic2hvcnRjb2RlIjoidmNfcm93IiwiZGF0YSI6eyJ0YWJsZXQiOnt9LCJtb2JpbGUiOnt9fX0=&#8221; mobile_bg_img_hidden=&#8221;no&#8221; tablet_bg_img_hidden=&#8221;no&#8221; woodmart_parallax=&#8221;0&#8243; woodmart_gradient_switch=&#8221;no&#8221; woodmart_box_shadow=&#8221;no&#8221; wd_z_index=&#8221;no&#8221; woodmart_disable_overflow=&#8221;0&#8243; row_reverse_mobile=&#8221;0&#8243; row_reverse_tablet=&#8221;0&#8243;][vc_column css=&#8221;.vc_custom_1708083000339{background-color: #7f2236 !important;}&#8221; woodmart_css_id=&#8221;65cf46ee913ac&#8221; parallax_scroll=&#8221;no&#8221; woodmart_sticky_column=&#8221;false&#8221; wd_collapsible_content_switcher=&#8221;no&#8221; wd_column_role_offcanvas_desktop=&#8221;no&#8221; wd_column_role_offcanvas_tablet=&#8221;no&#8221; wd_column_role_offcanvas_mobile=&#8221;no&#8221; wd_column_role_content_desktop=&#8221;no&#8221; wd_column_role_content_tablet=&#8221;no&#8221; wd_column_role_content_mobile=&#8221;no&#8221; mobile_bg_img_hidden=&#8221;no&#8221; tablet_bg_img_hidden=&#8221;no&#8221; woodmart_parallax=&#8221;0&#8243; woodmart_box_shadow=&#8221;no&#8221; responsive_spacing=&#8221;eyJwYXJhbV90eXBlIjoid29vZG1hcnRfcmVzcG9uc2l2ZV9zcGFjaW5nIiwic2VsZWN0b3JfaWQiOiI2NWNmNDZlZTkxM2FjIiwic2hvcnRjb2RlIjoidmNfY29sdW1uIiwiZGF0YSI6eyJ0YWJsZXQiOnt9LCJtb2JpbGUiOnt9fX0=&#8221; mobile_reset_margin=&#8221;no&#8221; tablet_reset_margin=&#8221;no&#8221; wd_z_index=&#8221;no&#8221;]\t\t\t<div class=\"info-box-wrapper\">\n\t\t\t\t<div id=\"wd-6761d69602da8\" class=\" wd-rs-6761d69602da8 wd-info-box wd-wpb text-center box-icon-align-left box-style- color-scheme- wd-bg-none wd-items-top \">\n\t\t\t\t\t\t\t\t\t\t<div class=\"info-box-content\">\n\t\t\t\t\t\t<h4 class=\"info-box-title title box-title-style-underlined wd-fontsize-xxl\">Aspirujesz m\u00f3wi\u0107 profesjonalnie w r\u00f3\u017cnych j\u0119zykach?<\/h4>\t\t\t\t\t\t<div class=\"info-box-inner reset-last-child\"><\/p>\n<h3><span style=\"color: white;\">Niemiecki &#8211; Hiszpa\u0144ski &#8211; W\u0142oski &#8211; Francuski \u2013 wkr\u00f3tce.<\/span><\/h3>\n<p>\n<\/div>\n\n\t\t\t\t\t\t\t\t\t\t\t<\/div>\n\n\t\t\t\t\t\n\t\t\t\t\t<style><\/style>\t\t\t\t<\/div>\n\t\t\t<\/div>\n\t\t[\/vc_column][\/vc_row]<\/p>\n<\/div>","protected":false},"excerpt":{"rendered":"<p>[vc_row css=&#8221;.vc_custom_1629877038080{margin-bottom: 40px !important;}&#8221; mobile_bg_img_hidden=&#8221;no&#8221; tablet_bg_img_hidden=&#8221;no&#8221; woodmart_parallax=&#8221;0&#8243; woodmart_gradient_switch=&#8221;no&#8221; row_reverse_mobile=&#8221;1&#8243; row_reverse_tablet=&#8221;1&#8243; woodmart_disable_overflow=&#8221;0&#8243; wd_z_index=&#8221;no&#8221; woodmart_css_id=&#8221;6125f32826e3d&#8221; responsive_spacing=&#8221;eyJwYXJhbV90eXBlIjoid29vZG1hcnRfcmVzcG9uc2l2ZV9zcGFjaW5nIiwic2VsZWN0b3JfaWQiOiI2MTI1ZjMyODI2ZTNkIiwic2hvcnRjb2RlIjoidmNfcm93IiwiZGF0YSI6eyJ0YWJsZXQiOnt9LCJtb2JpbGUiOnsibWFyZ2luLWJvdHRvbSI6IjIwIn19fQ==&#8221;][vc_column css=&#8221;.vc_custom_1629877010833{margin-bottom: 40px !important;padding-top: 0px !important;}&#8221; mobile_bg_img_hidden=&#8221;no&#8221;<\/p>\n","protected":false},"author":17,"featured_media":0,"parent":0,"menu_order":0,"comment_status":"closed","ping_status":"closed","template":"","meta":{"footnotes":""},"class_list":["post-10152","page","type-page","status-publish","hentry"],"yoast_head":"<!-- This site is optimized with the Yoast SEO plugin v27.4 - https:\/\/yoast.com\/product\/yoast-seo-wordpress\/ -->\n<title>O mnie<\/title>\n<meta name=\"description\" content=\"Po wieloletnim do\u015bwiadczeniu w globalnym zespole zdecydowa\u0142am si\u0119 napisa\u0107 w\u0142asn\u0105 ksi\u0105\u017ck\u0119 j\u0119zykow\u0105 wsp\u00f3\u0142pracuj\u0105c z native speakerami.\" \/>\n<meta name=\"robots\" content=\"index, follow, max-snippet:-1, max-image-preview:large, max-video-preview:-1\" \/>\n<link rel=\"canonical\" href=\"https:\/\/linguaessence.com\/pl\/o-mnie\/\" \/>\n<meta property=\"og:locale\" content=\"pl_PL\" \/>\n<meta property=\"og:type\" content=\"article\" \/>\n<meta property=\"og:title\" content=\"O mnie\" \/>\n<meta property=\"og:description\" content=\"Po wieloletnim do\u015bwiadczeniu w globalnym zespole zdecydowa\u0142am si\u0119 napisa\u0107 w\u0142asn\u0105 ksi\u0105\u017ck\u0119 j\u0119zykow\u0105 wsp\u00f3\u0142pracuj\u0105c z native speakerami.\" \/>\n<meta property=\"og:url\" content=\"https:\/\/linguaessence.com\/pl\/o-mnie\/\" \/>\n<meta property=\"og:site_name\" content=\"linguaessence\" \/>\n<meta property=\"article:modified_time\" content=\"2025-07-09T17:09:47+00:00\" \/>\n<meta name=\"twitter:card\" content=\"summary_large_image\" \/>\n<meta name=\"twitter:label1\" content=\"Szacowany czas czytania\" \/>\n\t<meta name=\"twitter:data1\" content=\"4 minuty\" \/>\n<script type=\"application\/ld+json\" class=\"yoast-schema-graph\">{\"@context\":\"https:\\\/\\\/schema.org\",\"@graph\":[{\"@type\":\"WebPage\",\"@id\":\"https:\\\/\\\/linguaessence.com\\\/pl\\\/o-mnie\\\/\",\"url\":\"https:\\\/\\\/linguaessence.com\\\/pl\\\/o-mnie\\\/\",\"name\":\"O mnie\",\"isPartOf\":{\"@id\":\"https:\\\/\\\/linguaessence.com\\\/#website\"},\"datePublished\":\"2021-08-25T05:26:28+00:00\",\"dateModified\":\"2025-07-09T17:09:47+00:00\",\"description\":\"Po wieloletnim do\u015bwiadczeniu w globalnym zespole zdecydowa\u0142am si\u0119 napisa\u0107 w\u0142asn\u0105 ksi\u0105\u017ck\u0119 j\u0119zykow\u0105 wsp\u00f3\u0142pracuj\u0105c z native speakerami.\",\"breadcrumb\":{\"@id\":\"https:\\\/\\\/linguaessence.com\\\/pl\\\/o-mnie\\\/#breadcrumb\"},\"inLanguage\":\"pl-PL\",\"potentialAction\":[{\"@type\":\"ReadAction\",\"target\":[\"https:\\\/\\\/linguaessence.com\\\/pl\\\/o-mnie\\\/\"]}]},{\"@type\":\"BreadcrumbList\",\"@id\":\"https:\\\/\\\/linguaessence.com\\\/pl\\\/o-mnie\\\/#breadcrumb\",\"itemListElement\":[{\"@type\":\"ListItem\",\"position\":1,\"name\":\"Strona g\u0142\u00f3wna\",\"item\":\"https:\\\/\\\/linguaessence.com\\\/pl\\\/\"},{\"@type\":\"ListItem\",\"position\":2,\"name\":\"O mnie\"}]},{\"@type\":\"WebSite\",\"@id\":\"https:\\\/\\\/linguaessence.com\\\/#website\",\"url\":\"https:\\\/\\\/linguaessence.com\\\/\",\"name\":\"linguaessence\",\"description\":\"\",\"potentialAction\":[{\"@type\":\"SearchAction\",\"target\":{\"@type\":\"EntryPoint\",\"urlTemplate\":\"https:\\\/\\\/linguaessence.com\\\/?s={search_term_string}\"},\"query-input\":{\"@type\":\"PropertyValueSpecification\",\"valueRequired\":true,\"valueName\":\"search_term_string\"}}],\"inLanguage\":\"pl-PL\"}]}<\/script>\n<!-- \/ Yoast SEO plugin. -->","yoast_head_json":{"title":"O mnie","description":"Po wieloletnim do\u015bwiadczeniu w globalnym zespole zdecydowa\u0142am si\u0119 napisa\u0107 w\u0142asn\u0105 ksi\u0105\u017ck\u0119 j\u0119zykow\u0105 wsp\u00f3\u0142pracuj\u0105c z native speakerami.","robots":{"index":"index","follow":"follow","max-snippet":"max-snippet:-1","max-image-preview":"max-image-preview:large","max-video-preview":"max-video-preview:-1"},"canonical":"https:\/\/linguaessence.com\/pl\/o-mnie\/","og_locale":"pl_PL","og_type":"article","og_title":"O mnie","og_description":"Po wieloletnim do\u015bwiadczeniu w globalnym zespole zdecydowa\u0142am si\u0119 napisa\u0107 w\u0142asn\u0105 ksi\u0105\u017ck\u0119 j\u0119zykow\u0105 wsp\u00f3\u0142pracuj\u0105c z native speakerami.","og_url":"https:\/\/linguaessence.com\/pl\/o-mnie\/","og_site_name":"linguaessence","article_modified_time":"2025-07-09T17:09:47+00:00","twitter_card":"summary_large_image","twitter_misc":{"Szacowany czas czytania":"4 minuty"},"schema":{"@context":"https:\/\/schema.org","@graph":[{"@type":"WebPage","@id":"https:\/\/linguaessence.com\/pl\/o-mnie\/","url":"https:\/\/linguaessence.com\/pl\/o-mnie\/","name":"O mnie","isPartOf":{"@id":"https:\/\/linguaessence.com\/#website"},"datePublished":"2021-08-25T05:26:28+00:00","dateModified":"2025-07-09T17:09:47+00:00","description":"Po wieloletnim do\u015bwiadczeniu w globalnym zespole zdecydowa\u0142am si\u0119 napisa\u0107 w\u0142asn\u0105 ksi\u0105\u017ck\u0119 j\u0119zykow\u0105 wsp\u00f3\u0142pracuj\u0105c z native speakerami.","breadcrumb":{"@id":"https:\/\/linguaessence.com\/pl\/o-mnie\/#breadcrumb"},"inLanguage":"pl-PL","potentialAction":[{"@type":"ReadAction","target":["https:\/\/linguaessence.com\/pl\/o-mnie\/"]}]},{"@type":"BreadcrumbList","@id":"https:\/\/linguaessence.com\/pl\/o-mnie\/#breadcrumb","itemListElement":[{"@type":"ListItem","position":1,"name":"Strona g\u0142\u00f3wna","item":"https:\/\/linguaessence.com\/pl\/"},{"@type":"ListItem","position":2,"name":"O mnie"}]},{"@type":"WebSite","@id":"https:\/\/linguaessence.com\/#website","url":"https:\/\/linguaessence.com\/","name":"linguaessence","description":"","potentialAction":[{"@type":"SearchAction","target":{"@type":"EntryPoint","urlTemplate":"https:\/\/linguaessence.com\/?s={search_term_string}"},"query-input":{"@type":"PropertyValueSpecification","valueRequired":true,"valueName":"search_term_string"}}],"inLanguage":"pl-PL"}]}},"_links":{"self":[{"href":"https:\/\/linguaessence.com\/pl\/wp-json\/wp\/v2\/pages\/10152","targetHints":{"allow":["GET"]}}],"collection":[{"href":"https:\/\/linguaessence.com\/pl\/wp-json\/wp\/v2\/pages"}],"about":[{"href":"https:\/\/linguaessence.com\/pl\/wp-json\/wp\/v2\/types\/page"}],"author":[{"embeddable":true,"href":"https:\/\/linguaessence.com\/pl\/wp-json\/wp\/v2\/users\/17"}],"replies":[{"embeddable":true,"href":"https:\/\/linguaessence.com\/pl\/wp-json\/wp\/v2\/comments?post=10152"}],"version-history":[{"count":14,"href":"https:\/\/linguaessence.com\/pl\/wp-json\/wp\/v2\/pages\/10152\/revisions"}],"predecessor-version":[{"id":10448,"href":"https:\/\/linguaessence.com\/pl\/wp-json\/wp\/v2\/pages\/10152\/revisions\/10448"}],"wp:attachment":[{"href":"https:\/\/linguaessence.com\/pl\/wp-json\/wp\/v2\/media?parent=10152"}],"curies":[{"name":"wp","href":"https:\/\/api.w.org\/{rel}","templated":true}]}}