{"id":10920,"date":"2026-02-13T20:10:43","date_gmt":"2026-02-13T19:10:43","guid":{"rendered":"https:\/\/linguaessence.com\/?post_type=product&#038;p=10920"},"modified":"2026-02-16T18:50:12","modified_gmt":"2026-02-16T17:50:12","slug":"ebook-business-mettings-language-parte-2-ingles-polaco","status":"publish","type":"product","link":"https:\/\/linguaessence.com\/es\/producto\/ebook-business-mettings-language-parte-2-ingles-polaco\/","title":{"rendered":"Ebook Business Mettings Language PARTE 2 (Ingl\u00e9s &#8211; Polaco)"},"content":{"rendered":"<div class=\"wpb-content-wrapper\"><p>[vc_row full_width=\u00bbstretch_row\u00bb woodmart_stretch_content=\u00bbsection-stretch\u00bb css=\u00bb.vc_custom_1703696359349{margin-bottom: 20px !important;}\u00bb woodmart_css_id=\u00bb658c57dfbb905&#8243; responsive_spacing=\u00bbeyJwYXJhbV90eXBlIjoid29vZG1hcnRfcmVzcG9uc2l2ZV9zcGFjaW5nIiwic2VsZWN0b3JfaWQiOiI2NThjNTdkZmJiOTA1Iiwic2hvcnRjb2RlIjoidmNfcm93IiwiZGF0YSI6eyJ0YWJsZXQiOnt9LCJtb2JpbGUiOnt9fX0=\u00bb mobile_bg_img_hidden=\u00bbno\u00bb tablet_bg_img_hidden=\u00bbno\u00bb woodmart_parallax=\u00bb0&#8243; woodmart_gradient_switch=\u00bbno\u00bb woodmart_box_shadow=\u00bbno\u00bb wd_z_index=\u00bbno\u00bb woodmart_disable_overflow=\u00bb0&#8243; row_reverse_mobile=\u00bb0&#8243; row_reverse_tablet=\u00bb0&#8243;][vc_column css=\u00bb.vc_custom_1484657273903{padding-top: 0px !important;}\u00bb]\t\t<div id=\"wd-658497b6e03aa\" class=\"wd-text-block wd-wpb reset-last-child wd-rs-658497b6e03aa hidden-md hidden-sm hidden-xs text-center wd-font-weight-700 wd-fontsize-custom font-primary vc_custom_1703188417780\">\n\t\t\t<p>ESSENCE<\/p>\n\t\t<\/div>\n\t\t\n\t\t<div id=\"wd-688923ffc345f\" class=\"title-wrapper wd-wpb wd-set-mb reset-last-child  wd-rs-688923ffc345f wd-title-color-default wd-title-style-default text-center vc_custom_1753818117441 wd-width-custom wd-underline-colored\">\n\t\t\t\n\t\t\t<div class=\"liner-continer\">\n\t\t\t\t<h2 class=\"woodmart-title-container title  wd-font-weight- wd-fontsize-l\" >Are you ready to take <u>your business<\/u> language skills to the next level?<\/h2>\n\t\t\t\t\t\t\t<\/div>\n\t\t\t\n\t\t\t\n\t\t\t\n\t\t<\/div>\n\t\t\n\t\t[\/vc_column][\/vc_row][vc_row equal_height=\u00bbyes\u00bb content_placement=\u00bbmiddle\u00bb wd_z_index=\u00bbno\u00bb woodmart_css_id=\u00bb658c874a29865&#8243; responsive_spacing=\u00bbeyJwYXJhbV90eXBlIjoid29vZG1hcnRfcmVzcG9uc2l2ZV9zcGFjaW5nIiwic2VsZWN0b3JfaWQiOiI2NThjODc0YTI5ODY1Iiwic2hvcnRjb2RlIjoidmNfcm93IiwiZGF0YSI6eyJ0YWJsZXQiOnt9LCJtb2JpbGUiOnsibWFyZ2luLWJvdHRvbSI6IjMwcHgifX19&#8243; mobile_bg_img_hidden=\u00bbno\u00bb tablet_bg_img_hidden=\u00bbno\u00bb woodmart_parallax=\u00bb0&#8243; woodmart_gradient_switch=\u00bbno\u00bb row_reverse_mobile=\u00bb0&#8243; row_reverse_tablet=\u00bb0&#8243; woodmart_disable_overflow=\u00bb0&#8243; woodmart_box_shadow=\u00bbno\u00bb][vc_column width=\u00bb1\/2&#8243; css=\u00bb.vc_custom_1484657119633{padding-top: 0px !important;}\u00bb]\t\t<div id=\"wd-6990ba9adfa6a\" data-parallax='{\"y\":\"-80\",\"smoothness\":\"30\"}' class=\"wd-image wd-wpb wd-rs-6990ba9adfa6a text-left \">\n\t\t\t\n\t\t\t<img loading=\"lazy\" decoding=\"async\" width=\"900\" height=\"954\" src=\"https:\/\/linguaessence.com\/wp-content\/uploads\/2026\/02\/okladka_ebook-part2.webp\" class=\"attachment-full size-full\" alt=\"Ebook Business Mettings Language PART 2\" srcset=\"https:\/\/linguaessence.com\/wp-content\/uploads\/2026\/02\/okladka_ebook-part2.webp 900w, https:\/\/linguaessence.com\/wp-content\/uploads\/2026\/02\/okladka_ebook-part2-283x300.webp 283w, https:\/\/linguaessence.com\/wp-content\/uploads\/2026\/02\/okladka_ebook-part2-755x800.webp 755w, https:\/\/linguaessence.com\/wp-content\/uploads\/2026\/02\/okladka_ebook-part2-768x814.webp 768w, https:\/\/linguaessence.com\/wp-content\/uploads\/2026\/02\/okladka_ebook-part2-430x456.webp 430w, https:\/\/linguaessence.com\/wp-content\/uploads\/2026\/02\/okladka_ebook-part2-700x742.webp 700w, https:\/\/linguaessence.com\/wp-content\/uploads\/2026\/02\/okladka_ebook-part2-150x159.webp 150w\" sizes=\"auto, (max-width: 900px) 100vw, 900px\" \/>\n\t\t\t\t\t<\/div>\n\t\t[\/vc_column][vc_column width=\u00bb1\/2&#8243;]\t\t<div id=\"wd-699358c9552c4\" class=\"wd-text-block wd-wpb reset-last-child wd-rs-699358c9552c4 text-left \">\n\t\t\t<h2><strong>Parte 2 \u2013 Temas:<\/strong><\/h2>\n<ul>\n<li>Kaizen<\/li>\n<li>c\u00f3mo programar una reuni\u00f3n<\/li>\n<li>c\u00f3mo cancelar o reprogramar una reuni\u00f3n<\/li>\n<li>desaf\u00edos en el trabajo \u2013 alta carga de trabajo<\/li>\n<li><strong>ESTRUCTURA DE LA REUNI\u00d3N:<\/strong>\n<ul>\n<li>bienvenida<\/li>\n<li>objetivo de la reuni\u00f3n y agenda<\/li>\n<li>asuntos urgentes, revisi\u00f3n de tareas y proyectos actuales (KPIs, seguimiento)<\/li>\n<li>pr\u00f3ximos pasos<\/li>\n<li>resumen y cierre positivo<\/li>\n<\/ul>\n<\/li>\n<\/ul>\n\t\t<\/div>\n\t\t[\/vc_column][\/vc_row][vc_row full_width=\u00bbstretch_row\u00bb content_placement=\u00bbmiddle\u00bb woodmart_stretch_content=\u00bbsection-stretch\u00bb css=\u00bb.vc_custom_1703703618810{margin-bottom: 80px !important;padding-top: 20px !important;padding-bottom: 20px !important;background: rgba(255,255,255,0.15) url(https:\/\/linguaessence.com\/wp-content\/uploads\/2017\/06\/tlo_ebook_lingua.webp?id=9513) !important;*background-color: rgb(255,255,255) !important;}\u00bb woodmart_css_id=\u00bb658c7436b5aeb\u00bb responsive_spacing=\u00bbeyJwYXJhbV90eXBlIjoid29vZG1hcnRfcmVzcG9uc2l2ZV9zcGFjaW5nIiwic2VsZWN0b3JfaWQiOiI2NThjNzQzNmI1YWViIiwic2hvcnRjb2RlIjoidmNfcm93IiwiZGF0YSI6eyJ0YWJsZXQiOnt9LCJtb2JpbGUiOnt9fX0=\u00bb mobile_bg_img_hidden=\u00bbno\u00bb tablet_bg_img_hidden=\u00bbno\u00bb woodmart_parallax=\u00bb0&#8243; woodmart_gradient_switch=\u00bbno\u00bb row_reverse_mobile=\u00bb0&#8243; row_reverse_tablet=\u00bb0&#8243; woodmart_disable_overflow=\u00bb0&#8243; woodmart_box_shadow=\u00bbno\u00bb wd_z_index=\u00bbno\u00bb][vc_column css=\u00bb.vc_custom_1628587496966{margin-bottom: 20px !important;padding-top: 0px !important;}\u00bb offset=\u00bbvc_col-lg-6 vc_col-md-12&#8243; woodmart_css_id=\u00bb611245e4aee29&#8243; responsive_spacing=\u00bbeyJwYXJhbV90eXBlIjoid29vZG1hcnRfcmVzcG9uc2l2ZV9zcGFjaW5nIiwic2VsZWN0b3JfaWQiOiI2MTEyNDVlNGFlZTI5Iiwic2hvcnRjb2RlIjoidmNfY29sdW1uIiwiZGF0YSI6eyJ0YWJsZXQiOnt9LCJtb2JpbGUiOnt9fX0=\u00bb parallax_scroll=\u00bbno\u00bb mobile_bg_img_hidden=\u00bbno\u00bb tablet_bg_img_hidden=\u00bbno\u00bb woodmart_parallax=\u00bb0&#8243; woodmart_sticky_column=\u00bbfalse\u00bb mobile_reset_margin=\u00bbno\u00bb tablet_reset_margin=\u00bbno\u00bb][vc_row_inner content_placement=\u00bbtop\u00bb][vc_column_inner]\t\t\t<div class=\"info-box-wrapper\">\n\t\t\t\t<div id=\"wd-68a6085808e12\" class=\" wd-animation wd-transform wd-animation-right-flip-y wd-animation-slow wd-rs-68a6085808e12 wd-info-box wd-wpb text-left box-icon-align-top box-style-border color-scheme- wd-bg-none vc_custom_1755711601232\">\n\t\t\t\t\t\t\t\t\t\t\t<div class=\"box-icon-wrapper  box-with-text text-size-small box-icon-simple\">\n\t\t\t\t\t\t\t<div class=\"info-box-icon\">\n\t\t\t\t\t\t\t\t\u00bfQu\u00e9 encontrar\u00e1s en este libro?\t\t\t\t\t\t\t<\/div>\n\t\t\t\t\t\t<\/div>\n\t\t\t\t\t\t\t\t\t\t<div class=\"info-box-content\">\n\t\t\t\t\t\t\t\t\t\t\t\t<div class=\"info-box-inner reset-last-child\"><\/p>\n<ul>\n<li><span style=\"color: #333333;\"><strong>Muchos a\u00f1os de experiencia empresarial<\/strong> resumidos en un solo lugar. No encontrar\u00e1s un contenido tan bien estructurado en ning\u00fan libro acad\u00e9mico.<\/span><\/li>\n<li><span style=\"color: #333333;\">Gran cantidad de frases comerciales <strong>aut\u00e9nticas<\/strong> y <strong>pr\u00e1cticas<\/strong>, contextualizadas.<\/span>\n<ul>\n<li><span style=\"color: #333333;\">\u00a1Elige tus expresiones favoritas y \u00fasalas inmediatamente!<\/span><\/li>\n<li><span style=\"color: #333333;\">Muchas frases tambi\u00e9n se pueden aplicar fuera del contexto empresarial.<\/span><\/li>\n<\/ul>\n<\/li>\n<li><span style=\"color: #333333;\"><strong>Asociaciones visuales<\/strong> que potencian la memoria.<\/span><\/li>\n<li><span style=\"color: #333333;\">M\u00e1s de cien expresiones <strong>sin\u00f3nimas, phrasal verbs e modismos<\/strong> que te ayudar\u00e1n a enriquecer tu vocabulario significativamente. <\/span><\/li>\n<li><span style=\"color: #333333;\">Citas motivacionales relacionadas con el trabajo.<\/span><\/li>\n<li><span style=\"color: #333333;\"><strong>Lingua Essence CUADERNO BONIFICADO:<\/strong> rastreador de progreso, donde escribir\u00e1s tus frases nuevas\/favoritas para mantenerlas en un solo lugar.<\/span><\/li>\n<\/ul>\n<p>\n<\/div>\n\n\t\t\t\t\t\t\t\t\t\t\t<\/div>\n\n\t\t\t\t\t\n\t\t\t\t\t\t\t\t\t<\/div>\n\t\t\t<\/div>\n\t\t[\/vc_column_inner][\/vc_row_inner][\/vc_column][vc_column woodmart_bg_position=\u00bbcenter-center\u00bb css=\u00bb.vc_custom_1628587511402{margin-bottom: 20px !important;padding-top: 0px !important;background-position: 0 0 !important;background-repeat: no-repeat !important;}\u00bb offset=\u00bbvc_col-lg-6 vc_col-md-12&#8243; woodmart_css_id=\u00bb611245f3a62cd\u00bb responsive_spacing=\u00bbeyJwYXJhbV90eXBlIjoid29vZG1hcnRfcmVzcG9uc2l2ZV9zcGFjaW5nIiwic2VsZWN0b3JfaWQiOiI2MTEyNDVmM2E2MmNkIiwic2hvcnRjb2RlIjoidmNfY29sdW1uIiwiZGF0YSI6eyJ0YWJsZXQiOnt9LCJtb2JpbGUiOnt9fX0=\u00bb parallax_scroll=\u00bbno\u00bb mobile_bg_img_hidden=\u00bbno\u00bb tablet_bg_img_hidden=\u00bbno\u00bb woodmart_parallax=\u00bb0&#8243; woodmart_sticky_column=\u00bbfalse\u00bb mobile_reset_margin=\u00bbno\u00bb tablet_reset_margin=\u00bbno\u00bb][vc_row_inner content_placement=\u00bbtop\u00bb][vc_column_inner]\t\t\t<div class=\"info-box-wrapper\">\n\t\t\t\t<div id=\"wd-690cf258384c2\" class=\" wd-animation wd-transform wd-animation-left-flip-y wd-animation-slow wd-rs-690cf258384c2 wd-info-box wd-wpb text-left box-icon-align-top box-style-border color-scheme-dark wd-bg-none vc_custom_1762456164088\">\n\t\t\t\t\t\t\t\t\t\t\t<div class=\"box-icon-wrapper  box-with-text text-size-small box-icon-simple\">\n\t\t\t\t\t\t\t<div class=\"info-box-icon\">\n\t\t\t\t\t\t\t\t\u00bfPara qui\u00e9n es esta serie de libros?\t\t\t\t\t\t\t<\/div>\n\t\t\t\t\t\t<\/div>\n\t\t\t\t\t\t\t\t\t\t<div class=\"info-box-content\">\n\t\t\t\t\t\t\t\t\t\t\t\t<div class=\"info-box-inner reset-last-child\"><\/p>\n<ol>\n<li style=\"list-style-type: none;\">\n<ol>\n<li><span style=\"color: #333333;\">Es para cualquier persona en cualquier etapa de su carrera, desde aquellos que reci\u00e9n comienzan <strong>(estudiantes)<\/strong> hasta <strong>profesionales<\/strong> que desean aprender m\u00e1s idiomas extranjeros.<\/span><\/li>\n<li><span style=\"color: #333333;\">El nivel <strong>m\u00ednimo<\/strong> recomendado es <strong>B1<\/strong>.<\/span><\/li>\n<li><span style=\"color: #333333;\">Es para cualquiera que quiera participar con confianza en reuniones internacionales y mejorar sus habilidades comunicativas en varios idiomas.<\/span><\/li>\n<li>Atenci\u00f3n: este no es un curso de pronunciaci\u00f3n. La versi\u00f3n narrada (audiolibro) estar\u00e1 disponible para comprar por separado pronto.<\/li>\n<\/ol>\n<\/li>\n<\/ol>\n<p>Se recomendar\u00eda la aplicaci\u00f3n Quizlet o cualquier otra aplicaci\u00f3n con tarjetas did\u00e1cticas si necesitara una pronunciaci\u00f3n.<\/p>\n<\/div>\n\n\t\t\t\t\t\t\t\t\t\t\t<\/div>\n\n\t\t\t\t\t\n\t\t\t\t\t\t\t\t\t<\/div>\n\t\t\t<\/div>\n\t\t\t\t\t<div class=\"info-box-wrapper\">\n\t\t\t\t<div id=\"wd-68a60897943f5\" class=\" wd-animation wd-transform wd-animation-left-flip-y wd-animation-slow wd-rs-68a60897943f5 wd-info-box wd-wpb text-left box-icon-align-top box-style-border color-scheme-dark wd-bg-none vc_custom_1755711659636\">\n\t\t\t\t\t\t\t\t\t\t\t<div class=\"box-icon-wrapper  box-with-text text-size-small box-icon-simple\">\n\t\t\t\t\t\t\t<div class=\"info-box-icon\">\n\t\t\t\t\t\t\t\tAqu\u00ed no encontrar\u00e1s:\t\t\t\t\t\t\t<\/div>\n\t\t\t\t\t\t<\/div>\n\t\t\t\t\t\t\t\t\t\t<div class=\"info-box-content\">\n\t\t\t\t\t\t\t\t\t\t\t\t<div class=\"info-box-inner reset-last-child\"><\/p>\n<ul>\n<li>gram\u00e1tica compleja<\/li>\n<li>teor\u00edas y explicaciones extensas<\/li>\n<\/ul>\n<p>\n<\/div>\n\n\t\t\t\t\t\t\t\t\t\t\t<\/div>\n\n\t\t\t\t\t\n\t\t\t\t\t\t\t\t\t<\/div>\n\t\t\t<\/div>\n\t\t[\/vc_column_inner][\/vc_row_inner][\/vc_column][\/vc_row]<\/p>\n<\/div>","protected":false},"excerpt":{"rendered":"<p>Idioma: <strong>ingl\u00e9s \u2013 polaco<\/strong><\/p>\n<p><strong>Frases aut\u00e9nticas y bien pensadas<\/strong> utilizadas en el mundo financiero y empresarial.<\/p>\n<p>Gr\u00e1ficos cuidadosamente dise\u00f1ados con traducciones.<\/p>\n<p>Si aspiras a hablar profesionalmente en <strong>ingl\u00e9s<\/strong> o <strong>polaco<\/strong>, \u00a1este libro te ayudar\u00e1 a ampliar tu vocabulario de negocios al siguiente nivel!<\/p>\n<p>Mi misi\u00f3n es brindar al lector el mayor valor posible a partir de mi propia experiencia en las reuniones.<\/p>\n","protected":false},"featured_media":10956,"template":"","meta":[],"product_brand":[],"product_cat":[165],"product_tag":[167,168,170],"class_list":{"0":"post-10920","1":"product","2":"type-product","3":"status-publish","4":"has-post-thumbnail","6":"product_cat-ebook-es","7":"product_tag-ebook-es","8":"product_tag-ingles","9":"product_tag-polaco","10":"pa_format-pdf-es","11":"pa_language-ingles-polaco","13":"first","14":"outofstock","15":"downloadable","16":"virtual","17":"sold-individually","18":"taxable","19":"purchasable","20":"product-type-simple"},"yoast_head":"<!-- This site is optimized with the Yoast SEO plugin v27.4 - https:\/\/yoast.com\/product\/yoast-seo-wordpress\/ -->\n<title>Ebook-Business Mettings Language PARTE 1 (Ingl\u00e9s - Polaco)<\/title>\n<meta name=\"description\" content=\"Los eBooks de LE te ayudar\u00e1n a mejorar tu comunicaci\u00f3n si trabajas en un equipo internacional.\" \/>\n<meta name=\"robots\" content=\"index, follow, max-snippet:-1, max-image-preview:large, max-video-preview:-1\" \/>\n<link rel=\"canonical\" href=\"https:\/\/linguaessence.com\/es\/producto\/ebook-business-mettings-language-parte-2-ingles-polaco\/\" \/>\n<meta property=\"og:locale\" content=\"es_ES\" \/>\n<meta property=\"og:type\" content=\"article\" \/>\n<meta property=\"og:title\" content=\"Ebook-Business Mettings Language PARTE 1 (Ingl\u00e9s - Polaco)\" \/>\n<meta property=\"og:description\" content=\"Los eBooks de LE te ayudar\u00e1n a mejorar tu comunicaci\u00f3n si trabajas en un equipo internacional.\" \/>\n<meta property=\"og:url\" content=\"https:\/\/linguaessence.com\/es\/producto\/ebook-business-mettings-language-parte-2-ingles-polaco\/\" \/>\n<meta property=\"og:site_name\" content=\"linguaessence\" \/>\n<meta property=\"article:modified_time\" content=\"2026-02-16T17:50:12+00:00\" \/>\n<meta property=\"og:image\" content=\"https:\/\/linguaessence.com\/wp-content\/uploads\/2026\/02\/ebook-business-mettings-language-part-2-pl-cover.webp\" \/>\n\t<meta property=\"og:image:width\" content=\"720\" \/>\n\t<meta property=\"og:image:height\" content=\"720\" \/>\n\t<meta property=\"og:image:type\" content=\"image\/webp\" \/>\n<meta name=\"twitter:card\" content=\"summary_large_image\" \/>\n<meta name=\"twitter:label1\" content=\"Tiempo de lectura\" \/>\n\t<meta name=\"twitter:data1\" content=\"4 minutos\" \/>\n<script type=\"application\/ld+json\" class=\"yoast-schema-graph\">{\"@context\":\"https:\\\/\\\/schema.org\",\"@graph\":[{\"@type\":\"WebPage\",\"@id\":\"https:\\\/\\\/linguaessence.com\\\/es\\\/producto\\\/ebook-business-mettings-language-parte-2-ingles-polaco\\\/\",\"url\":\"https:\\\/\\\/linguaessence.com\\\/es\\\/producto\\\/ebook-business-mettings-language-parte-2-ingles-polaco\\\/\",\"name\":\"Ebook-Business Mettings Language PARTE 1 (Ingl\u00e9s - Polaco)\",\"isPartOf\":{\"@id\":\"https:\\\/\\\/linguaessence.com\\\/#website\"},\"primaryImageOfPage\":{\"@id\":\"https:\\\/\\\/linguaessence.com\\\/es\\\/producto\\\/ebook-business-mettings-language-parte-2-ingles-polaco\\\/#primaryimage\"},\"image\":{\"@id\":\"https:\\\/\\\/linguaessence.com\\\/es\\\/producto\\\/ebook-business-mettings-language-parte-2-ingles-polaco\\\/#primaryimage\"},\"thumbnailUrl\":\"https:\\\/\\\/linguaessence.com\\\/wp-content\\\/uploads\\\/2026\\\/02\\\/ebook-business-mettings-language-part-2-pl-cover.webp\",\"datePublished\":\"2026-02-13T19:10:43+00:00\",\"dateModified\":\"2026-02-16T17:50:12+00:00\",\"description\":\"Los eBooks de LE te ayudar\u00e1n a mejorar tu comunicaci\u00f3n si trabajas en un equipo internacional.\",\"breadcrumb\":{\"@id\":\"https:\\\/\\\/linguaessence.com\\\/es\\\/producto\\\/ebook-business-mettings-language-parte-2-ingles-polaco\\\/#breadcrumb\"},\"inLanguage\":\"es\",\"potentialAction\":[{\"@type\":\"ReadAction\",\"target\":[\"https:\\\/\\\/linguaessence.com\\\/es\\\/producto\\\/ebook-business-mettings-language-parte-2-ingles-polaco\\\/\"]}]},{\"@type\":\"ImageObject\",\"inLanguage\":\"es\",\"@id\":\"https:\\\/\\\/linguaessence.com\\\/es\\\/producto\\\/ebook-business-mettings-language-parte-2-ingles-polaco\\\/#primaryimage\",\"url\":\"https:\\\/\\\/linguaessence.com\\\/wp-content\\\/uploads\\\/2026\\\/02\\\/ebook-business-mettings-language-part-2-pl-cover.webp\",\"contentUrl\":\"https:\\\/\\\/linguaessence.com\\\/wp-content\\\/uploads\\\/2026\\\/02\\\/ebook-business-mettings-language-part-2-pl-cover.webp\",\"width\":720,\"height\":720,\"caption\":\"Ebook Business Mettings Language PART 2\"},{\"@type\":\"BreadcrumbList\",\"@id\":\"https:\\\/\\\/linguaessence.com\\\/es\\\/producto\\\/ebook-business-mettings-language-parte-2-ingles-polaco\\\/#breadcrumb\",\"itemListElement\":[{\"@type\":\"ListItem\",\"position\":1,\"name\":\"P\u00e1gina principal\",\"item\":\"https:\\\/\\\/linguaessence.com\\\/es\\\/\"},{\"@type\":\"ListItem\",\"position\":2,\"name\":\"Tienda\",\"item\":\"https:\\\/\\\/linguaessence.com\\\/es\\\/tienda\\\/\"},{\"@type\":\"ListItem\",\"position\":3,\"name\":\"Ebook Business Mettings Language PARTE 2 (Ingl\u00e9s &#8211; Polaco)\"}]},{\"@type\":\"WebSite\",\"@id\":\"https:\\\/\\\/linguaessence.com\\\/#website\",\"url\":\"https:\\\/\\\/linguaessence.com\\\/\",\"name\":\"linguaessence\",\"description\":\"\",\"potentialAction\":[{\"@type\":\"SearchAction\",\"target\":{\"@type\":\"EntryPoint\",\"urlTemplate\":\"https:\\\/\\\/linguaessence.com\\\/?s={search_term_string}\"},\"query-input\":{\"@type\":\"PropertyValueSpecification\",\"valueRequired\":true,\"valueName\":\"search_term_string\"}}],\"inLanguage\":\"es\"}]}<\/script>\n<!-- \/ Yoast SEO plugin. -->","yoast_head_json":{"title":"Ebook-Business Mettings Language PARTE 1 (Ingl\u00e9s - Polaco)","description":"Los eBooks de LE te ayudar\u00e1n a mejorar tu comunicaci\u00f3n si trabajas en un equipo internacional.","robots":{"index":"index","follow":"follow","max-snippet":"max-snippet:-1","max-image-preview":"max-image-preview:large","max-video-preview":"max-video-preview:-1"},"canonical":"https:\/\/linguaessence.com\/es\/producto\/ebook-business-mettings-language-parte-2-ingles-polaco\/","og_locale":"es_ES","og_type":"article","og_title":"Ebook-Business Mettings Language PARTE 1 (Ingl\u00e9s - Polaco)","og_description":"Los eBooks de LE te ayudar\u00e1n a mejorar tu comunicaci\u00f3n si trabajas en un equipo internacional.","og_url":"https:\/\/linguaessence.com\/es\/producto\/ebook-business-mettings-language-parte-2-ingles-polaco\/","og_site_name":"linguaessence","article_modified_time":"2026-02-16T17:50:12+00:00","og_image":[{"width":720,"height":720,"url":"https:\/\/linguaessence.com\/wp-content\/uploads\/2026\/02\/ebook-business-mettings-language-part-2-pl-cover.webp","type":"image\/webp"}],"twitter_card":"summary_large_image","twitter_misc":{"Tiempo de lectura":"4 minutos"},"schema":{"@context":"https:\/\/schema.org","@graph":[{"@type":"WebPage","@id":"https:\/\/linguaessence.com\/es\/producto\/ebook-business-mettings-language-parte-2-ingles-polaco\/","url":"https:\/\/linguaessence.com\/es\/producto\/ebook-business-mettings-language-parte-2-ingles-polaco\/","name":"Ebook-Business Mettings Language PARTE 1 (Ingl\u00e9s - Polaco)","isPartOf":{"@id":"https:\/\/linguaessence.com\/#website"},"primaryImageOfPage":{"@id":"https:\/\/linguaessence.com\/es\/producto\/ebook-business-mettings-language-parte-2-ingles-polaco\/#primaryimage"},"image":{"@id":"https:\/\/linguaessence.com\/es\/producto\/ebook-business-mettings-language-parte-2-ingles-polaco\/#primaryimage"},"thumbnailUrl":"https:\/\/linguaessence.com\/wp-content\/uploads\/2026\/02\/ebook-business-mettings-language-part-2-pl-cover.webp","datePublished":"2026-02-13T19:10:43+00:00","dateModified":"2026-02-16T17:50:12+00:00","description":"Los eBooks de LE te ayudar\u00e1n a mejorar tu comunicaci\u00f3n si trabajas en un equipo internacional.","breadcrumb":{"@id":"https:\/\/linguaessence.com\/es\/producto\/ebook-business-mettings-language-parte-2-ingles-polaco\/#breadcrumb"},"inLanguage":"es","potentialAction":[{"@type":"ReadAction","target":["https:\/\/linguaessence.com\/es\/producto\/ebook-business-mettings-language-parte-2-ingles-polaco\/"]}]},{"@type":"ImageObject","inLanguage":"es","@id":"https:\/\/linguaessence.com\/es\/producto\/ebook-business-mettings-language-parte-2-ingles-polaco\/#primaryimage","url":"https:\/\/linguaessence.com\/wp-content\/uploads\/2026\/02\/ebook-business-mettings-language-part-2-pl-cover.webp","contentUrl":"https:\/\/linguaessence.com\/wp-content\/uploads\/2026\/02\/ebook-business-mettings-language-part-2-pl-cover.webp","width":720,"height":720,"caption":"Ebook Business Mettings Language PART 2"},{"@type":"BreadcrumbList","@id":"https:\/\/linguaessence.com\/es\/producto\/ebook-business-mettings-language-parte-2-ingles-polaco\/#breadcrumb","itemListElement":[{"@type":"ListItem","position":1,"name":"P\u00e1gina principal","item":"https:\/\/linguaessence.com\/es\/"},{"@type":"ListItem","position":2,"name":"Tienda","item":"https:\/\/linguaessence.com\/es\/tienda\/"},{"@type":"ListItem","position":3,"name":"Ebook Business Mettings Language PARTE 2 (Ingl\u00e9s &#8211; Polaco)"}]},{"@type":"WebSite","@id":"https:\/\/linguaessence.com\/#website","url":"https:\/\/linguaessence.com\/","name":"linguaessence","description":"","potentialAction":[{"@type":"SearchAction","target":{"@type":"EntryPoint","urlTemplate":"https:\/\/linguaessence.com\/?s={search_term_string}"},"query-input":{"@type":"PropertyValueSpecification","valueRequired":true,"valueName":"search_term_string"}}],"inLanguage":"es"}]}},"_links":{"self":[{"href":"https:\/\/linguaessence.com\/es\/wp-json\/wp\/v2\/product\/10920","targetHints":{"allow":["GET"]}}],"collection":[{"href":"https:\/\/linguaessence.com\/es\/wp-json\/wp\/v2\/product"}],"about":[{"href":"https:\/\/linguaessence.com\/es\/wp-json\/wp\/v2\/types\/product"}],"wp:featuredmedia":[{"embeddable":true,"href":"https:\/\/linguaessence.com\/es\/wp-json\/wp\/v2\/media\/10956"}],"wp:attachment":[{"href":"https:\/\/linguaessence.com\/es\/wp-json\/wp\/v2\/media?parent=10920"}],"wp:term":[{"taxonomy":"product_brand","embeddable":true,"href":"https:\/\/linguaessence.com\/es\/wp-json\/wp\/v2\/product_brand?post=10920"},{"taxonomy":"product_cat","embeddable":true,"href":"https:\/\/linguaessence.com\/es\/wp-json\/wp\/v2\/product_cat?post=10920"},{"taxonomy":"product_tag","embeddable":true,"href":"https:\/\/linguaessence.com\/es\/wp-json\/wp\/v2\/product_tag?post=10920"}],"curies":[{"name":"wp","href":"https:\/\/api.w.org\/{rel}","templated":true}]}}