{"id":10627,"date":"2021-08-25T07:26:28","date_gmt":"2021-08-25T05:26:28","guid":{"rendered":"https:\/\/linguaessence.com\/?page_id=10627"},"modified":"2025-08-18T19:08:21","modified_gmt":"2025-08-18T17:08:21","slug":"sobre-mi","status":"publish","type":"page","link":"https:\/\/linguaessence.com\/es\/sobre-mi\/","title":{"rendered":"Sobre m\u00ed"},"content":{"rendered":"<div class=\"wpb-content-wrapper\"><p>[vc_row css=\u00bb.vc_custom_1629877038080{margin-bottom: 40px !important;}\u00bb mobile_bg_img_hidden=\u00bbno\u00bb tablet_bg_img_hidden=\u00bbno\u00bb woodmart_parallax=\u00bb0&#8243; woodmart_gradient_switch=\u00bbno\u00bb row_reverse_mobile=\u00bb1&#8243; row_reverse_tablet=\u00bb1&#8243; woodmart_disable_overflow=\u00bb0&#8243; wd_z_index=\u00bbno\u00bb woodmart_css_id=\u00bb6125f32826e3d\u00bb responsive_spacing=\u00bbeyJwYXJhbV90eXBlIjoid29vZG1hcnRfcmVzcG9uc2l2ZV9zcGFjaW5nIiwic2VsZWN0b3JfaWQiOiI2MTI1ZjMyODI2ZTNkIiwic2hvcnRjb2RlIjoidmNfcm93IiwiZGF0YSI6eyJ0YWJsZXQiOnt9LCJtb2JpbGUiOnsibWFyZ2luLWJvdHRvbSI6IjIwIn19fQ==\u00bb][vc_column css=\u00bb.vc_custom_1629877010833{margin-bottom: 40px !important;padding-top: 0px !important;}\u00bb mobile_bg_img_hidden=\u00bbno\u00bb tablet_bg_img_hidden=\u00bbno\u00bb woodmart_parallax=\u00bb0&#8243; woodmart_sticky_column=\u00bbfalse\u00bb parallax_scroll=\u00bbno\u00bb mobile_reset_margin=\u00bbno\u00bb tablet_reset_margin=\u00bbno\u00bb offset=\u00bbvc_col-lg-6 vc_col-md-6&#8243; wd_z_index=\u00bbno\u00bb woodmart_css_id=\u00bb6125f30edad72&#8243; responsive_spacing=\u00bbeyJwYXJhbV90eXBlIjoid29vZG1hcnRfcmVzcG9uc2l2ZV9zcGFjaW5nIiwic2VsZWN0b3JfaWQiOiI2MTI1ZjMwZWRhZDcyIiwic2hvcnRjb2RlIjoidmNfY29sdW1uIiwiZGF0YSI6eyJ0YWJsZXQiOnt9LCJtb2JpbGUiOnt9fX0=\u00bb]\t\t<div id=\"wd-686910727aba3\" class=\"wd-image wd-wpb wd-rs-686910727aba3 text-left vc_custom_1751715984512\">\n\t\t\t\n\t\t\t<img loading=\"lazy\" decoding=\"async\" width=\"627\" height=\"649\" src=\"https:\/\/linguaessence.com\/wp-content\/uploads\/2025\/07\/about_me.webp\" class=\"attachment-full size-full\" alt=\"about me\" srcset=\"https:\/\/linguaessence.com\/wp-content\/uploads\/2025\/07\/about_me.webp 627w, https:\/\/linguaessence.com\/wp-content\/uploads\/2025\/07\/about_me-290x300.webp 290w, https:\/\/linguaessence.com\/wp-content\/uploads\/2025\/07\/about_me-430x445.webp 430w, https:\/\/linguaessence.com\/wp-content\/uploads\/2025\/07\/about_me-150x155.webp 150w\" sizes=\"auto, (max-width: 627px) 100vw, 627px\" \/>\n\t\t\t\t\t<\/div>\n\t\t[\/vc_column][vc_column css=\u00bb.vc_custom_1629877027060{margin-bottom: 40px !important;padding-top: 40px !important;}\u00bb mobile_bg_img_hidden=\u00bbno\u00bb tablet_bg_img_hidden=\u00bbno\u00bb woodmart_parallax=\u00bb0&#8243; woodmart_sticky_column=\u00bbfalse\u00bb parallax_scroll=\u00bbno\u00bb mobile_reset_margin=\u00bbno\u00bb tablet_reset_margin=\u00bbno\u00bb offset=\u00bbvc_col-lg-offset-1 vc_col-lg-5 vc_col-md-6 vc_col-xs-12&#8243; wd_z_index=\u00bbno\u00bb woodmart_css_id=\u00bb6125f320eb687&#8243; responsive_spacing=\u00bbeyJwYXJhbV90eXBlIjoid29vZG1hcnRfcmVzcG9uc2l2ZV9zcGFjaW5nIiwic2VsZWN0b3JfaWQiOiI2MTI1ZjMyMGViNjg3Iiwic2hvcnRjb2RlIjoidmNfY29sdW1uIiwiZGF0YSI6eyJ0YWJsZXQiOnt9LCJtb2JpbGUiOnsicGFkZGluZy10b3AiOiIwIn19fQ==\u00bb]\n\t\t<div id=\"wd-68a350f3a9cd6\" class=\"title-wrapper wd-wpb wd-set-mb reset-last-child  wd-rs-68a350f3a9cd6 wd-title-color-primary wd-title-style-default text-left vc_custom_1755533693049 wd-underline-colored\">\n\t\t\t\t\t\t\t\n\t\t\t\t<div class=\"title-subtitle  subtitle-color-primary font-default subtitle-style-default wd-font-weight-600 wd-fontsize-xs\">\u00bfPor qu\u00e9 Lingua Essence?<\/div>\n\t\t\t\n\t\t\t<div class=\"liner-continer\">\n\t\t\t\t<h2 class=\"woodmart-title-container title  wd-font-weight- wd-fontsize-xxl\" >Brevemente sobre m\u00ed y Lingua Essence:<\/h2>\n\t\t\t\t\t\t\t<\/div>\n\t\t\t\n\t\t\t\n\t\t\t\n\t\t<\/div>\n\t\t\n\t\t\t\t<div id=\"wd-68a3517ed0323\" class=\"wd-text-block wd-wpb reset-last-child wd-rs-68a3517ed0323 text-left wd-fontsize-custom vc_custom_1755533860799\">\n\t\t\t<ul>\n<li>Despu\u00e9s de muchos a\u00f1os de experiencia en un <strong>equipo global<\/strong>, decid\u00ed escribir mi propio libro de idiomas cooperando con <strong>hablantes nativos<\/strong>. Ahora estoy feliz de compartirlo con aquellos que est\u00e9n interesados y que se beneficiar\u00e1n de \u00e9l.<\/li>\n<li>Lingua Essence te ofrecer\u00e1 libros electr\u00f3nicos en varios idiomas para que puedas alcanzar un mayor nivel de dominio en los idiomas elegidos.<\/li>\n<\/ul>\n<p>Cada autor aporta su experiencia \u00fanica; en mis libros encontrar\u00e1s conocimientos pr\u00e1cticos que podr\u00e1s aplicar de inmediato en tu comunicaci\u00f3n.<\/p>\n<p>\u00bfTe gustar\u00eda aceptar el desaf\u00edo y hablar diferentes idiomas? Consulta nuestra oferta.<\/p>\n<ul>\n<li style=\"list-style-type: none;\"><\/li>\n<\/ul>\n\t\t<\/div>\n\t\t[vc_separator color=\u00bbcustom\u00bb css=\u00bb.vc_custom_1615616514122{margin-bottom: 20px !important;padding-top: 10px !important;}\u00bb accent_color=\u00bbrgba(10,10,10,0.12)\u00bb][vc_row_inner content_placement=\u00bbmiddle\u00bb row_reverse_mobile=\u00bb0&#8243; row_reverse_tablet=\u00bb0&#8243;][vc_column_inner width=\u00bb1\/2&#8243; css=\u00bb.vc_custom_1617632364304{padding-top: 0px !important;}\u00bb]<div id=\"wd-68a35deb774a3\" class=\" wd-rs-68a35deb774a3 vc_custom_1755536899603 wd-button-wrapper text-left\"><a href=\"https:\/\/linguaessence.com\/es\/tienda\" title=\"\" target=\"_blank\" tienda=\"\" style=\"--btn-color:#fff;--btn-color-hover:#fff;\" class=\"btn btn-style-default btn-shape-round btn-size-default btn-full-width btn-icon-pos-left\">TIENDA<span class=\"wd-btn-icon\"><span class=\"wd-icon fa fa-solid fa-angles-right\"><\/span><\/span><\/a><\/div>[\/vc_column_inner][vc_column_inner width=\u00bb1\/2&#8243; css=\u00bb.vc_custom_1629877310132{padding-top: 0px !important;}\u00bb offset=\u00bbvc_hidden-sm vc_hidden-xs\u00bb wd_z_index=\u00bbno\u00bb woodmart_css_id=\u00bb6125f438bf39a\u00bb responsive_spacing=\u00bbeyJwYXJhbV90eXBlIjoid29vZG1hcnRfcmVzcG9uc2l2ZV9zcGFjaW5nIiwic2VsZWN0b3JfaWQiOiI2MTI1ZjQzOGJmMzlhIiwic2hvcnRjb2RlIjoidmNfY29sdW1uX2lubmVyIiwiZGF0YSI6eyJ0YWJsZXQiOnt9LCJtb2JpbGUiOnt9fX0=\u00bb]\t\t\t<div\n\t\t\t\t\t\tclass=\" wd-social-icons  wd-style-colored-alt wd-size-small social-share wd-shape-circle color-scheme-dark text-right\">\n\t\t\t\t\n\t\t\t\t\n\t\t\t\t\t\t\t\t\t<a rel=\"noopener noreferrer nofollow\" href=\"https:\/\/www.facebook.com\/sharer\/sharer.php?u=https:\/\/linguaessence.com\/es\/sobre-mi\/\" target=\"_blank\" class=\" wd-social-icon social-facebook\" aria-label=\"Facebook social link\">\n\t\t\t\t\t\t<span class=\"wd-icon\"><\/span>\n\t\t\t\t\t\t\t\t\t\t\t<\/a>\n\t\t\t\t\n\t\t\t\t\n\t\t\t\t\n\t\t\t\t\n\t\t\t\t\n\t\t\t\t\n\t\t\t\t\n\t\t\t\t\n\t\t\t\t\n\t\t\t\t\n\t\t\t\t\n\t\t\t\t\n\t\t\t\t\n\t\t\t\t\n\t\t\t\t\n\t\t\t\t\n\t\t\t\t\n\t\t\t\t\n\t\t\t\t\n\t\t\t\t\n\t\t\t\t\n\t\t\t\t\n\t\t\t\t\n\t\t\t\t\n\t\t\t\t\n\t\t\t\t\n\t\t\t<\/div>\n\n\t\t[\/vc_column_inner][\/vc_row_inner][\/vc_column][\/vc_row][vc_row full_width=\u00bbstretch_row\u00bb equal_height=\u00bbyes\u00bb content_placement=\u00bbmiddle\u00bb woodmart_bg_position=\u00bbright-center\u00bb woodmart_gradient_switch=\u00bbyes\u00bb css=\u00bb.vc_custom_1628495408211{margin-bottom: 90px !important;background-position: center !important;background-repeat: no-repeat !important;background-size: contain !important;}\u00bb woodmart_color_gradient=\u00bbrgb(248, 245, 240)-74\/rgb(255, 255, 255)-74\/|linear-gradient(left , rgb(248, 245, 240) 74% , rgb(255, 255, 255) 74%)|linear|left\u00bb woodmart_css_id=\u00bb6110de2d5c14c\u00bb responsive_spacing=\u00bbeyJwYXJhbV90eXBlIjoid29vZG1hcnRfcmVzcG9uc2l2ZV9zcGFjaW5nIiwic2VsZWN0b3JfaWQiOiI2MTEwZGUyZDVjMTRjIiwic2hvcnRjb2RlIjoidmNfcm93IiwiZGF0YSI6eyJ0YWJsZXQiOnt9LCJtb2JpbGUiOnsibWFyZ2luLWJvdHRvbSI6IjcwIn19fQ==\u00bb mobile_bg_img_hidden=\u00bbno\u00bb tablet_bg_img_hidden=\u00bbno\u00bb woodmart_parallax=\u00bb0&#8243; row_reverse_mobile=\u00bb0&#8243; row_reverse_tablet=\u00bb0&#8243; woodmart_disable_overflow=\u00bb0&#8243;][vc_column offset=\u00bbvc_col-lg-5 vc_col-md-6&#8243; css=\u00bb.vc_custom_1628495372303{padding-top: 80px !important;padding-bottom: 60px !important;}\u00bb woodmart_css_id=\u00bb6110de074002e\u00bb responsive_spacing=\u00bbeyJwYXJhbV90eXBlIjoid29vZG1hcnRfcmVzcG9uc2l2ZV9zcGFjaW5nIiwic2VsZWN0b3JfaWQiOiI2MTEwZGUwNzQwMDJlIiwic2hvcnRjb2RlIjoidmNfY29sdW1uIiwiZGF0YSI6eyJ0YWJsZXQiOnt9LCJtb2JpbGUiOnsicGFkZGluZy10b3AiOiI2MCJ9fX0=\u00bb parallax_scroll=\u00bbno\u00bb mobile_bg_img_hidden=\u00bbno\u00bb tablet_bg_img_hidden=\u00bbno\u00bb woodmart_parallax=\u00bb0&#8243; woodmart_sticky_column=\u00bbfalse\u00bb mobile_reset_margin=\u00bbno\u00bb tablet_reset_margin=\u00bbno\u00bb]\n\t\t<div id=\"wd-68a35913368c0\" class=\"title-wrapper wd-wpb wd-set-mb reset-last-child  wd-rs-68a35913368c0 wd-title-color-primary wd-title-style-default text-left vc_custom_1755535640108 wd-underline-colored\">\n\t\t\t\n\t\t\t<div class=\"liner-continer\">\n\t\t\t\t<h2 class=\"woodmart-title-container title  wd-font-weight- wd-fontsize-xxl\" >Business Meetings Language - eBooks para profesionales<\/h2>\n\t\t\t\t\t\t\t<\/div>\n\t\t\t\n\t\t\t\n\t\t\t\n\t\t<\/div>\n\t\t\n\t\t\t\t<div id=\"wd-68a35919aff18\" class=\"wd-text-block wd-wpb reset-last-child wd-rs-68a35919aff18 text-left wd-fontsize-custom \">\n\t\t\t<ul>\n<li><strong>Muchos a\u00f1os de experiencia<\/strong> empresarial resumidos en un solo lugar.<\/li>\n<li>Lingua Essence &#8211; Vocabulario <strong>en contexto<\/strong>, cientos de sin\u00f3nimos y <strong>expresiones del mundo<\/strong> empresarial, visualizaciones \u2013 asociaciones. Crea f\u00e1cilmente tu propio contexto siguiendo las frases sugeridas en el eBook.<\/li>\n<\/ul>\n\t\t<\/div>\n\t\t[\/vc_column][vc_column woodmart_bg_position=\u00bbright-center\u00bb offset=\u00bbvc_col-lg-7 vc_col-md-6 vc_hidden-sm vc_hidden-xs\u00bb css=\u00bb.vc_custom_1521449342079{padding-top: 0px !important;}\u00bb][vc_single_image image=\u00bb10443&#8243; img_size=\u00bbfull\u00bb css=\u00bb\u00bb parallax_scroll=\u00bbno\u00bb woodmart_inline=\u00bbno\u00bb][\/vc_column][\/vc_row][vc_row equal_height=\u00bbyes\u00bb content_placement=\u00bbmiddle\u00bb mobile_bg_img_hidden=\u00bbno\u00bb tablet_bg_img_hidden=\u00bbno\u00bb woodmart_parallax=\u00bb0&#8243; woodmart_gradient_switch=\u00bbno\u00bb row_reverse_mobile=\u00bb0&#8243; row_reverse_tablet=\u00bb0&#8243; woodmart_disable_overflow=\u00bb0&#8243; css=\u00bb.vc_custom_1708082402107{margin-bottom: 60px !important;}\u00bb woodmart_css_id=\u00bb65cf44d0ad289&#8243; responsive_spacing=\u00bbeyJwYXJhbV90eXBlIjoid29vZG1hcnRfcmVzcG9uc2l2ZV9zcGFjaW5nIiwic2VsZWN0b3JfaWQiOiI2NWNmNDRkMGFkMjg5Iiwic2hvcnRjb2RlIjoidmNfcm93IiwiZGF0YSI6eyJ0YWJsZXQiOnsibWFyZ2luLWJvdHRvbSI6IjIwcHgifSwibW9iaWxlIjp7Im1hcmdpbi1ib3R0b20iOiIwcHgifX19&#8243; woodmart_box_shadow=\u00bbno\u00bb wd_z_index=\u00bbno\u00bb][vc_column width=\u00bb1\/2&#8243; offset=\u00bbvc_col-lg-4 vc_col-md-4&#8243; mobile_bg_img_hidden=\u00bbno\u00bb tablet_bg_img_hidden=\u00bbno\u00bb woodmart_parallax=\u00bb0&#8243; woodmart_sticky_column=\u00bbfalse\u00bb parallax_scroll=\u00bbno\u00bb mobile_reset_margin=\u00bbno\u00bb tablet_reset_margin=\u00bbno\u00bb css=\u00bb.vc_custom_1678105341712{padding-top: 0px !important;}\u00bb woodmart_css_id=\u00bb6405daf6b006e\u00bb wd_collapsible_content_switcher=\u00bbno\u00bb wd_column_role_offcanvas_desktop=\u00bbno\u00bb wd_column_role_offcanvas_tablet=\u00bbno\u00bb wd_column_role_offcanvas_mobile=\u00bbno\u00bb wd_column_role_content_desktop=\u00bbno\u00bb wd_column_role_content_tablet=\u00bbno\u00bb wd_column_role_content_mobile=\u00bbno\u00bb woodmart_box_shadow=\u00bbno\u00bb responsive_spacing=\u00bbeyJwYXJhbV90eXBlIjoid29vZG1hcnRfcmVzcG9uc2l2ZV9zcGFjaW5nIiwic2VsZWN0b3JfaWQiOiI2NDA1ZGFmNmIwMDZlIiwic2hvcnRjb2RlIjoidmNfY29sdW1uIiwiZGF0YSI6eyJ0YWJsZXQiOnsibWFyZ2luLWJvdHRvbSI6IjQwIn0sIm1vYmlsZSI6eyJtYXJnaW4tYm90dG9tIjoiMzAifX19&#8243; wd_z_index=\u00bbno\u00bb]\t\t\t<div class=\"info-box-wrapper\">\n\t\t\t\t<div id=\"wd-68a35aa08e30b\" class=\" wd-rs-68a35aa08e30b wd-info-box wd-wpb text-left box-icon-align-left box-style- color-scheme- wd-bg-none wd-items-top \">\n\t\t\t\t\t\t\t\t\t\t<div class=\"info-box-content\">\n\t\t\t\t\t\t<h3 class=\"info-box-title title box-title-style-default wd-fontsize-xxl\">El libro completo est\u00e1 dividido en tres partes:<\/h3>\t\t\t\t\t\t<div class=\"info-box-inner reset-last-child\"><\/div>\n\n\t\t\t\t\t\t\t\t\t\t\t<\/div>\n\n\t\t\t\t\t\n\t\t\t\t\t\t\t\t\t<\/div>\n\t\t\t<\/div>\n\t\t[\/vc_column][vc_column offset=\u00bbvc_col-lg-7 vc_col-md-7 vc_col-xs-12&#8243; mobile_bg_img_hidden=\u00bbno\u00bb tablet_bg_img_hidden=\u00bbno\u00bb woodmart_parallax=\u00bb0&#8243; woodmart_sticky_column=\u00bbfalse\u00bb parallax_scroll=\u00bbno\u00bb mobile_reset_margin=\u00bbno\u00bb tablet_reset_margin=\u00bbno\u00bb css=\u00bb.vc_custom_1678105302115{margin-left: 10% !important;border-left-width: 1px !important;padding-top: 0px !important;padding-left: 10% !important;border-left-color: rgba(0,0,0,0.11) !important;border-left-style: solid !important;}\u00bb woodmart_css_id=\u00bb6405dac62e67e\u00bb wd_collapsible_content_switcher=\u00bbno\u00bb wd_column_role_offcanvas_desktop=\u00bbno\u00bb wd_column_role_offcanvas_tablet=\u00bbno\u00bb wd_column_role_offcanvas_mobile=\u00bbno\u00bb wd_column_role_content_desktop=\u00bbno\u00bb wd_column_role_content_tablet=\u00bbno\u00bb wd_column_role_content_mobile=\u00bbno\u00bb woodmart_box_shadow=\u00bbno\u00bb responsive_spacing=\u00bbeyJwYXJhbV90eXBlIjoid29vZG1hcnRfcmVzcG9uc2l2ZV9zcGFjaW5nIiwic2VsZWN0b3JfaWQiOiI2NDA1ZGFjNjJlNjdlIiwic2hvcnRjb2RlIjoidmNfY29sdW1uIiwiZGF0YSI6eyJ0YWJsZXQiOnsibWFyZ2luLWxlZnQiOiIwIiwiYm9yZGVyLWxlZnQtd2lkdGgiOiIwcHgiLCJwYWRkaW5nLWxlZnQiOiIxNSJ9LCJtb2JpbGUiOnt9fX0=\u00bb wd_z_index=\u00bbno\u00bb]\n\t\t<div id=\"wd-6761d91a1b5e5\" class=\"title-wrapper wd-wpb wd-set-mb reset-last-child  wd-rs-6761d91a1b5e5 wd-title-color-primary wd-title-style-default text-left  wd-title-empty wd-underline-colored\">\n\t\t\t\n\t\t\t<div class=\"liner-continer\">\n\t\t\t\t<h4 class=\"woodmart-title-container title  wd-font-weight- wd-fontsize-l\" ><\/h4>\n\t\t\t\t\t\t\t<\/div>\n\t\t\t\n\t\t\t\t\t\t\t<div class=\"title-after_title reset-last-child  wd-fontsize-xs\"><u>PART 1.<\/u> Breaking the ice \/ One-on-one \/ Team interactions \/ Tricky situations.<\/p>\n<p><u>PART 2.<\/u> Meeting Structure \/ Agenda \/ Updates \/ Problem Solving.<\/p>\n<p><u>PART 3.<\/u> Express yourself \/ Opinions \/ Feedback \/ Decision making.<\/div>\n\t\t\t\n\t\t\t\n\t\t<\/div>\n\t\t\n\t\t[\/vc_column][\/vc_row][vc_row woodmart_stretch_content=\u00bbsection-stretch-content-no-pd\u00bb woodmart_css_id=\u00bb65cf460363a99&#8243; responsive_spacing=\u00bbeyJwYXJhbV90eXBlIjoid29vZG1hcnRfcmVzcG9uc2l2ZV9zcGFjaW5nIiwic2VsZWN0b3JfaWQiOiI2NWNmNDYwMzYzYTk5Iiwic2hvcnRjb2RlIjoidmNfcm93IiwiZGF0YSI6eyJ0YWJsZXQiOnt9LCJtb2JpbGUiOnt9fX0=\u00bb mobile_bg_img_hidden=\u00bbno\u00bb tablet_bg_img_hidden=\u00bbno\u00bb woodmart_parallax=\u00bb0&#8243; woodmart_gradient_switch=\u00bbno\u00bb woodmart_box_shadow=\u00bbno\u00bb wd_z_index=\u00bbno\u00bb woodmart_disable_overflow=\u00bb0&#8243; row_reverse_mobile=\u00bb0&#8243; row_reverse_tablet=\u00bb0&#8243;][vc_column css=\u00bb.vc_custom_1708083000339{background-color: #7f2236 !important;}\u00bb woodmart_css_id=\u00bb65cf46ee913ac\u00bb parallax_scroll=\u00bbno\u00bb woodmart_sticky_column=\u00bbfalse\u00bb wd_collapsible_content_switcher=\u00bbno\u00bb wd_column_role_offcanvas_desktop=\u00bbno\u00bb wd_column_role_offcanvas_tablet=\u00bbno\u00bb wd_column_role_offcanvas_mobile=\u00bbno\u00bb wd_column_role_content_desktop=\u00bbno\u00bb wd_column_role_content_tablet=\u00bbno\u00bb wd_column_role_content_mobile=\u00bbno\u00bb mobile_bg_img_hidden=\u00bbno\u00bb tablet_bg_img_hidden=\u00bbno\u00bb woodmart_parallax=\u00bb0&#8243; woodmart_box_shadow=\u00bbno\u00bb responsive_spacing=\u00bbeyJwYXJhbV90eXBlIjoid29vZG1hcnRfcmVzcG9uc2l2ZV9zcGFjaW5nIiwic2VsZWN0b3JfaWQiOiI2NWNmNDZlZTkxM2FjIiwic2hvcnRjb2RlIjoidmNfY29sdW1uIiwiZGF0YSI6eyJ0YWJsZXQiOnt9LCJtb2JpbGUiOnt9fX0=\u00bb mobile_reset_margin=\u00bbno\u00bb tablet_reset_margin=\u00bbno\u00bb wd_z_index=\u00bbno\u00bb]\t\t\t<div class=\"info-box-wrapper\">\n\t\t\t\t<div id=\"wd-68a35cdb62bca\" class=\" wd-rs-68a35cdb62bca wd-info-box wd-wpb text-center box-icon-align-left box-style- color-scheme- wd-bg-none wd-items-top \">\n\t\t\t\t\t\t\t\t\t\t<div class=\"info-box-content\">\n\t\t\t\t\t\t<h4 class=\"info-box-title title box-title-style-underlined wd-fontsize-xxl\">\u00bfTe gustar\u00eda aceptar el desaf\u00edo y hablar diferentes idiomas?<\/h4>\t\t\t\t\t\t<div class=\"info-box-inner reset-last-child\"><\/p>\n<h3><span style=\"color: white;\">Alem\u00e1n \u2013 Espa\u00f1ol \u2013 Italiano \u2013 Franc\u00e9s \u2013 Pr\u00f3ximamente.<\/span><\/h3>\n<p>\n<\/div>\n\n\t\t\t\t\t\t\t\t\t\t\t<\/div>\n\n\t\t\t\t\t\n\t\t\t\t\t<style><\/style>\t\t\t\t<\/div>\n\t\t\t<\/div>\n\t\t[\/vc_column][\/vc_row]<\/p>\n<\/div>","protected":false},"excerpt":{"rendered":"<p>[vc_row css=\u00bb.vc_custom_1629877038080{margin-bottom: 40px !important;}\u00bb mobile_bg_img_hidden=\u00bbno\u00bb tablet_bg_img_hidden=\u00bbno\u00bb woodmart_parallax=\u00bb0&#8243; woodmart_gradient_switch=\u00bbno\u00bb row_reverse_mobile=\u00bb1&#8243; row_reverse_tablet=\u00bb1&#8243; woodmart_disable_overflow=\u00bb0&#8243; wd_z_index=\u00bbno\u00bb woodmart_css_id=\u00bb6125f32826e3d\u00bb responsive_spacing=\u00bbeyJwYXJhbV90eXBlIjoid29vZG1hcnRfcmVzcG9uc2l2ZV9zcGFjaW5nIiwic2VsZWN0b3JfaWQiOiI2MTI1ZjMyODI2ZTNkIiwic2hvcnRjb2RlIjoidmNfcm93IiwiZGF0YSI6eyJ0YWJsZXQiOnt9LCJtb2JpbGUiOnsibWFyZ2luLWJvdHRvbSI6IjIwIn19fQ==\u00bb][vc_column css=\u00bb.vc_custom_1629877010833{margin-bottom: 40px !important;padding-top: 0px !important;}\u00bb mobile_bg_img_hidden=\u00bbno\u00bb<\/p>\n","protected":false},"author":17,"featured_media":0,"parent":0,"menu_order":0,"comment_status":"closed","ping_status":"closed","template":"","meta":{"footnotes":""},"class_list":["post-10627","page","type-page","status-publish","hentry"],"yoast_head":"<!-- This site is optimized with the Yoast SEO plugin v27.4 - https:\/\/yoast.com\/product\/yoast-seo-wordpress\/ -->\n<title>Sobre m\u00ed<\/title>\n<meta name=\"description\" content=\"Despu\u00e9s de muchos a\u00f1os de experiencia en un equipo global, decid\u00ed escribir mi propio libro de idiomas cooperando con hablantes nativos.\" \/>\n<meta name=\"robots\" content=\"index, follow, max-snippet:-1, max-image-preview:large, max-video-preview:-1\" \/>\n<link rel=\"canonical\" href=\"https:\/\/linguaessence.com\/es\/sobre-mi\/\" \/>\n<meta property=\"og:locale\" content=\"es_ES\" \/>\n<meta property=\"og:type\" content=\"article\" \/>\n<meta property=\"og:title\" content=\"Sobre m\u00ed\" \/>\n<meta property=\"og:description\" content=\"Despu\u00e9s de muchos a\u00f1os de experiencia en un equipo global, decid\u00ed escribir mi propio libro de idiomas cooperando con hablantes nativos.\" \/>\n<meta property=\"og:url\" content=\"https:\/\/linguaessence.com\/es\/sobre-mi\/\" \/>\n<meta property=\"og:site_name\" content=\"linguaessence\" \/>\n<meta property=\"article:modified_time\" content=\"2025-08-18T17:08:21+00:00\" \/>\n<meta name=\"twitter:card\" content=\"summary_large_image\" \/>\n<meta name=\"twitter:label1\" content=\"Tiempo de lectura\" \/>\n\t<meta name=\"twitter:data1\" content=\"4 minutos\" \/>\n<script type=\"application\/ld+json\" class=\"yoast-schema-graph\">{\"@context\":\"https:\\\/\\\/schema.org\",\"@graph\":[{\"@type\":\"WebPage\",\"@id\":\"https:\\\/\\\/linguaessence.com\\\/es\\\/sobre-mi\\\/\",\"url\":\"https:\\\/\\\/linguaessence.com\\\/es\\\/sobre-mi\\\/\",\"name\":\"Sobre m\u00ed\",\"isPartOf\":{\"@id\":\"https:\\\/\\\/linguaessence.com\\\/#website\"},\"datePublished\":\"2021-08-25T05:26:28+00:00\",\"dateModified\":\"2025-08-18T17:08:21+00:00\",\"description\":\"Despu\u00e9s de muchos a\u00f1os de experiencia en un equipo global, decid\u00ed escribir mi propio libro de idiomas cooperando con hablantes nativos.\",\"breadcrumb\":{\"@id\":\"https:\\\/\\\/linguaessence.com\\\/es\\\/sobre-mi\\\/#breadcrumb\"},\"inLanguage\":\"es\",\"potentialAction\":[{\"@type\":\"ReadAction\",\"target\":[\"https:\\\/\\\/linguaessence.com\\\/es\\\/sobre-mi\\\/\"]}]},{\"@type\":\"BreadcrumbList\",\"@id\":\"https:\\\/\\\/linguaessence.com\\\/es\\\/sobre-mi\\\/#breadcrumb\",\"itemListElement\":[{\"@type\":\"ListItem\",\"position\":1,\"name\":\"P\u00e1gina principal\",\"item\":\"https:\\\/\\\/linguaessence.com\\\/es\\\/\"},{\"@type\":\"ListItem\",\"position\":2,\"name\":\"Sobre m\u00ed\"}]},{\"@type\":\"WebSite\",\"@id\":\"https:\\\/\\\/linguaessence.com\\\/#website\",\"url\":\"https:\\\/\\\/linguaessence.com\\\/\",\"name\":\"linguaessence\",\"description\":\"\",\"potentialAction\":[{\"@type\":\"SearchAction\",\"target\":{\"@type\":\"EntryPoint\",\"urlTemplate\":\"https:\\\/\\\/linguaessence.com\\\/?s={search_term_string}\"},\"query-input\":{\"@type\":\"PropertyValueSpecification\",\"valueRequired\":true,\"valueName\":\"search_term_string\"}}],\"inLanguage\":\"es\"}]}<\/script>\n<!-- \/ Yoast SEO plugin. -->","yoast_head_json":{"title":"Sobre m\u00ed","description":"Despu\u00e9s de muchos a\u00f1os de experiencia en un equipo global, decid\u00ed escribir mi propio libro de idiomas cooperando con hablantes nativos.","robots":{"index":"index","follow":"follow","max-snippet":"max-snippet:-1","max-image-preview":"max-image-preview:large","max-video-preview":"max-video-preview:-1"},"canonical":"https:\/\/linguaessence.com\/es\/sobre-mi\/","og_locale":"es_ES","og_type":"article","og_title":"Sobre m\u00ed","og_description":"Despu\u00e9s de muchos a\u00f1os de experiencia en un equipo global, decid\u00ed escribir mi propio libro de idiomas cooperando con hablantes nativos.","og_url":"https:\/\/linguaessence.com\/es\/sobre-mi\/","og_site_name":"linguaessence","article_modified_time":"2025-08-18T17:08:21+00:00","twitter_card":"summary_large_image","twitter_misc":{"Tiempo de lectura":"4 minutos"},"schema":{"@context":"https:\/\/schema.org","@graph":[{"@type":"WebPage","@id":"https:\/\/linguaessence.com\/es\/sobre-mi\/","url":"https:\/\/linguaessence.com\/es\/sobre-mi\/","name":"Sobre m\u00ed","isPartOf":{"@id":"https:\/\/linguaessence.com\/#website"},"datePublished":"2021-08-25T05:26:28+00:00","dateModified":"2025-08-18T17:08:21+00:00","description":"Despu\u00e9s de muchos a\u00f1os de experiencia en un equipo global, decid\u00ed escribir mi propio libro de idiomas cooperando con hablantes nativos.","breadcrumb":{"@id":"https:\/\/linguaessence.com\/es\/sobre-mi\/#breadcrumb"},"inLanguage":"es","potentialAction":[{"@type":"ReadAction","target":["https:\/\/linguaessence.com\/es\/sobre-mi\/"]}]},{"@type":"BreadcrumbList","@id":"https:\/\/linguaessence.com\/es\/sobre-mi\/#breadcrumb","itemListElement":[{"@type":"ListItem","position":1,"name":"P\u00e1gina principal","item":"https:\/\/linguaessence.com\/es\/"},{"@type":"ListItem","position":2,"name":"Sobre m\u00ed"}]},{"@type":"WebSite","@id":"https:\/\/linguaessence.com\/#website","url":"https:\/\/linguaessence.com\/","name":"linguaessence","description":"","potentialAction":[{"@type":"SearchAction","target":{"@type":"EntryPoint","urlTemplate":"https:\/\/linguaessence.com\/?s={search_term_string}"},"query-input":{"@type":"PropertyValueSpecification","valueRequired":true,"valueName":"search_term_string"}}],"inLanguage":"es"}]}},"_links":{"self":[{"href":"https:\/\/linguaessence.com\/es\/wp-json\/wp\/v2\/pages\/10627","targetHints":{"allow":["GET"]}}],"collection":[{"href":"https:\/\/linguaessence.com\/es\/wp-json\/wp\/v2\/pages"}],"about":[{"href":"https:\/\/linguaessence.com\/es\/wp-json\/wp\/v2\/types\/page"}],"author":[{"embeddable":true,"href":"https:\/\/linguaessence.com\/es\/wp-json\/wp\/v2\/users\/17"}],"replies":[{"embeddable":true,"href":"https:\/\/linguaessence.com\/es\/wp-json\/wp\/v2\/comments?post=10627"}],"version-history":[{"count":6,"href":"https:\/\/linguaessence.com\/es\/wp-json\/wp\/v2\/pages\/10627\/revisions"}],"predecessor-version":[{"id":10637,"href":"https:\/\/linguaessence.com\/es\/wp-json\/wp\/v2\/pages\/10627\/revisions\/10637"}],"wp:attachment":[{"href":"https:\/\/linguaessence.com\/es\/wp-json\/wp\/v2\/media?parent=10627"}],"curies":[{"name":"wp","href":"https:\/\/api.w.org\/{rel}","templated":true}]}}