{"id":10919,"date":"2026-02-13T20:10:43","date_gmt":"2026-02-13T19:10:43","guid":{"rendered":"https:\/\/linguaessence.com\/?post_type=product&#038;p=10919"},"modified":"2026-02-16T18:47:44","modified_gmt":"2026-02-16T17:47:44","slug":"ebook-business-mettings-language-part-2-englisch-polnisch","status":"publish","type":"product","link":"https:\/\/linguaessence.com\/de\/produkt\/ebook-business-mettings-language-part-2-englisch-polnisch\/","title":{"rendered":"Ebook Business Mettings Language PART 2 (Englisch &#8211; Polnisch)"},"content":{"rendered":"<div class=\"wpb-content-wrapper\"><p>[vc_row full_width=&#8220;stretch_row&#8220; woodmart_stretch_content=&#8220;section-stretch&#8220; css=&#8220;.vc_custom_1703696359349{margin-bottom: 20px !important;}&#8220; woodmart_css_id=&#8220;658c57dfbb905&#8243; responsive_spacing=&#8220;eyJwYXJhbV90eXBlIjoid29vZG1hcnRfcmVzcG9uc2l2ZV9zcGFjaW5nIiwic2VsZWN0b3JfaWQiOiI2NThjNTdkZmJiOTA1Iiwic2hvcnRjb2RlIjoidmNfcm93IiwiZGF0YSI6eyJ0YWJsZXQiOnt9LCJtb2JpbGUiOnt9fX0=&#8220; mobile_bg_img_hidden=&#8220;no&#8220; tablet_bg_img_hidden=&#8220;no&#8220; woodmart_parallax=&#8220;0&#8243; woodmart_gradient_switch=&#8220;no&#8220; woodmart_box_shadow=&#8220;no&#8220; wd_z_index=&#8220;no&#8220; woodmart_disable_overflow=&#8220;0&#8243; row_reverse_mobile=&#8220;0&#8243; row_reverse_tablet=&#8220;0&#8243;][vc_column css=&#8220;.vc_custom_1484657273903{padding-top: 0px !important;}&#8220;]\t\t<div id=\"wd-658497b6e03aa\" class=\"wd-text-block wd-wpb reset-last-child wd-rs-658497b6e03aa hidden-md hidden-sm hidden-xs text-center wd-font-weight-700 wd-fontsize-custom font-primary vc_custom_1703188417780\">\n\t\t\t<p>ESSENCE<\/p>\n\t\t<\/div>\n\t\t\n\t\t<div id=\"wd-6889255b6e5b4\" class=\"title-wrapper wd-wpb wd-set-mb reset-last-child  wd-rs-6889255b6e5b4 wd-title-color-default wd-title-style-default text-center vc_custom_1753818465174 wd-width-custom wd-underline-colored\">\n\t\t\t\n\t\t\t<div class=\"liner-continer\">\n\t\t\t\t<h2 class=\"woodmart-title-container title  wd-font-weight- wd-fontsize-l\" >Are you ready to take <u>your business<\/u> language skills to the next level?<\/h2>\n\t\t\t\t\t\t\t<\/div>\n\t\t\t\n\t\t\t\n\t\t\t\n\t\t<\/div>\n\t\t\n\t\t[\/vc_column][\/vc_row][vc_row equal_height=&#8220;yes&#8220; content_placement=&#8220;middle&#8220; wd_z_index=&#8220;no&#8220; woodmart_css_id=&#8220;658c874a29865&#8243; responsive_spacing=&#8220;eyJwYXJhbV90eXBlIjoid29vZG1hcnRfcmVzcG9uc2l2ZV9zcGFjaW5nIiwic2VsZWN0b3JfaWQiOiI2NThjODc0YTI5ODY1Iiwic2hvcnRjb2RlIjoidmNfcm93IiwiZGF0YSI6eyJ0YWJsZXQiOnt9LCJtb2JpbGUiOnsibWFyZ2luLWJvdHRvbSI6IjMwcHgifX19&#8243; mobile_bg_img_hidden=&#8220;no&#8220; tablet_bg_img_hidden=&#8220;no&#8220; woodmart_parallax=&#8220;0&#8243; woodmart_gradient_switch=&#8220;no&#8220; row_reverse_mobile=&#8220;0&#8243; row_reverse_tablet=&#8220;0&#8243; woodmart_disable_overflow=&#8220;0&#8243; woodmart_box_shadow=&#8220;no&#8220;][vc_column width=&#8220;1\/2&#8243; css=&#8220;.vc_custom_1484657119633{padding-top: 0px !important;}&#8220;]\t\t<div id=\"wd-674f5a9c12f7d\" data-parallax='{\"y\":\"-80\",\"smoothness\":\"30\"}' class=\"wd-image wd-wpb wd-rs-674f5a9c12f7d text-left \">\n\t\t\t\n\t\t\t<img loading=\"lazy\" decoding=\"async\" width=\"900\" height=\"954\" src=\"https:\/\/linguaessence.com\/wp-content\/uploads\/2024\/12\/okladka_ebook.webp\" class=\"attachment-full size-full\" alt=\"Business Mettings Language PART 1 (English - Polish)\" srcset=\"https:\/\/linguaessence.com\/wp-content\/uploads\/2024\/12\/okladka_ebook.webp 900w, https:\/\/linguaessence.com\/wp-content\/uploads\/2024\/12\/okladka_ebook-283x300.webp 283w, https:\/\/linguaessence.com\/wp-content\/uploads\/2024\/12\/okladka_ebook-755x800.webp 755w, https:\/\/linguaessence.com\/wp-content\/uploads\/2024\/12\/okladka_ebook-768x814.webp 768w, https:\/\/linguaessence.com\/wp-content\/uploads\/2024\/12\/okladka_ebook-430x456.webp 430w, https:\/\/linguaessence.com\/wp-content\/uploads\/2024\/12\/okladka_ebook-700x742.webp 700w, https:\/\/linguaessence.com\/wp-content\/uploads\/2024\/12\/okladka_ebook-150x159.webp 150w\" sizes=\"auto, (max-width: 900px) 100vw, 900px\" \/>\n\t\t\t\t\t<\/div>\n\t\t[\/vc_column][vc_column width=&#8220;1\/2&#8243;]\t\t<div id=\"wd-69935833e3701\" class=\"wd-text-block wd-wpb reset-last-child wd-rs-69935833e3701 text-left \">\n\t\t\t<h2><strong>Teil 2 \u2013 Themen:<\/strong><\/h2>\n<ul>\n<li>Kaizen<\/li>\n<li>wie man ein Meeting vereinbart<\/li>\n<li>wie man ein Meeting absagt oder verschiebt<\/li>\n<li>Herausforderungen bei der Arbeit \u2013 hohe Arbeitsbelastung<\/li>\n<li><strong>STRUKTUR DES MEETINGS:<\/strong>\n<ul>\n<li>Willkommen<\/li>\n<li>Ziel des Meetings und Agenda<\/li>\n<li>dringende Angelegenheiten, Besprechung aktueller Aufgaben und Projekte (KPIs, Monitoring)<\/li>\n<li>n\u00e4chste Schritte<\/li>\n<li>Zusammenfassung und positiver Abschluss<\/li>\n<\/ul>\n<\/li>\n<\/ul>\n\t\t<\/div>\n\t\t[\/vc_column][\/vc_row][vc_row full_width=&#8220;stretch_row&#8220; content_placement=&#8220;middle&#8220; woodmart_stretch_content=&#8220;section-stretch&#8220; css=&#8220;.vc_custom_1703703618810{margin-bottom: 80px !important;padding-top: 20px !important;padding-bottom: 20px !important;background: rgba(255,255,255,0.15) url(https:\/\/linguaessence.com\/wp-content\/uploads\/2017\/06\/tlo_ebook_lingua.webp?id=9513) !important;*background-color: rgb(255,255,255) !important;}&#8220; woodmart_css_id=&#8220;658c7436b5aeb&#8220; responsive_spacing=&#8220;eyJwYXJhbV90eXBlIjoid29vZG1hcnRfcmVzcG9uc2l2ZV9zcGFjaW5nIiwic2VsZWN0b3JfaWQiOiI2NThjNzQzNmI1YWViIiwic2hvcnRjb2RlIjoidmNfcm93IiwiZGF0YSI6eyJ0YWJsZXQiOnt9LCJtb2JpbGUiOnt9fX0=&#8220; mobile_bg_img_hidden=&#8220;no&#8220; tablet_bg_img_hidden=&#8220;no&#8220; woodmart_parallax=&#8220;0&#8243; woodmart_gradient_switch=&#8220;no&#8220; row_reverse_mobile=&#8220;0&#8243; row_reverse_tablet=&#8220;0&#8243; woodmart_disable_overflow=&#8220;0&#8243; woodmart_box_shadow=&#8220;no&#8220; wd_z_index=&#8220;no&#8220;][vc_column css=&#8220;.vc_custom_1628587496966{margin-bottom: 20px !important;padding-top: 0px !important;}&#8220; offset=&#8220;vc_col-lg-6 vc_col-md-12&#8243; woodmart_css_id=&#8220;611245e4aee29&#8243; responsive_spacing=&#8220;eyJwYXJhbV90eXBlIjoid29vZG1hcnRfcmVzcG9uc2l2ZV9zcGFjaW5nIiwic2VsZWN0b3JfaWQiOiI2MTEyNDVlNGFlZTI5Iiwic2hvcnRjb2RlIjoidmNfY29sdW1uIiwiZGF0YSI6eyJ0YWJsZXQiOnt9LCJtb2JpbGUiOnt9fX0=&#8220; parallax_scroll=&#8220;no&#8220; mobile_bg_img_hidden=&#8220;no&#8220; tablet_bg_img_hidden=&#8220;no&#8220; woodmart_parallax=&#8220;0&#8243; woodmart_sticky_column=&#8220;false&#8220; mobile_reset_margin=&#8220;no&#8220; tablet_reset_margin=&#8220;no&#8220;][vc_row_inner content_placement=&#8220;top&#8220;][vc_column_inner]\t\t\t<div class=\"info-box-wrapper\">\n\t\t\t\t<div id=\"wd-6889256a41c30\" class=\" wd-animation wd-transform wd-animation-right-flip-y wd-animation-slow wd-rs-6889256a41c30 wd-info-box wd-wpb text-left box-icon-align-top box-style-border color-scheme- wd-bg-none vc_custom_1753818479413\">\n\t\t\t\t\t\t\t\t\t\t\t<div class=\"box-icon-wrapper  box-with-text text-size-small box-icon-simple\">\n\t\t\t\t\t\t\t<div class=\"info-box-icon\">\n\t\t\t\t\t\t\t\tWas wirst du in diesem Buch finden?\t\t\t\t\t\t\t<\/div>\n\t\t\t\t\t\t<\/div>\n\t\t\t\t\t\t\t\t\t\t<div class=\"info-box-content\">\n\t\t\t\t\t\t\t\t\t\t\t\t<div class=\"info-box-inner reset-last-child\"><\/p>\n<ul>\n<li><span style=\"color: #333333;\"><strong>Viele Jahre Gesch\u00e4ftserfahrung <\/strong> an einem Ort zusammengefasst. Solch gut strukturierten Inhalt wirst du in keinem akademischen Buch finden.<\/span><\/li>\n<li><span style=\"color: #333333;\">Unz\u00e4hlige <strong>authentische, praktische<\/strong> Gesch\u00e4ftsphrasen <strong>im Kontext<\/strong>.<\/span>\n<ul>\n<li><span style=\"color: #333333;\">W\u00e4hle deine Lieblingsausdr\u00fccke und wende sie sofort an!<\/span><\/li>\n<li><span style=\"color: #333333;\">Viele Redewendungen k\u00f6nnen auch au\u00dferhalb eines Gesch\u00e4ftskontextes angewendet werden.<\/span><\/li>\n<\/ul>\n<\/li>\n<li><span style=\"color: #333333;\"><strong>Visuelle Assoziationen<\/strong>, die das Ged\u00e4chtnis verbessern.<\/span><\/li>\n<li><span style=\"color: #333333;\">Hunderte von <strong>Synonymen, Phrasenverben und Redewendungen<\/strong>, die dir helfen werden, deinen <strong>Wortschatz<\/strong> auf die n\u00e4chste Stufe zu erheben.<\/span><\/li>\n<li><span style=\"color: #333333;\">Arbeitsbezogene motivierende <strong>Zitate<\/strong>.<\/span><\/li>\n<li><span style=\"color: #333333;\"><strong>BONUS Lingua Essence NOTIZBUCH<\/strong> \u2013 Fortschrittstracker, in dem du deine neuen \/ <strong>Lieblingsphrasen<\/strong> notieren kannst, um sie an einem Ort zu sammeln.<\/span><\/li>\n<\/ul>\n<p>\n<\/div>\n\n\t\t\t\t\t\t\t\t\t\t\t<\/div>\n\n\t\t\t\t\t\n\t\t\t\t\t\t\t\t\t<\/div>\n\t\t\t<\/div>\n\t\t[\/vc_column_inner][\/vc_row_inner][\/vc_column][vc_column woodmart_bg_position=&#8220;center-center&#8220; css=&#8220;.vc_custom_1628587511402{margin-bottom: 20px !important;padding-top: 0px !important;background-position: 0 0 !important;background-repeat: no-repeat !important;}&#8220; offset=&#8220;vc_col-lg-6 vc_col-md-12&#8243; woodmart_css_id=&#8220;611245f3a62cd&#8220; responsive_spacing=&#8220;eyJwYXJhbV90eXBlIjoid29vZG1hcnRfcmVzcG9uc2l2ZV9zcGFjaW5nIiwic2VsZWN0b3JfaWQiOiI2MTEyNDVmM2E2MmNkIiwic2hvcnRjb2RlIjoidmNfY29sdW1uIiwiZGF0YSI6eyJ0YWJsZXQiOnt9LCJtb2JpbGUiOnt9fX0=&#8220; parallax_scroll=&#8220;no&#8220; mobile_bg_img_hidden=&#8220;no&#8220; tablet_bg_img_hidden=&#8220;no&#8220; woodmart_parallax=&#8220;0&#8243; woodmart_sticky_column=&#8220;false&#8220; mobile_reset_margin=&#8220;no&#8220; tablet_reset_margin=&#8220;no&#8220;][vc_row_inner content_placement=&#8220;top&#8220;][vc_column_inner]\t\t\t<div class=\"info-box-wrapper\">\n\t\t\t\t<div id=\"wd-690cf217b08f1\" class=\" wd-animation wd-transform wd-animation-left-flip-y wd-animation-slow wd-rs-690cf217b08f1 wd-info-box wd-wpb text-left box-icon-align-top box-style-border color-scheme-dark wd-bg-none vc_custom_1762456098478\">\n\t\t\t\t\t\t\t\t\t\t\t<div class=\"box-icon-wrapper  box-with-text text-size-small box-icon-simple\">\n\t\t\t\t\t\t\t<div class=\"info-box-icon\">\n\t\t\t\t\t\t\t\tF\u00fcr wen ist diese eBook-Serie?\t\t\t\t\t\t\t<\/div>\n\t\t\t\t\t\t<\/div>\n\t\t\t\t\t\t\t\t\t\t<div class=\"info-box-content\">\n\t\t\t\t\t\t\t\t\t\t\t\t<div class=\"info-box-inner reset-last-child\"><\/p>\n<ol>\n<li style=\"list-style-type: none;\">\n<ol>\n<li><span style=\"color: #333333;\">Sie ist f\u00fcr jeden in jeder Phase seiner Karriere, von Anf\u00e4ngern <strong>(studenten)<\/strong> bis hin zu <strong>Profis<\/strong>, die mehr Fremdsprachen lernen m\u00f6chten.<\/span><\/li>\n<li><span style=\"color: #333333;\">Die <strong>mindestempfohlene<\/strong> Stufe ist <strong>B1<\/strong>.<\/span><\/li>\n<li><span style=\"color: #333333;\">Sie ist f\u00fcr jeden, der selbstbewusst an internationalen Meetings teilnehmen und seine Kommunikationsf\u00e4higkeiten in verschiedenen Sprachen verbessern m\u00f6chte.<\/span><\/li>\n<li>Hinweis: Dies ist kein Aussprachekurs. Die gelesene Version (H\u00f6rbuch) wird bald separat erh\u00e4ltlich sein.<\/li>\n<\/ol>\n<\/li>\n<\/ol>\n<p><span style=\"color: #333333;\">Quizlet app or any other app with flashcards would be recommended if you would needed a pronunciation.<\/span><\/p>\n<\/div>\n\n\t\t\t\t\t\t\t\t\t\t\t<\/div>\n\n\t\t\t\t\t\n\t\t\t\t\t\t\t\t\t<\/div>\n\t\t\t<\/div>\n\t\t\t\t\t<div class=\"info-box-wrapper\">\n\t\t\t\t<div id=\"wd-68892575cff04\" class=\" wd-animation wd-transform wd-animation-left-flip-y wd-animation-slow wd-rs-68892575cff04 wd-info-box wd-wpb text-left box-icon-align-top box-style-border color-scheme-dark wd-bg-none vc_custom_1753818490924\">\n\t\t\t\t\t\t\t\t\t\t\t<div class=\"box-icon-wrapper  box-with-text text-size-small box-icon-simple\">\n\t\t\t\t\t\t\t<div class=\"info-box-icon\">\n\t\t\t\t\t\t\t\tHier wirst du nicht finden:\t\t\t\t\t\t\t<\/div>\n\t\t\t\t\t\t<\/div>\n\t\t\t\t\t\t\t\t\t\t<div class=\"info-box-content\">\n\t\t\t\t\t\t\t\t\t\t\t\t<div class=\"info-box-inner reset-last-child\"><\/p>\n<ul>\n<li><span style=\"color: #333333;\">komplexe Grammatik<\/span><\/li>\n<li><span style=\"color: #333333;\">ausf\u00fchrliche Theorien und Erkl\u00e4rungen<\/span><\/li>\n<\/ul>\n<p>\n<\/div>\n\n\t\t\t\t\t\t\t\t\t\t\t<\/div>\n\n\t\t\t\t\t\n\t\t\t\t\t\t\t\t\t<\/div>\n\t\t\t<\/div>\n\t\t[\/vc_column_inner][\/vc_row_inner][\/vc_column][\/vc_row]<\/p>\n<\/div>","protected":false},"excerpt":{"rendered":"<p>Sprache: <strong>Englisch \u2013 Polnisch<\/strong><\/p>\n<p><strong>Authentische und gut durchdachte Phrasen<\/strong>, die in <strong>der Unternehmens- und Gesch\u00e4ftswelt<\/strong> verwendet werden.<\/p>\n<p>Sorgf\u00e4ltig gestaltete Grafiken mit \u00dcbersetzungen.<\/p>\n<p>Wenn du anstrebst, professionell auf <strong>Englisch oder Deutsch<\/strong> zu sprechen, wird dir dieses Buch helfen, deinen Gesch\u00e4ftswortschatz auf die n\u00e4chste Stufe zu heben!<\/p>\n<p>Meine Mission ist es, dem Leser den gr\u00f6\u00dftm\u00f6glichen Nutzen aus meinen eigenen Erfahrungen in Meetings zu vermitteln.<\/p>\n","protected":false},"featured_media":10954,"template":"","meta":[],"product_brand":[],"product_cat":[145],"product_tag":[148,149,150,181],"class_list":{"0":"post-10919","1":"product","2":"type-product","3":"status-publish","4":"has-post-thumbnail","6":"product_cat-ebook-de","7":"product_tag-ebook-de","8":"product_tag-englisch","9":"product_tag-polnisch","10":"product_tag-teil-2","11":"pa_format-pdf-de","12":"pa_language-englisch-polnisch","14":"first","15":"outofstock","16":"downloadable","17":"virtual","18":"sold-individually","19":"taxable","20":"purchasable","21":"product-type-simple"},"yoast_head":"<!-- This site is optimized with the Yoast SEO plugin v27.4 - https:\/\/yoast.com\/product\/yoast-seo-wordpress\/ -->\n<title>Ebook Business Mettings Language PART 2 (Englisch - Polnisch)<\/title>\n<meta name=\"description\" content=\"Ebook Business Mettings Language PART 2. Authentische und gut durchdachte Phrasen, die in der Unternehmens- und Gesch\u00e4ftswelt verwendet werden.\" \/>\n<meta name=\"robots\" content=\"index, follow, max-snippet:-1, max-image-preview:large, max-video-preview:-1\" \/>\n<link rel=\"canonical\" href=\"https:\/\/linguaessence.com\/de\/produkt\/ebook-business-mettings-language-part-2-englisch-polnisch\/\" \/>\n<meta property=\"og:locale\" content=\"de_DE\" \/>\n<meta property=\"og:type\" content=\"article\" \/>\n<meta property=\"og:title\" content=\"Ebook Business Mettings Language PART 2 (Englisch - Polnisch)\" \/>\n<meta property=\"og:description\" content=\"Ebook Business Mettings Language PART 2. Authentische und gut durchdachte Phrasen, die in der Unternehmens- und Gesch\u00e4ftswelt verwendet werden.\" \/>\n<meta property=\"og:url\" content=\"https:\/\/linguaessence.com\/de\/produkt\/ebook-business-mettings-language-part-2-englisch-polnisch\/\" \/>\n<meta property=\"og:site_name\" content=\"linguaessence\" \/>\n<meta property=\"article:modified_time\" content=\"2026-02-16T17:47:44+00:00\" \/>\n<meta property=\"og:image\" content=\"https:\/\/linguaessence.com\/wp-content\/uploads\/2026\/02\/ebook-business-mettings-language-part-2-pl-cover.webp\" \/>\n\t<meta property=\"og:image:width\" content=\"720\" \/>\n\t<meta property=\"og:image:height\" content=\"720\" \/>\n\t<meta property=\"og:image:type\" content=\"image\/webp\" \/>\n<meta name=\"twitter:card\" content=\"summary_large_image\" \/>\n<meta name=\"twitter:label1\" content=\"Gesch\u00e4tzte Lesezeit\" \/>\n\t<meta name=\"twitter:data1\" content=\"4\u00a0Minuten\" \/>\n<script type=\"application\/ld+json\" class=\"yoast-schema-graph\">{\"@context\":\"https:\\\/\\\/schema.org\",\"@graph\":[{\"@type\":\"WebPage\",\"@id\":\"https:\\\/\\\/linguaessence.com\\\/de\\\/produkt\\\/ebook-business-mettings-language-part-2-englisch-polnisch\\\/\",\"url\":\"https:\\\/\\\/linguaessence.com\\\/de\\\/produkt\\\/ebook-business-mettings-language-part-2-englisch-polnisch\\\/\",\"name\":\"Ebook Business Mettings Language PART 2 (Englisch - Polnisch)\",\"isPartOf\":{\"@id\":\"https:\\\/\\\/linguaessence.com\\\/#website\"},\"primaryImageOfPage\":{\"@id\":\"https:\\\/\\\/linguaessence.com\\\/de\\\/produkt\\\/ebook-business-mettings-language-part-2-englisch-polnisch\\\/#primaryimage\"},\"image\":{\"@id\":\"https:\\\/\\\/linguaessence.com\\\/de\\\/produkt\\\/ebook-business-mettings-language-part-2-englisch-polnisch\\\/#primaryimage\"},\"thumbnailUrl\":\"https:\\\/\\\/linguaessence.com\\\/wp-content\\\/uploads\\\/2026\\\/02\\\/ebook-business-mettings-language-part-2-pl-cover.webp\",\"datePublished\":\"2026-02-13T19:10:43+00:00\",\"dateModified\":\"2026-02-16T17:47:44+00:00\",\"description\":\"Ebook Business Mettings Language PART 2. Authentische und gut durchdachte Phrasen, die in der Unternehmens- und Gesch\u00e4ftswelt verwendet werden.\",\"breadcrumb\":{\"@id\":\"https:\\\/\\\/linguaessence.com\\\/de\\\/produkt\\\/ebook-business-mettings-language-part-2-englisch-polnisch\\\/#breadcrumb\"},\"inLanguage\":\"de\",\"potentialAction\":[{\"@type\":\"ReadAction\",\"target\":[\"https:\\\/\\\/linguaessence.com\\\/de\\\/produkt\\\/ebook-business-mettings-language-part-2-englisch-polnisch\\\/\"]}]},{\"@type\":\"ImageObject\",\"inLanguage\":\"de\",\"@id\":\"https:\\\/\\\/linguaessence.com\\\/de\\\/produkt\\\/ebook-business-mettings-language-part-2-englisch-polnisch\\\/#primaryimage\",\"url\":\"https:\\\/\\\/linguaessence.com\\\/wp-content\\\/uploads\\\/2026\\\/02\\\/ebook-business-mettings-language-part-2-pl-cover.webp\",\"contentUrl\":\"https:\\\/\\\/linguaessence.com\\\/wp-content\\\/uploads\\\/2026\\\/02\\\/ebook-business-mettings-language-part-2-pl-cover.webp\",\"width\":720,\"height\":720,\"caption\":\"Ebook Business Mettings Language PART 2\"},{\"@type\":\"BreadcrumbList\",\"@id\":\"https:\\\/\\\/linguaessence.com\\\/de\\\/produkt\\\/ebook-business-mettings-language-part-2-englisch-polnisch\\\/#breadcrumb\",\"itemListElement\":[{\"@type\":\"ListItem\",\"position\":1,\"name\":\"Startseite\",\"item\":\"https:\\\/\\\/linguaessence.com\\\/de\\\/\"},{\"@type\":\"ListItem\",\"position\":2,\"name\":\"Shop\",\"item\":\"https:\\\/\\\/linguaessence.com\\\/de\\\/shop\\\/\"},{\"@type\":\"ListItem\",\"position\":3,\"name\":\"Ebook Business Mettings Language PART 2 (Englisch &#8211; Polnisch)\"}]},{\"@type\":\"WebSite\",\"@id\":\"https:\\\/\\\/linguaessence.com\\\/#website\",\"url\":\"https:\\\/\\\/linguaessence.com\\\/\",\"name\":\"linguaessence\",\"description\":\"\",\"potentialAction\":[{\"@type\":\"SearchAction\",\"target\":{\"@type\":\"EntryPoint\",\"urlTemplate\":\"https:\\\/\\\/linguaessence.com\\\/?s={search_term_string}\"},\"query-input\":{\"@type\":\"PropertyValueSpecification\",\"valueRequired\":true,\"valueName\":\"search_term_string\"}}],\"inLanguage\":\"de\"}]}<\/script>\n<!-- \/ Yoast SEO plugin. -->","yoast_head_json":{"title":"Ebook Business Mettings Language PART 2 (Englisch - Polnisch)","description":"Ebook Business Mettings Language PART 2. Authentische und gut durchdachte Phrasen, die in der Unternehmens- und Gesch\u00e4ftswelt verwendet werden.","robots":{"index":"index","follow":"follow","max-snippet":"max-snippet:-1","max-image-preview":"max-image-preview:large","max-video-preview":"max-video-preview:-1"},"canonical":"https:\/\/linguaessence.com\/de\/produkt\/ebook-business-mettings-language-part-2-englisch-polnisch\/","og_locale":"de_DE","og_type":"article","og_title":"Ebook Business Mettings Language PART 2 (Englisch - Polnisch)","og_description":"Ebook Business Mettings Language PART 2. Authentische und gut durchdachte Phrasen, die in der Unternehmens- und Gesch\u00e4ftswelt verwendet werden.","og_url":"https:\/\/linguaessence.com\/de\/produkt\/ebook-business-mettings-language-part-2-englisch-polnisch\/","og_site_name":"linguaessence","article_modified_time":"2026-02-16T17:47:44+00:00","og_image":[{"width":720,"height":720,"url":"https:\/\/linguaessence.com\/wp-content\/uploads\/2026\/02\/ebook-business-mettings-language-part-2-pl-cover.webp","type":"image\/webp"}],"twitter_card":"summary_large_image","twitter_misc":{"Gesch\u00e4tzte Lesezeit":"4\u00a0Minuten"},"schema":{"@context":"https:\/\/schema.org","@graph":[{"@type":"WebPage","@id":"https:\/\/linguaessence.com\/de\/produkt\/ebook-business-mettings-language-part-2-englisch-polnisch\/","url":"https:\/\/linguaessence.com\/de\/produkt\/ebook-business-mettings-language-part-2-englisch-polnisch\/","name":"Ebook Business Mettings Language PART 2 (Englisch - Polnisch)","isPartOf":{"@id":"https:\/\/linguaessence.com\/#website"},"primaryImageOfPage":{"@id":"https:\/\/linguaessence.com\/de\/produkt\/ebook-business-mettings-language-part-2-englisch-polnisch\/#primaryimage"},"image":{"@id":"https:\/\/linguaessence.com\/de\/produkt\/ebook-business-mettings-language-part-2-englisch-polnisch\/#primaryimage"},"thumbnailUrl":"https:\/\/linguaessence.com\/wp-content\/uploads\/2026\/02\/ebook-business-mettings-language-part-2-pl-cover.webp","datePublished":"2026-02-13T19:10:43+00:00","dateModified":"2026-02-16T17:47:44+00:00","description":"Ebook Business Mettings Language PART 2. Authentische und gut durchdachte Phrasen, die in der Unternehmens- und Gesch\u00e4ftswelt verwendet werden.","breadcrumb":{"@id":"https:\/\/linguaessence.com\/de\/produkt\/ebook-business-mettings-language-part-2-englisch-polnisch\/#breadcrumb"},"inLanguage":"de","potentialAction":[{"@type":"ReadAction","target":["https:\/\/linguaessence.com\/de\/produkt\/ebook-business-mettings-language-part-2-englisch-polnisch\/"]}]},{"@type":"ImageObject","inLanguage":"de","@id":"https:\/\/linguaessence.com\/de\/produkt\/ebook-business-mettings-language-part-2-englisch-polnisch\/#primaryimage","url":"https:\/\/linguaessence.com\/wp-content\/uploads\/2026\/02\/ebook-business-mettings-language-part-2-pl-cover.webp","contentUrl":"https:\/\/linguaessence.com\/wp-content\/uploads\/2026\/02\/ebook-business-mettings-language-part-2-pl-cover.webp","width":720,"height":720,"caption":"Ebook Business Mettings Language PART 2"},{"@type":"BreadcrumbList","@id":"https:\/\/linguaessence.com\/de\/produkt\/ebook-business-mettings-language-part-2-englisch-polnisch\/#breadcrumb","itemListElement":[{"@type":"ListItem","position":1,"name":"Startseite","item":"https:\/\/linguaessence.com\/de\/"},{"@type":"ListItem","position":2,"name":"Shop","item":"https:\/\/linguaessence.com\/de\/shop\/"},{"@type":"ListItem","position":3,"name":"Ebook Business Mettings Language PART 2 (Englisch &#8211; Polnisch)"}]},{"@type":"WebSite","@id":"https:\/\/linguaessence.com\/#website","url":"https:\/\/linguaessence.com\/","name":"linguaessence","description":"","potentialAction":[{"@type":"SearchAction","target":{"@type":"EntryPoint","urlTemplate":"https:\/\/linguaessence.com\/?s={search_term_string}"},"query-input":{"@type":"PropertyValueSpecification","valueRequired":true,"valueName":"search_term_string"}}],"inLanguage":"de"}]}},"_links":{"self":[{"href":"https:\/\/linguaessence.com\/de\/wp-json\/wp\/v2\/product\/10919","targetHints":{"allow":["GET"]}}],"collection":[{"href":"https:\/\/linguaessence.com\/de\/wp-json\/wp\/v2\/product"}],"about":[{"href":"https:\/\/linguaessence.com\/de\/wp-json\/wp\/v2\/types\/product"}],"wp:featuredmedia":[{"embeddable":true,"href":"https:\/\/linguaessence.com\/de\/wp-json\/wp\/v2\/media\/10954"}],"wp:attachment":[{"href":"https:\/\/linguaessence.com\/de\/wp-json\/wp\/v2\/media?parent=10919"}],"wp:term":[{"taxonomy":"product_brand","embeddable":true,"href":"https:\/\/linguaessence.com\/de\/wp-json\/wp\/v2\/product_brand?post=10919"},{"taxonomy":"product_cat","embeddable":true,"href":"https:\/\/linguaessence.com\/de\/wp-json\/wp\/v2\/product_cat?post=10919"},{"taxonomy":"product_tag","embeddable":true,"href":"https:\/\/linguaessence.com\/de\/wp-json\/wp\/v2\/product_tag?post=10919"}],"curies":[{"name":"wp","href":"https:\/\/api.w.org\/{rel}","templated":true}]}}