{"id":10400,"date":"2021-08-25T07:26:28","date_gmt":"2021-08-25T05:26:28","guid":{"rendered":"https:\/\/linguaessence.com\/?page_id=10400"},"modified":"2025-07-09T19:09:12","modified_gmt":"2025-07-09T17:09:12","slug":"ueber-mich","status":"publish","type":"page","link":"https:\/\/linguaessence.com\/de\/ueber-mich\/","title":{"rendered":"\u00dcber mich"},"content":{"rendered":"<div class=\"wpb-content-wrapper\"><p>[vc_row css=&#8220;.vc_custom_1629877038080{margin-bottom: 40px !important;}&#8220; mobile_bg_img_hidden=&#8220;no&#8220; tablet_bg_img_hidden=&#8220;no&#8220; woodmart_parallax=&#8220;0&#8243; woodmart_gradient_switch=&#8220;no&#8220; row_reverse_mobile=&#8220;1&#8243; row_reverse_tablet=&#8220;1&#8243; woodmart_disable_overflow=&#8220;0&#8243; wd_z_index=&#8220;no&#8220; woodmart_css_id=&#8220;6125f32826e3d&#8220; responsive_spacing=&#8220;eyJwYXJhbV90eXBlIjoid29vZG1hcnRfcmVzcG9uc2l2ZV9zcGFjaW5nIiwic2VsZWN0b3JfaWQiOiI2MTI1ZjMyODI2ZTNkIiwic2hvcnRjb2RlIjoidmNfcm93IiwiZGF0YSI6eyJ0YWJsZXQiOnt9LCJtb2JpbGUiOnsibWFyZ2luLWJvdHRvbSI6IjIwIn19fQ==&#8220;][vc_column css=&#8220;.vc_custom_1629877010833{margin-bottom: 40px !important;padding-top: 0px !important;}&#8220; mobile_bg_img_hidden=&#8220;no&#8220; tablet_bg_img_hidden=&#8220;no&#8220; woodmart_parallax=&#8220;0&#8243; woodmart_sticky_column=&#8220;false&#8220; parallax_scroll=&#8220;no&#8220; mobile_reset_margin=&#8220;no&#8220; tablet_reset_margin=&#8220;no&#8220; offset=&#8220;vc_col-lg-6 vc_col-md-6&#8243; wd_z_index=&#8220;no&#8220; woodmart_css_id=&#8220;6125f30edad72&#8243; responsive_spacing=&#8220;eyJwYXJhbV90eXBlIjoid29vZG1hcnRfcmVzcG9uc2l2ZV9zcGFjaW5nIiwic2VsZWN0b3JfaWQiOiI2MTI1ZjMwZWRhZDcyIiwic2hvcnRjb2RlIjoidmNfY29sdW1uIiwiZGF0YSI6eyJ0YWJsZXQiOnt9LCJtb2JpbGUiOnt9fX0=&#8220;]\t\t<div id=\"wd-686910727aba3\" class=\"wd-image wd-wpb wd-rs-686910727aba3 text-left vc_custom_1751715984512\">\n\t\t\t\n\t\t\t<img loading=\"lazy\" decoding=\"async\" width=\"627\" height=\"649\" src=\"https:\/\/linguaessence.com\/wp-content\/uploads\/2025\/07\/about_me.webp\" class=\"attachment-full size-full\" alt=\"about me\" srcset=\"https:\/\/linguaessence.com\/wp-content\/uploads\/2025\/07\/about_me.webp 627w, https:\/\/linguaessence.com\/wp-content\/uploads\/2025\/07\/about_me-290x300.webp 290w, https:\/\/linguaessence.com\/wp-content\/uploads\/2025\/07\/about_me-430x445.webp 430w, https:\/\/linguaessence.com\/wp-content\/uploads\/2025\/07\/about_me-150x155.webp 150w\" sizes=\"auto, (max-width: 627px) 100vw, 627px\" \/>\n\t\t\t\t\t<\/div>\n\t\t[\/vc_column][vc_column css=&#8220;.vc_custom_1629877027060{margin-bottom: 40px !important;padding-top: 40px !important;}&#8220; mobile_bg_img_hidden=&#8220;no&#8220; tablet_bg_img_hidden=&#8220;no&#8220; woodmart_parallax=&#8220;0&#8243; woodmart_sticky_column=&#8220;false&#8220; parallax_scroll=&#8220;no&#8220; mobile_reset_margin=&#8220;no&#8220; tablet_reset_margin=&#8220;no&#8220; offset=&#8220;vc_col-lg-offset-1 vc_col-lg-5 vc_col-md-6 vc_col-xs-12&#8243; wd_z_index=&#8220;no&#8220; woodmart_css_id=&#8220;6125f320eb687&#8243; responsive_spacing=&#8220;eyJwYXJhbV90eXBlIjoid29vZG1hcnRfcmVzcG9uc2l2ZV9zcGFjaW5nIiwic2VsZWN0b3JfaWQiOiI2MTI1ZjMyMGViNjg3Iiwic2hvcnRjb2RlIjoidmNfY29sdW1uIiwiZGF0YSI6eyJ0YWJsZXQiOnt9LCJtb2JpbGUiOnsicGFkZGluZy10b3AiOiIwIn19fQ==&#8220;]\n\t\t<div id=\"wd-686c0d35df199\" class=\"title-wrapper wd-wpb wd-set-mb reset-last-child  wd-rs-686c0d35df199 wd-title-color-primary wd-title-style-default text-left vc_custom_1751911794910 wd-underline-colored\">\n\t\t\t\t\t\t\t\n\t\t\t\t<div class=\"title-subtitle  subtitle-color-primary font-default subtitle-style-default wd-font-weight-600 wd-fontsize-xs\">Warum Lingua Essence?<\/div>\n\t\t\t\n\t\t\t<div class=\"liner-continer\">\n\t\t\t\t<h2 class=\"woodmart-title-container title  wd-font-weight- wd-fontsize-xxl\" >Kurz \u00fcber mich und Lingua Essence:<\/h2>\n\t\t\t\t\t\t\t<\/div>\n\t\t\t\n\t\t\t\n\t\t\t\n\t\t<\/div>\n\t\t\n\t\t\t\t<div id=\"wd-686c0d747f4f3\" class=\"wd-text-block wd-wpb reset-last-child wd-rs-686c0d747f4f3 text-left wd-fontsize-custom vc_custom_1751912153311\">\n\t\t\t<ul>\n<li>Nach vielen Jahren Erfahrung in einem<strong> globalen Team<\/strong> habe ich beschlossen, mein eigenes Sprachbuch in Zusammenarbeit mit <strong>Muttersprachlern zu schreiben<\/strong>. Jetzt freue ich mich, es mit denen zu teilen, die daran interessiert sind und davon profitieren werden.<\/li>\n<li>Lingua Essence Projekt bietet dir B\u00fccher in verschiedenen Sprachen an, damit du ein h\u00f6heres Sprachniveau in deinen gew\u00e4hlten Sprachen erreichen kannst.<\/li>\n<\/ul>\n<p>Jeder Autor bietet seine individuelle Erfahrung an; Ich werde dir<strong> meine eigene Essenz <\/strong>zeigen, die in einer Reihe von B\u00fcchern aufbereitet ist und die du sofort in deiner Rede anwenden kannst.<\/p>\n<p>M\u00f6chtest du die Herausforderung annehmen und verschiedene Sprachen sprechen?<\/p>\n\t\t<\/div>\n\t\t[vc_separator color=&#8220;custom&#8220; css=&#8220;.vc_custom_1615616514122{margin-bottom: 20px !important;padding-top: 10px !important;}&#8220; accent_color=&#8220;rgba(10,10,10,0.12)&#8220;][vc_row_inner content_placement=&#8220;middle&#8220; row_reverse_mobile=&#8220;0&#8243; row_reverse_tablet=&#8220;0&#8243;][vc_column_inner width=&#8220;1\/2&#8243; css=&#8220;.vc_custom_1617632364304{padding-top: 0px !important;}&#8220;]<div id=\"wd-686c1de9a808e\" class=\" wd-rs-686c1de9a808e vc_custom_1751916015988 wd-button-wrapper text-left\"><a href=\"https:\/\/linguaessence.com\/de\/shop\/\" title=\"\" target=\"_blank\" shop=\"\" style=\"--btn-color:#fff;--btn-color-hover:#fff;\" class=\"btn btn-style-default btn-shape-round btn-size-default btn-full-width btn-icon-pos-left\">SHOP<span class=\"wd-btn-icon\"><span class=\"wd-icon fas fa-angle-double-right\"><\/span><\/span><\/a><\/div>[\/vc_column_inner][vc_column_inner width=&#8220;1\/2&#8243; css=&#8220;.vc_custom_1629877310132{padding-top: 0px !important;}&#8220; offset=&#8220;vc_hidden-sm vc_hidden-xs&#8220; wd_z_index=&#8220;no&#8220; woodmart_css_id=&#8220;6125f438bf39a&#8220; responsive_spacing=&#8220;eyJwYXJhbV90eXBlIjoid29vZG1hcnRfcmVzcG9uc2l2ZV9zcGFjaW5nIiwic2VsZWN0b3JfaWQiOiI2MTI1ZjQzOGJmMzlhIiwic2hvcnRjb2RlIjoidmNfY29sdW1uX2lubmVyIiwiZGF0YSI6eyJ0YWJsZXQiOnt9LCJtb2JpbGUiOnt9fX0=&#8220;]\t\t\t<div\n\t\t\t\t\t\tclass=\" wd-social-icons  wd-style-colored-alt wd-size-small social-share wd-shape-circle color-scheme-dark text-right\">\n\t\t\t\t\n\t\t\t\t\n\t\t\t\t\t\t\t\t\t<a rel=\"noopener noreferrer nofollow\" href=\"https:\/\/www.facebook.com\/sharer\/sharer.php?u=https:\/\/linguaessence.com\/de\/ueber-mich\/\" target=\"_blank\" class=\" wd-social-icon social-facebook\" aria-label=\"Facebook social link\">\n\t\t\t\t\t\t<span class=\"wd-icon\"><\/span>\n\t\t\t\t\t\t\t\t\t\t\t<\/a>\n\t\t\t\t\n\t\t\t\t\n\t\t\t\t\n\t\t\t\t\n\t\t\t\t\n\t\t\t\t\n\t\t\t\t\n\t\t\t\t\n\t\t\t\t\n\t\t\t\t\n\t\t\t\t\n\t\t\t\t\n\t\t\t\t\n\t\t\t\t\n\t\t\t\t\n\t\t\t\t\n\t\t\t\t\n\t\t\t\t\n\t\t\t\t\n\t\t\t\t\n\t\t\t\t\n\t\t\t\t\n\t\t\t\t\n\t\t\t\t\n\t\t\t\t\n\t\t\t\t\n\t\t\t<\/div>\n\n\t\t[\/vc_column_inner][\/vc_row_inner][\/vc_column][\/vc_row][vc_row full_width=&#8220;stretch_row&#8220; equal_height=&#8220;yes&#8220; content_placement=&#8220;middle&#8220; woodmart_bg_position=&#8220;right-center&#8220; woodmart_gradient_switch=&#8220;yes&#8220; css=&#8220;.vc_custom_1628495408211{margin-bottom: 90px !important;background-position: center !important;background-repeat: no-repeat !important;background-size: contain !important;}&#8220; woodmart_color_gradient=&#8220;rgb(248, 245, 240)-74\/rgb(255, 255, 255)-74\/|linear-gradient(left , rgb(248, 245, 240) 74% , rgb(255, 255, 255) 74%)|linear|left&#8220; woodmart_css_id=&#8220;6110de2d5c14c&#8220; responsive_spacing=&#8220;eyJwYXJhbV90eXBlIjoid29vZG1hcnRfcmVzcG9uc2l2ZV9zcGFjaW5nIiwic2VsZWN0b3JfaWQiOiI2MTEwZGUyZDVjMTRjIiwic2hvcnRjb2RlIjoidmNfcm93IiwiZGF0YSI6eyJ0YWJsZXQiOnt9LCJtb2JpbGUiOnsibWFyZ2luLWJvdHRvbSI6IjcwIn19fQ==&#8220; mobile_bg_img_hidden=&#8220;no&#8220; tablet_bg_img_hidden=&#8220;no&#8220; woodmart_parallax=&#8220;0&#8243; row_reverse_mobile=&#8220;0&#8243; row_reverse_tablet=&#8220;0&#8243; woodmart_disable_overflow=&#8220;0&#8243;][vc_column offset=&#8220;vc_col-lg-5 vc_col-md-6&#8243; css=&#8220;.vc_custom_1628495372303{padding-top: 80px !important;padding-bottom: 60px !important;}&#8220; woodmart_css_id=&#8220;6110de074002e&#8220; responsive_spacing=&#8220;eyJwYXJhbV90eXBlIjoid29vZG1hcnRfcmVzcG9uc2l2ZV9zcGFjaW5nIiwic2VsZWN0b3JfaWQiOiI2MTEwZGUwNzQwMDJlIiwic2hvcnRjb2RlIjoidmNfY29sdW1uIiwiZGF0YSI6eyJ0YWJsZXQiOnt9LCJtb2JpbGUiOnsicGFkZGluZy10b3AiOiI2MCJ9fX0=&#8220; parallax_scroll=&#8220;no&#8220; mobile_bg_img_hidden=&#8220;no&#8220; tablet_bg_img_hidden=&#8220;no&#8220; woodmart_parallax=&#8220;0&#8243; woodmart_sticky_column=&#8220;false&#8220; mobile_reset_margin=&#8220;no&#8220; tablet_reset_margin=&#8220;no&#8220;]\n\t\t<div id=\"wd-686c104464661\" class=\"title-wrapper wd-wpb wd-set-mb reset-last-child  wd-rs-686c104464661 wd-title-color-primary wd-title-style-default text-left vc_custom_1751912521781 wd-underline-colored\">\n\t\t\t\n\t\t\t<div class=\"liner-continer\">\n\t\t\t\t<h2 class=\"woodmart-title-container title  wd-font-weight- wd-fontsize-xxl\" >Business Meetings Language \u2013 B\u00fccher f\u00fcr Fachleute<\/h2>\n\t\t\t\t\t\t\t<\/div>\n\t\t\t\n\t\t\t\n\t\t\t\n\t\t<\/div>\n\t\t\n\t\t\t\t<div id=\"wd-686c10218ebc0\" class=\"wd-text-block wd-wpb reset-last-child wd-rs-686c10218ebc0 text-left wd-fontsize-custom \">\n\t\t\t<ul>\n<li><strong>Viele Jahre Erfahrung<\/strong> in Gesch\u00e4ft und Sprachen an einem Ort zusammengefasst!<\/li>\n<li>Lingua Essence &#8211; Wortschatz <strong>im Kontext<\/strong>, Hunderte von <strong>Synonymen<\/strong> und <strong>gesch\u00e4ftliche Redewendungen<\/strong>, Visualisierungen &#8211; Assoziationen, erstelle leicht deinen eigenen Kontext, indem du den im eBook vorgeschlagenen Phrasen folgst.<\/li>\n<\/ul>\n\t\t<\/div>\n\t\t[\/vc_column][vc_column woodmart_bg_position=&#8220;right-center&#8220; offset=&#8220;vc_col-lg-7 vc_col-md-6 vc_hidden-sm vc_hidden-xs&#8220; css=&#8220;.vc_custom_1521449342079{padding-top: 0px !important;}&#8220;][vc_single_image image=&#8220;10444&#8243; img_size=&#8220;full&#8220; css=&#8220;&#8220; parallax_scroll=&#8220;no&#8220; woodmart_inline=&#8220;no&#8220;][\/vc_column][\/vc_row][vc_row equal_height=&#8220;yes&#8220; content_placement=&#8220;middle&#8220; mobile_bg_img_hidden=&#8220;no&#8220; tablet_bg_img_hidden=&#8220;no&#8220; woodmart_parallax=&#8220;0&#8243; woodmart_gradient_switch=&#8220;no&#8220; row_reverse_mobile=&#8220;0&#8243; row_reverse_tablet=&#8220;0&#8243; woodmart_disable_overflow=&#8220;0&#8243; css=&#8220;.vc_custom_1708082402107{margin-bottom: 60px !important;}&#8220; woodmart_css_id=&#8220;65cf44d0ad289&#8243; responsive_spacing=&#8220;eyJwYXJhbV90eXBlIjoid29vZG1hcnRfcmVzcG9uc2l2ZV9zcGFjaW5nIiwic2VsZWN0b3JfaWQiOiI2NWNmNDRkMGFkMjg5Iiwic2hvcnRjb2RlIjoidmNfcm93IiwiZGF0YSI6eyJ0YWJsZXQiOnsibWFyZ2luLWJvdHRvbSI6IjIwcHgifSwibW9iaWxlIjp7Im1hcmdpbi1ib3R0b20iOiIwcHgifX19&#8243; woodmart_box_shadow=&#8220;no&#8220; wd_z_index=&#8220;no&#8220;][vc_column width=&#8220;1\/2&#8243; offset=&#8220;vc_col-lg-4 vc_col-md-4&#8243; mobile_bg_img_hidden=&#8220;no&#8220; tablet_bg_img_hidden=&#8220;no&#8220; woodmart_parallax=&#8220;0&#8243; woodmart_sticky_column=&#8220;false&#8220; parallax_scroll=&#8220;no&#8220; mobile_reset_margin=&#8220;no&#8220; tablet_reset_margin=&#8220;no&#8220; css=&#8220;.vc_custom_1678105341712{padding-top: 0px !important;}&#8220; woodmart_css_id=&#8220;6405daf6b006e&#8220; wd_collapsible_content_switcher=&#8220;no&#8220; wd_column_role_offcanvas_desktop=&#8220;no&#8220; wd_column_role_offcanvas_tablet=&#8220;no&#8220; wd_column_role_offcanvas_mobile=&#8220;no&#8220; wd_column_role_content_desktop=&#8220;no&#8220; wd_column_role_content_tablet=&#8220;no&#8220; wd_column_role_content_mobile=&#8220;no&#8220; woodmart_box_shadow=&#8220;no&#8220; responsive_spacing=&#8220;eyJwYXJhbV90eXBlIjoid29vZG1hcnRfcmVzcG9uc2l2ZV9zcGFjaW5nIiwic2VsZWN0b3JfaWQiOiI2NDA1ZGFmNmIwMDZlIiwic2hvcnRjb2RlIjoidmNfY29sdW1uIiwiZGF0YSI6eyJ0YWJsZXQiOnsibWFyZ2luLWJvdHRvbSI6IjQwIn0sIm1vYmlsZSI6eyJtYXJnaW4tYm90dG9tIjoiMzAifX19&#8243; wd_z_index=&#8220;no&#8220;]\t\t\t<div class=\"info-box-wrapper\">\n\t\t\t\t<div id=\"wd-686c13a695ee2\" class=\" wd-rs-686c13a695ee2 wd-info-box wd-wpb text-left box-icon-align-left box-style- color-scheme- wd-bg-none wd-items-top \">\n\t\t\t\t\t\t\t\t\t\t<div class=\"info-box-content\">\n\t\t\t\t\t\t<h3 class=\"info-box-title title box-title-style-default wd-fontsize-xxl\">The whole eBook is divided into three parts:<\/h3>\t\t\t\t\t\t<div class=\"info-box-inner reset-last-child\"><\/div>\n\n\t\t\t\t\t\t\t\t\t\t\t<\/div>\n\n\t\t\t\t\t\n\t\t\t\t\t\t\t\t\t<\/div>\n\t\t\t<\/div>\n\t\t[\/vc_column][vc_column offset=&#8220;vc_col-lg-7 vc_col-md-7 vc_col-xs-12&#8243; mobile_bg_img_hidden=&#8220;no&#8220; tablet_bg_img_hidden=&#8220;no&#8220; woodmart_parallax=&#8220;0&#8243; woodmart_sticky_column=&#8220;false&#8220; parallax_scroll=&#8220;no&#8220; mobile_reset_margin=&#8220;no&#8220; tablet_reset_margin=&#8220;no&#8220; css=&#8220;.vc_custom_1678105302115{margin-left: 10% !important;border-left-width: 1px !important;padding-top: 0px !important;padding-left: 10% !important;border-left-color: rgba(0,0,0,0.11) !important;border-left-style: solid !important;}&#8220; woodmart_css_id=&#8220;6405dac62e67e&#8220; wd_collapsible_content_switcher=&#8220;no&#8220; wd_column_role_offcanvas_desktop=&#8220;no&#8220; wd_column_role_offcanvas_tablet=&#8220;no&#8220; wd_column_role_offcanvas_mobile=&#8220;no&#8220; wd_column_role_content_desktop=&#8220;no&#8220; wd_column_role_content_tablet=&#8220;no&#8220; wd_column_role_content_mobile=&#8220;no&#8220; woodmart_box_shadow=&#8220;no&#8220; responsive_spacing=&#8220;eyJwYXJhbV90eXBlIjoid29vZG1hcnRfcmVzcG9uc2l2ZV9zcGFjaW5nIiwic2VsZWN0b3JfaWQiOiI2NDA1ZGFjNjJlNjdlIiwic2hvcnRjb2RlIjoidmNfY29sdW1uIiwiZGF0YSI6eyJ0YWJsZXQiOnsibWFyZ2luLWxlZnQiOiIwIiwiYm9yZGVyLWxlZnQtd2lkdGgiOiIwcHgiLCJwYWRkaW5nLWxlZnQiOiIxNSJ9LCJtb2JpbGUiOnt9fX0=&#8220; wd_z_index=&#8220;no&#8220;]\n\t\t<div id=\"wd-686c1051c722a\" class=\"title-wrapper wd-wpb wd-set-mb reset-last-child  wd-rs-686c1051c722a wd-title-color-primary wd-title-style-default text-left  wd-title-empty wd-underline-colored\">\n\t\t\t\n\t\t\t<div class=\"liner-continer\">\n\t\t\t\t<h4 class=\"woodmart-title-container title  wd-font-weight- wd-fontsize-l\" ><\/h4>\n\t\t\t\t\t\t\t<\/div>\n\t\t\t\n\t\t\t\t\t\t\t<div class=\"title-after_title reset-last-child  wd-fontsize-xs\"><u>PART 1.<\/u> Breaking the ice \/ One-on-one \/ Team interactions \/ Tricky situations.<\/p>\n<p><u>PART 2.<\/u> Meeting Structure \/ Agenda \/ Updates \/ Problem Solving.<\/p>\n<p><u>PART 3.<\/u> Express yourself \/ Opinions \/ Feedback \/ Decision making.<\/div>\n\t\t\t\n\t\t\t\n\t\t<\/div>\n\t\t\n\t\t[\/vc_column][\/vc_row][vc_row woodmart_stretch_content=&#8220;section-stretch-content-no-pd&#8220; woodmart_css_id=&#8220;65cf460363a99&#8243; responsive_spacing=&#8220;eyJwYXJhbV90eXBlIjoid29vZG1hcnRfcmVzcG9uc2l2ZV9zcGFjaW5nIiwic2VsZWN0b3JfaWQiOiI2NWNmNDYwMzYzYTk5Iiwic2hvcnRjb2RlIjoidmNfcm93IiwiZGF0YSI6eyJ0YWJsZXQiOnt9LCJtb2JpbGUiOnt9fX0=&#8220; mobile_bg_img_hidden=&#8220;no&#8220; tablet_bg_img_hidden=&#8220;no&#8220; woodmart_parallax=&#8220;0&#8243; woodmart_gradient_switch=&#8220;no&#8220; woodmart_box_shadow=&#8220;no&#8220; wd_z_index=&#8220;no&#8220; woodmart_disable_overflow=&#8220;0&#8243; row_reverse_mobile=&#8220;0&#8243; row_reverse_tablet=&#8220;0&#8243;][vc_column css=&#8220;.vc_custom_1708083000339{background-color: #7f2236 !important;}&#8220; woodmart_css_id=&#8220;65cf46ee913ac&#8220; parallax_scroll=&#8220;no&#8220; woodmart_sticky_column=&#8220;false&#8220; wd_collapsible_content_switcher=&#8220;no&#8220; wd_column_role_offcanvas_desktop=&#8220;no&#8220; wd_column_role_offcanvas_tablet=&#8220;no&#8220; wd_column_role_offcanvas_mobile=&#8220;no&#8220; wd_column_role_content_desktop=&#8220;no&#8220; wd_column_role_content_tablet=&#8220;no&#8220; wd_column_role_content_mobile=&#8220;no&#8220; mobile_bg_img_hidden=&#8220;no&#8220; tablet_bg_img_hidden=&#8220;no&#8220; woodmart_parallax=&#8220;0&#8243; woodmart_box_shadow=&#8220;no&#8220; responsive_spacing=&#8220;eyJwYXJhbV90eXBlIjoid29vZG1hcnRfcmVzcG9uc2l2ZV9zcGFjaW5nIiwic2VsZWN0b3JfaWQiOiI2NWNmNDZlZTkxM2FjIiwic2hvcnRjb2RlIjoidmNfY29sdW1uIiwiZGF0YSI6eyJ0YWJsZXQiOnt9LCJtb2JpbGUiOnt9fX0=&#8220; mobile_reset_margin=&#8220;no&#8220; tablet_reset_margin=&#8220;no&#8220; wd_z_index=&#8220;no&#8220;]\t\t\t<div class=\"info-box-wrapper\">\n\t\t\t\t<div id=\"wd-686c10a608dd9\" class=\" wd-rs-686c10a608dd9 wd-info-box wd-wpb text-center box-icon-align-left box-style- color-scheme- wd-bg-none wd-items-top \">\n\t\t\t\t\t\t\t\t\t\t<div class=\"info-box-content\">\n\t\t\t\t\t\t<h4 class=\"info-box-title title box-title-style-underlined wd-fontsize-xxl\">M\u00f6chtest du die Herausforderung annehmen und verschiedene Sprachen sprechen?<\/h4>\t\t\t\t\t\t<div class=\"info-box-inner reset-last-child\"><\/p>\n<h3><span style=\"color: white;\">Deutsch &#8211; Spanisch &#8211; Italienisch &#8211; Franz\u00f6sisch \u2013 bald.<\/span><\/h3>\n<p>\n<\/div>\n\n\t\t\t\t\t\t\t\t\t\t\t<\/div>\n\n\t\t\t\t\t\n\t\t\t\t\t<style><\/style>\t\t\t\t<\/div>\n\t\t\t<\/div>\n\t\t[\/vc_column][\/vc_row]<\/p>\n<\/div>","protected":false},"excerpt":{"rendered":"<p>[vc_row css=&#8220;.vc_custom_1629877038080{margin-bottom: 40px !important;}&#8220; mobile_bg_img_hidden=&#8220;no&#8220; tablet_bg_img_hidden=&#8220;no&#8220; woodmart_parallax=&#8220;0&#8243; woodmart_gradient_switch=&#8220;no&#8220; row_reverse_mobile=&#8220;1&#8243; row_reverse_tablet=&#8220;1&#8243; woodmart_disable_overflow=&#8220;0&#8243; wd_z_index=&#8220;no&#8220; woodmart_css_id=&#8220;6125f32826e3d&#8220; responsive_spacing=&#8220;eyJwYXJhbV90eXBlIjoid29vZG1hcnRfcmVzcG9uc2l2ZV9zcGFjaW5nIiwic2VsZWN0b3JfaWQiOiI2MTI1ZjMyODI2ZTNkIiwic2hvcnRjb2RlIjoidmNfcm93IiwiZGF0YSI6eyJ0YWJsZXQiOnt9LCJtb2JpbGUiOnsibWFyZ2luLWJvdHRvbSI6IjIwIn19fQ==&#8220;][vc_column css=&#8220;.vc_custom_1629877010833{margin-bottom: 40px !important;padding-top: 0px !important;}&#8220; mobile_bg_img_hidden=&#8220;no&#8220;<\/p>\n","protected":false},"author":17,"featured_media":0,"parent":0,"menu_order":0,"comment_status":"closed","ping_status":"closed","template":"","meta":{"footnotes":""},"class_list":["post-10400","page","type-page","status-publish","hentry"],"yoast_head":"<!-- This site is optimized with the Yoast SEO plugin v27.4 - https:\/\/yoast.com\/product\/yoast-seo-wordpress\/ -->\n<title>\u00dcber mich<\/title>\n<meta name=\"description\" content=\"Nach vielen Jahren Erfahrung in einem globalen Team habe ich beschlossen, mein eigenes Sprachbuch in Zusammenarbeit mit Muttersprachlern zu schreiben.\" \/>\n<meta name=\"robots\" content=\"index, follow, max-snippet:-1, max-image-preview:large, max-video-preview:-1\" \/>\n<link rel=\"canonical\" href=\"https:\/\/linguaessence.com\/de\/ueber-mich\/\" \/>\n<meta property=\"og:locale\" content=\"de_DE\" \/>\n<meta property=\"og:type\" content=\"article\" \/>\n<meta property=\"og:title\" content=\"\u00dcber mich\" \/>\n<meta property=\"og:description\" content=\"Nach vielen Jahren Erfahrung in einem globalen Team habe ich beschlossen, mein eigenes Sprachbuch in Zusammenarbeit mit Muttersprachlern zu schreiben.\" \/>\n<meta property=\"og:url\" content=\"https:\/\/linguaessence.com\/de\/ueber-mich\/\" \/>\n<meta property=\"og:site_name\" content=\"linguaessence\" \/>\n<meta property=\"article:modified_time\" content=\"2025-07-09T17:09:12+00:00\" \/>\n<meta name=\"twitter:card\" content=\"summary_large_image\" \/>\n<meta name=\"twitter:label1\" content=\"Gesch\u00e4tzte Lesezeit\" \/>\n\t<meta name=\"twitter:data1\" content=\"4\u00a0Minuten\" \/>\n<script type=\"application\/ld+json\" class=\"yoast-schema-graph\">{\"@context\":\"https:\\\/\\\/schema.org\",\"@graph\":[{\"@type\":\"WebPage\",\"@id\":\"https:\\\/\\\/linguaessence.com\\\/de\\\/ueber-mich\\\/\",\"url\":\"https:\\\/\\\/linguaessence.com\\\/de\\\/ueber-mich\\\/\",\"name\":\"\u00dcber mich\",\"isPartOf\":{\"@id\":\"https:\\\/\\\/linguaessence.com\\\/#website\"},\"datePublished\":\"2021-08-25T05:26:28+00:00\",\"dateModified\":\"2025-07-09T17:09:12+00:00\",\"description\":\"Nach vielen Jahren Erfahrung in einem globalen Team habe ich beschlossen, mein eigenes Sprachbuch in Zusammenarbeit mit Muttersprachlern zu schreiben.\",\"breadcrumb\":{\"@id\":\"https:\\\/\\\/linguaessence.com\\\/de\\\/ueber-mich\\\/#breadcrumb\"},\"inLanguage\":\"de\",\"potentialAction\":[{\"@type\":\"ReadAction\",\"target\":[\"https:\\\/\\\/linguaessence.com\\\/de\\\/ueber-mich\\\/\"]}]},{\"@type\":\"BreadcrumbList\",\"@id\":\"https:\\\/\\\/linguaessence.com\\\/de\\\/ueber-mich\\\/#breadcrumb\",\"itemListElement\":[{\"@type\":\"ListItem\",\"position\":1,\"name\":\"Startseite\",\"item\":\"https:\\\/\\\/linguaessence.com\\\/de\\\/\"},{\"@type\":\"ListItem\",\"position\":2,\"name\":\"\u00dcber mich\"}]},{\"@type\":\"WebSite\",\"@id\":\"https:\\\/\\\/linguaessence.com\\\/#website\",\"url\":\"https:\\\/\\\/linguaessence.com\\\/\",\"name\":\"linguaessence\",\"description\":\"\",\"potentialAction\":[{\"@type\":\"SearchAction\",\"target\":{\"@type\":\"EntryPoint\",\"urlTemplate\":\"https:\\\/\\\/linguaessence.com\\\/?s={search_term_string}\"},\"query-input\":{\"@type\":\"PropertyValueSpecification\",\"valueRequired\":true,\"valueName\":\"search_term_string\"}}],\"inLanguage\":\"de\"}]}<\/script>\n<!-- \/ Yoast SEO plugin. -->","yoast_head_json":{"title":"\u00dcber mich","description":"Nach vielen Jahren Erfahrung in einem globalen Team habe ich beschlossen, mein eigenes Sprachbuch in Zusammenarbeit mit Muttersprachlern zu schreiben.","robots":{"index":"index","follow":"follow","max-snippet":"max-snippet:-1","max-image-preview":"max-image-preview:large","max-video-preview":"max-video-preview:-1"},"canonical":"https:\/\/linguaessence.com\/de\/ueber-mich\/","og_locale":"de_DE","og_type":"article","og_title":"\u00dcber mich","og_description":"Nach vielen Jahren Erfahrung in einem globalen Team habe ich beschlossen, mein eigenes Sprachbuch in Zusammenarbeit mit Muttersprachlern zu schreiben.","og_url":"https:\/\/linguaessence.com\/de\/ueber-mich\/","og_site_name":"linguaessence","article_modified_time":"2025-07-09T17:09:12+00:00","twitter_card":"summary_large_image","twitter_misc":{"Gesch\u00e4tzte Lesezeit":"4\u00a0Minuten"},"schema":{"@context":"https:\/\/schema.org","@graph":[{"@type":"WebPage","@id":"https:\/\/linguaessence.com\/de\/ueber-mich\/","url":"https:\/\/linguaessence.com\/de\/ueber-mich\/","name":"\u00dcber mich","isPartOf":{"@id":"https:\/\/linguaessence.com\/#website"},"datePublished":"2021-08-25T05:26:28+00:00","dateModified":"2025-07-09T17:09:12+00:00","description":"Nach vielen Jahren Erfahrung in einem globalen Team habe ich beschlossen, mein eigenes Sprachbuch in Zusammenarbeit mit Muttersprachlern zu schreiben.","breadcrumb":{"@id":"https:\/\/linguaessence.com\/de\/ueber-mich\/#breadcrumb"},"inLanguage":"de","potentialAction":[{"@type":"ReadAction","target":["https:\/\/linguaessence.com\/de\/ueber-mich\/"]}]},{"@type":"BreadcrumbList","@id":"https:\/\/linguaessence.com\/de\/ueber-mich\/#breadcrumb","itemListElement":[{"@type":"ListItem","position":1,"name":"Startseite","item":"https:\/\/linguaessence.com\/de\/"},{"@type":"ListItem","position":2,"name":"\u00dcber mich"}]},{"@type":"WebSite","@id":"https:\/\/linguaessence.com\/#website","url":"https:\/\/linguaessence.com\/","name":"linguaessence","description":"","potentialAction":[{"@type":"SearchAction","target":{"@type":"EntryPoint","urlTemplate":"https:\/\/linguaessence.com\/?s={search_term_string}"},"query-input":{"@type":"PropertyValueSpecification","valueRequired":true,"valueName":"search_term_string"}}],"inLanguage":"de"}]}},"_links":{"self":[{"href":"https:\/\/linguaessence.com\/de\/wp-json\/wp\/v2\/pages\/10400","targetHints":{"allow":["GET"]}}],"collection":[{"href":"https:\/\/linguaessence.com\/de\/wp-json\/wp\/v2\/pages"}],"about":[{"href":"https:\/\/linguaessence.com\/de\/wp-json\/wp\/v2\/types\/page"}],"author":[{"embeddable":true,"href":"https:\/\/linguaessence.com\/de\/wp-json\/wp\/v2\/users\/17"}],"replies":[{"embeddable":true,"href":"https:\/\/linguaessence.com\/de\/wp-json\/wp\/v2\/comments?post=10400"}],"version-history":[{"count":11,"href":"https:\/\/linguaessence.com\/de\/wp-json\/wp\/v2\/pages\/10400\/revisions"}],"predecessor-version":[{"id":10447,"href":"https:\/\/linguaessence.com\/de\/wp-json\/wp\/v2\/pages\/10400\/revisions\/10447"}],"wp:attachment":[{"href":"https:\/\/linguaessence.com\/de\/wp-json\/wp\/v2\/media?parent=10400"}],"curies":[{"name":"wp","href":"https:\/\/api.w.org\/{rel}","templated":true}]}}